{"id":240416,"date":"2025-03-20T16:35:30","date_gmt":"2025-03-20T16:35:30","guid":{"rendered":"https:\/\/aromasentia.com\/product\/crystal-elemental-soap-air\/"},"modified":"2025-06-23T19:12:04","modified_gmt":"2025-06-23T19:12:04","slug":"savon-elementaire-cristal-air","status":"publish","type":"product","link":"https:\/\/aromasentia.com\/fr\/savon-elementaire-cristal-air\/","title":{"rendered":"Savon \u00c9l\u00e9mentaire Cristal &#8211; Air"},"content":{"rendered":"<p>Soyez parmi les premiers \u00e0 profiter de ce nouveau produit passionnant ! Cliquez sur l&rsquo;ic\u00f4ne d&rsquo;enveloppe pour \u00eatre averti directement lorsqu&rsquo;il sera disponible&nbsp;<\/p>\n<p>Rafra\u00eechissez-vous avec le <strong><span style=\"color: rgb(0, 0, 0);\">Savon \u00e9l\u00e9mentaire cristal en gros l\u00e9ger et a\u00e9r\u00e9 &#8211; Air&nbsp;<\/span><\/strong>!&nbsp;<\/p>\n<p>Ce savon luxueux fabriqu\u00e9 \u00e0 la main capture l\u2019essence de l\u2019air avec son parfum l\u00e9ger et rafra\u00eechissant et sa mousse a\u00e9rienne. Chaque savon magnifiquement sculpt\u00e9 en forme de pierre est livr\u00e9 dans une bo\u00eete d\u00e9corative, ce qui en fait un cadeau parfait ou un essentiel de soins personnels pour vos clients.&nbsp;<\/p>\n<p>Suscitez l\u2019int\u00e9r\u00eat des clients avec une pierre pr\u00e9cieuse surprise \u00e0 base d\u2019air dans chaque savon ! Chaque savon contient l&rsquo;un des trois cristaux puissants : <strong>am\u00e9thyste<\/strong> apaisante, <strong>aventurine blanche<\/strong> positive ou <strong>quartz clair<\/strong> pour l&rsquo;amplification.&nbsp;<\/p>\n<p>Fabriqu\u00e9 avec des ingr\u00e9dients nourrissants, ce savon nettoie sans \u00e9liminer l&rsquo;humidit\u00e9 naturelle, laissant la peau douce et apais\u00e9e. Le m\u00e9lange de parfums captivant distingue le Savon \u00e9l\u00e9mentaire Cristallin &#8211; Air<\/p>\n<p>Des notes rafra\u00eechissantes cr\u00e9ent une exp\u00e9rience a\u00e9r\u00e9e et semblable \u00e0 un spa.&nbsp;<\/p>\n<p><strong>Notes de t\u00eate :&nbsp;<\/strong>Noix de coco, Framboise, Poire&nbsp;<\/p>\n<p><strong>Notes de c\u0153ur :<\/strong> Rose, Jasmin, Lys&nbsp;<\/p>\n<p><strong>Notes de fond :<\/strong> Macaron, Sucre, Ambre, Musc, Bois de Santal&nbsp;<\/p>\n<p>Chaque savon p\u00e8se environ 113 grammes Pourquoi choisir le Savon \u00e9l\u00e9mentaire Cristallin &#8211; Air pour votre magasin ?&nbsp;<\/p>\n<p><strong>March\u00e9 de niche tendance :<\/strong> les savons infus\u00e9s de cristaux sont une tendance en vogue, combinant l&rsquo;attrait des cristaux naturels avec les avantages des produits de bain luxueux.&nbsp;<\/p>\n<p><strong>Emballage visuellement attrayant :&nbsp;<\/strong>la bo\u00eete d\u00e9corative et le savon en forme de pierre cr\u00e9ent un superbe pr\u00e9sentoir qui attirera certainement l&rsquo;attention sur vos \u00e9tag\u00e8res.&nbsp;<\/p>\n<p><strong>Avantages multiples :&nbsp;<\/strong>Ce savon offre une th\u00e9rapie parfum\u00e9e, des pierres pr\u00e9cieuses naturelles et une exp\u00e9rience de nettoyage luxueuse, attirant un public plus large.&nbsp;<\/p>\n<p><strong><span style=\"color: rgb(141, 186, 216);\">Commandez le savon Crystal Elemental &#8211; Air d\u00e8s aujourd&rsquo;hui et regardez vos clients s&rsquo;envoler avec satisfaction !<\/span><\/strong><\/p>\n","protected":false},"excerpt":{"rendered":"<p>Soyez parmi les premiers \u00e0 profiter de ce nouveau produit passionnant ! Cliquez sur l&rsquo;ic\u00f4ne d&rsquo;enveloppe pour \u00eatre averti directement lorsqu&rsquo;il sera disponible&nbsp; Rafra\u00eechissez-vous avec le Savon \u00e9l\u00e9mentaire cristal en gros l\u00e9ger et a\u00e9r\u00e9 &#8211; Air&nbsp;!&nbsp; Ce savon luxueux fabriqu\u00e9 \u00e0 la main capture l\u2019essence de l\u2019air avec son parfum l\u00e9ger et rafra\u00eechissant et sa [&hellip;]<\/p>\n","protected":false},"featured_media":280778,"comment_status":"closed","ping_status":"open","template":"","meta":{"_angie_page":false},"product_brand":[],"product_cat":[19443,20586],"product_tag":[],"class_list":{"0":"post-240416","1":"product","2":"type-product","3":"status-publish","4":"has-post-thumbnail","6":"product_cat-bain-et-corps","7":"product_cat-savons-bio-naturels","8":"pa_collection-crystal-element-soaps-fr","9":"pa_made-in-royaume-uni","11":"first","12":"instock","13":"purchasable","14":"product-type-simple"},"supplier_id":null,"supplier_sku":"CSoap-04","barcode":null,"atum_controlled":true,"out_stock_date":null,"out_stock_threshold":null,"inheritable":false,"inbound_stock":null,"stock_on_hold":0,"sold_today":0,"sales_last_days":0,"reserved_stock":null,"customer_returns":null,"warehouse_damage":null,"lost_in_post":null,"other_logs":null,"out_stock_days":0,"lost_sales":0,"has_location":null,"update_date":"2026-04-27T06:58:33","atum_locations":[],"atum_stock_status":"instock","restock_status":false,"low_stock_amount":"","sales_update_date":"2025-10-09T03:28:37","calc_backorders":null,"_links":{"self":[{"href":"https:\/\/aromasentia.com\/fr\/wp-json\/wp\/v2\/product\/240416","targetHints":{"allow":["GET"]}}],"collection":[{"href":"https:\/\/aromasentia.com\/fr\/wp-json\/wp\/v2\/product"}],"about":[{"href":"https:\/\/aromasentia.com\/fr\/wp-json\/wp\/v2\/types\/product"}],"replies":[{"embeddable":true,"href":"https:\/\/aromasentia.com\/fr\/wp-json\/wp\/v2\/comments?post=240416"}],"version-history":[{"count":0,"href":"https:\/\/aromasentia.com\/fr\/wp-json\/wp\/v2\/product\/240416\/revisions"}],"wp:featuredmedia":[{"embeddable":true,"href":"https:\/\/aromasentia.com\/fr\/wp-json\/wp\/v2\/media\/280778"}],"wp:attachment":[{"href":"https:\/\/aromasentia.com\/fr\/wp-json\/wp\/v2\/media?parent=240416"}],"wp:term":[{"taxonomy":"product_brand","embeddable":true,"href":"https:\/\/aromasentia.com\/fr\/wp-json\/wp\/v2\/product_brand?post=240416"},{"taxonomy":"product_cat","embeddable":true,"href":"https:\/\/aromasentia.com\/fr\/wp-json\/wp\/v2\/product_cat?post=240416"},{"taxonomy":"product_tag","embeddable":true,"href":"https:\/\/aromasentia.com\/fr\/wp-json\/wp\/v2\/product_tag?post=240416"}],"curies":[{"name":"wp","href":"https:\/\/api.w.org\/{rel}","templated":true}]}}