{"id":240400,"date":"2025-03-20T16:37:16","date_gmt":"2025-03-20T16:37:16","guid":{"rendered":"https:\/\/aromasentia.com\/product\/rose-rose-petals-soap-loaf\/"},"modified":"2025-06-23T19:12:01","modified_gmt":"2025-06-23T19:12:01","slug":"rose-petales-de-rose-savon","status":"publish","type":"product","link":"https:\/\/aromasentia.com\/fr\/rose-petales-de-rose-savon\/","title":{"rendered":"Rose &#038; P\u00e9tales de Rose &#8211; Savon"},"content":{"rendered":"<\/p>\n<p>Parfois, vous avez envie de vous offrir quelque chose de sp\u00e9cial, alors pourquoi ne pas apaiser votre peau avec un savon naturel fait \u00e0 la main ? <\/p>\n<p>Les roses ne sont pas seulement un bel ajout \u00e0 votre bain romantique, mais elles sont aussi d\u00e9licieusement parfum\u00e9es. Le savon \u00e0 la rose et aux p\u00e9tales de rose, fabriqu\u00e9 avec les meilleurs ingr\u00e9dients naturels, donnera l&rsquo;atmosph\u00e8re parfaite \u00e0 votre bain, et d\u00e9tendra votre corps, soulagera votre stress et laissera votre peau \u00e9clatante.<\/p>\n<p>&nbsp;Il n&rsquo;y a rien de tel qu&rsquo;un savon naturel qui sent bon pour rompre la monotonie de votre routine matinale. Nos incroyables savons artisanaux sont fabriqu\u00e9s \u00e0 partir d&rsquo;ingr\u00e9dients naturels de la plus haute qualit\u00e9, selon la m\u00e9thode \u00ab\u00a0melt and pour\u00a0\u00bb (fondre et verser). En les utilisant, vous d\u00e9couvrirez une multitude de parfums \u00e9vocateurs et de textures tactiles. Ces savons hydratants et nourrissants pour la peau offrent une magnifique mousse longue dur\u00e9e et laissent votre peau propre, douce et saine.<\/p>\n","protected":false},"excerpt":{"rendered":"<p>Parfois, vous avez envie de vous offrir quelque chose de sp\u00e9cial, alors pourquoi ne pas apaiser votre peau avec un savon naturel fait \u00e0 la main ? Les roses ne sont pas seulement un bel ajout \u00e0 votre bain romantique, mais elles sont aussi d\u00e9licieusement parfum\u00e9es. Le savon \u00e0 la rose et aux p\u00e9tales de [&hellip;]<\/p>\n","protected":false},"featured_media":281271,"comment_status":"closed","ping_status":"open","template":"","meta":{"_angie_page":false},"product_brand":[],"product_cat":[19443,26832,26369,20586,25842],"product_tag":[],"class_list":{"0":"post-240400","1":"product","2":"type-product","3":"status-publish","4":"has-post-thumbnail","6":"product_cat-bain-et-corps","7":"product_cat-floral","8":"product_cat-rose","9":"product_cat-savons-bio-naturels","10":"product_cat-senteurs-aromes","11":"pa_collection-handcrafted-wild-soap-loaves-1-3-kg-slices-100-140g-fr","12":"pa_made-in-royaume-uni","14":"first","15":"instock","16":"purchasable","17":"product-type-simple"},"supplier_id":null,"supplier_sku":"HCS-13L","barcode":null,"atum_controlled":true,"out_stock_date":null,"out_stock_threshold":null,"inheritable":false,"inbound_stock":null,"stock_on_hold":0,"sold_today":0,"sales_last_days":0,"reserved_stock":null,"customer_returns":null,"warehouse_damage":null,"lost_in_post":null,"other_logs":null,"out_stock_days":0,"lost_sales":0,"has_location":null,"update_date":"2026-01-30T01:25:19","atum_locations":[],"atum_stock_status":"instock","restock_status":false,"low_stock_amount":"","sales_update_date":"2026-01-30T01:25:19","calc_backorders":null,"_links":{"self":[{"href":"https:\/\/aromasentia.com\/fr\/wp-json\/wp\/v2\/product\/240400","targetHints":{"allow":["GET"]}}],"collection":[{"href":"https:\/\/aromasentia.com\/fr\/wp-json\/wp\/v2\/product"}],"about":[{"href":"https:\/\/aromasentia.com\/fr\/wp-json\/wp\/v2\/types\/product"}],"replies":[{"embeddable":true,"href":"https:\/\/aromasentia.com\/fr\/wp-json\/wp\/v2\/comments?post=240400"}],"version-history":[{"count":0,"href":"https:\/\/aromasentia.com\/fr\/wp-json\/wp\/v2\/product\/240400\/revisions"}],"wp:featuredmedia":[{"embeddable":true,"href":"https:\/\/aromasentia.com\/fr\/wp-json\/wp\/v2\/media\/281271"}],"wp:attachment":[{"href":"https:\/\/aromasentia.com\/fr\/wp-json\/wp\/v2\/media?parent=240400"}],"wp:term":[{"taxonomy":"product_brand","embeddable":true,"href":"https:\/\/aromasentia.com\/fr\/wp-json\/wp\/v2\/product_brand?post=240400"},{"taxonomy":"product_cat","embeddable":true,"href":"https:\/\/aromasentia.com\/fr\/wp-json\/wp\/v2\/product_cat?post=240400"},{"taxonomy":"product_tag","embeddable":true,"href":"https:\/\/aromasentia.com\/fr\/wp-json\/wp\/v2\/product_tag?post=240400"}],"curies":[{"name":"wp","href":"https:\/\/api.w.org\/{rel}","templated":true}]}}