{"id":240352,"date":"2025-03-20T16:37:16","date_gmt":"2025-03-20T16:37:16","guid":{"rendered":"https:\/\/aromasentia.com\/product\/double-butter-luxury-soap-slice-earthy-oils\/"},"modified":"2025-06-23T19:11:55","modified_gmt":"2025-06-23T19:11:55","slug":"savon-de-luxe-double-beurre-huiles-terreuses","status":"publish","type":"product","link":"https:\/\/aromasentia.com\/fr\/savon-de-luxe-double-beurre-huiles-terreuses\/","title":{"rendered":"Savon de luxe double beurre &#8211; Huiles terreuses"},"content":{"rendered":"<p>Nourrissez votre peau avec les senteurs de notre tranche de savon de luxe au double beurre &#8211; Huiles terrestres. Cette tranche de savon d\u00e9cadente est enrichie d&rsquo;une double dose de beurres hydratants, comme le karit\u00e9 et le cacao, pour une mousse exceptionnellement cr\u00e9meuse. Infus\u00e9e d&rsquo;un m\u00e9lange d&rsquo;huiles essentielles riches et nourrissantes telles que le patchouli, le v\u00e9tiver ou le bois de santal, elle nettoie en douceur tout en procurant une exp\u00e9rience aromatique apaisante, centr\u00e9e et profond\u00e9ment connect\u00e9e, laissant la peau douce et subtilement parfum\u00e9e par la profondeur de la nature.<\/p>\n","protected":false},"excerpt":{"rendered":"<p>Nourrissez votre peau avec les senteurs de notre tranche de savon de luxe au double beurre &#8211; Huiles terrestres. Cette tranche de savon d\u00e9cadente est enrichie d&rsquo;une double dose de beurres hydratants, comme le karit\u00e9 et le cacao, pour une mousse exceptionnellement cr\u00e9meuse. Infus\u00e9e d&rsquo;un m\u00e9lange d&rsquo;huiles essentielles riches et nourrissantes telles que le patchouli, [&hellip;]<\/p>\n","protected":false},"featured_media":281027,"comment_status":"closed","ping_status":"open","template":"","meta":[],"product_brand":[],"product_cat":[19443,20586],"product_tag":[],"class_list":{"0":"post-240352","1":"product","2":"type-product","3":"status-publish","4":"has-post-thumbnail","6":"product_cat-bain-et-corps","7":"product_cat-savons-bio-naturels","8":"pa_made-in-royaume-uni","10":"first","11":"outofstock","12":"purchasable","13":"product-type-simple"},"supplier_id":null,"supplier_sku":"DSDBSoap-01","barcode":null,"atum_controlled":true,"out_stock_date":"2025-10-09 13:31:21","out_stock_threshold":null,"inheritable":false,"inbound_stock":null,"stock_on_hold":0,"sold_today":0,"sales_last_days":0,"reserved_stock":null,"customer_returns":null,"warehouse_damage":null,"lost_in_post":null,"other_logs":null,"out_stock_days":112,"lost_sales":0,"has_location":null,"update_date":"2026-01-30T01:25:15","atum_locations":[],"atum_stock_status":"outofstock","restock_status":false,"low_stock_amount":"","sales_update_date":"2026-01-30T01:25:15","calc_backorders":null,"_links":{"self":[{"href":"https:\/\/aromasentia.com\/fr\/wp-json\/wp\/v2\/product\/240352","targetHints":{"allow":["GET"]}}],"collection":[{"href":"https:\/\/aromasentia.com\/fr\/wp-json\/wp\/v2\/product"}],"about":[{"href":"https:\/\/aromasentia.com\/fr\/wp-json\/wp\/v2\/types\/product"}],"replies":[{"embeddable":true,"href":"https:\/\/aromasentia.com\/fr\/wp-json\/wp\/v2\/comments?post=240352"}],"version-history":[{"count":0,"href":"https:\/\/aromasentia.com\/fr\/wp-json\/wp\/v2\/product\/240352\/revisions"}],"wp:featuredmedia":[{"embeddable":true,"href":"https:\/\/aromasentia.com\/fr\/wp-json\/wp\/v2\/media\/281027"}],"wp:attachment":[{"href":"https:\/\/aromasentia.com\/fr\/wp-json\/wp\/v2\/media?parent=240352"}],"wp:term":[{"taxonomy":"product_brand","embeddable":true,"href":"https:\/\/aromasentia.com\/fr\/wp-json\/wp\/v2\/product_brand?post=240352"},{"taxonomy":"product_cat","embeddable":true,"href":"https:\/\/aromasentia.com\/fr\/wp-json\/wp\/v2\/product_cat?post=240352"},{"taxonomy":"product_tag","embeddable":true,"href":"https:\/\/aromasentia.com\/fr\/wp-json\/wp\/v2\/product_tag?post=240352"}],"curies":[{"name":"wp","href":"https:\/\/api.w.org\/{rel}","templated":true}]}}