{"id":240304,"date":"2025-03-20T16:38:28","date_gmt":"2025-03-20T16:38:28","guid":{"rendered":"https:\/\/aromasentia.com\/product\/banana-coconut-smoothy-soap-bar-100g\/"},"modified":"2025-06-23T19:11:47","modified_gmt":"2025-06-23T19:11:47","slug":"savon-smoothy-banane-et-noix-de-coco-100g","status":"publish","type":"product","link":"https:\/\/aromasentia.com\/fr\/savon-smoothy-banane-et-noix-de-coco-100g\/","title":{"rendered":"Savon Smoothy banane et noix de coco &#8211; 100g"},"content":{"rendered":"<p><span style=\u00ab color: rgb(75, 80, 88); \u00bb>Aroma Sentia <strong>&nbsp;Lovely Melon&nbsp;<\/strong><strong>Savon en pain &#8211; 100 g &nbsp;<\/strong>a un look unique gr\u00e2ce \u00e0 ses morceaux de savon et sent super bon, frais et fruit\u00e9. Profitez d&rsquo;un bain d\u00e9licieusement parfum\u00e9 au melon.&nbsp;<\/span><\/p>\n<p><span style=\u00ab color: rgb(75, 80, 88); \u00bb>Vendu emball\u00e9 dans du papier cir\u00e9 avec une \u00e9tiquette indiquant les ingr\u00e9dients et le poids, environ 100 g par tranche. <\/span><\/p>\n<p><span style=\u00ab color: rgb(75, 80, 88); \u00bb><strong>ATTENTION :<\/strong> les savons sont faits \u00e0 la main, la couleur ou le design peuvent \u00eatre l\u00e9g\u00e8rement diff\u00e9rents de ceux pr\u00e9sent\u00e9s sur les photos.<\/p>\n","protected":false},"excerpt":{"rendered":"<p>Aroma Sentia &nbsp;Lovely Melon&nbsp;Savon en pain &#8211; 100 g &nbsp;a un look unique gr\u00e2ce \u00e0 ses morceaux de savon et sent super bon, frais et fruit\u00e9. Profitez d&rsquo;un bain d\u00e9licieusement parfum\u00e9 au melon.&nbsp; Vendu emball\u00e9 dans du papier cir\u00e9 avec une \u00e9tiquette indiquant les ingr\u00e9dients et le poids, environ 100 g par tranche. ATTENTION : [&hellip;]<\/p>\n","protected":false},"featured_media":281415,"comment_status":"closed","ping_status":"open","template":"","meta":{"_angie_page":false},"product_brand":[],"product_cat":[19443,26563,26846,20586,25842],"product_tag":[],"class_list":{"0":"post-240304","1":"product","2":"type-product","3":"status-publish","4":"has-post-thumbnail","6":"product_cat-bain-et-corps","7":"product_cat-banane","8":"product_cat-fruite","9":"product_cat-savons-bio-naturels","10":"product_cat-senteurs-aromes","11":"pa_collection-handcrafted-wild-soap-loaves-1-3-kg-slices-100-140g-fr","12":"pa_made-in-royaume-uni","13":"pa_size-100g","15":"first","16":"instock","17":"purchasable","18":"product-type-simple"},"supplier_id":null,"supplier_sku":"DSHCS-26","barcode":null,"atum_controlled":true,"out_stock_date":null,"out_stock_threshold":null,"inheritable":false,"inbound_stock":null,"stock_on_hold":0,"sold_today":0,"sales_last_days":0,"reserved_stock":null,"customer_returns":null,"warehouse_damage":null,"lost_in_post":null,"other_logs":null,"out_stock_days":0,"lost_sales":0,"has_location":null,"update_date":"2026-04-27T06:59:19","atum_locations":[],"atum_stock_status":"instock","restock_status":false,"low_stock_amount":"","sales_update_date":"2025-10-09T03:29:05","calc_backorders":null,"_links":{"self":[{"href":"https:\/\/aromasentia.com\/fr\/wp-json\/wp\/v2\/product\/240304","targetHints":{"allow":["GET"]}}],"collection":[{"href":"https:\/\/aromasentia.com\/fr\/wp-json\/wp\/v2\/product"}],"about":[{"href":"https:\/\/aromasentia.com\/fr\/wp-json\/wp\/v2\/types\/product"}],"replies":[{"embeddable":true,"href":"https:\/\/aromasentia.com\/fr\/wp-json\/wp\/v2\/comments?post=240304"}],"version-history":[{"count":0,"href":"https:\/\/aromasentia.com\/fr\/wp-json\/wp\/v2\/product\/240304\/revisions"}],"wp:featuredmedia":[{"embeddable":true,"href":"https:\/\/aromasentia.com\/fr\/wp-json\/wp\/v2\/media\/281415"}],"wp:attachment":[{"href":"https:\/\/aromasentia.com\/fr\/wp-json\/wp\/v2\/media?parent=240304"}],"wp:term":[{"taxonomy":"product_brand","embeddable":true,"href":"https:\/\/aromasentia.com\/fr\/wp-json\/wp\/v2\/product_brand?post=240304"},{"taxonomy":"product_cat","embeddable":true,"href":"https:\/\/aromasentia.com\/fr\/wp-json\/wp\/v2\/product_cat?post=240304"},{"taxonomy":"product_tag","embeddable":true,"href":"https:\/\/aromasentia.com\/fr\/wp-json\/wp\/v2\/product_tag?post=240304"}],"curies":[{"name":"wp","href":"https:\/\/api.w.org\/{rel}","templated":true}]}}