{"id":240280,"date":"2025-03-20T16:38:28","date_gmt":"2025-03-20T16:38:28","guid":{"rendered":"https:\/\/aromasentia.com\/product\/coconut-dream-soap-bar-100g\/"},"modified":"2025-06-23T19:11:44","modified_gmt":"2025-06-23T19:11:44","slug":"savon-coconut-dream-100g","status":"publish","type":"product","link":"https:\/\/aromasentia.com\/fr\/savon-coconut-dream-100g\/","title":{"rendered":"Savon Coconut Dream &#8211; 100g"},"content":{"rendered":"<p><span style=\u00ab color: rgb(75, 80, 88); \u00bb>Aroma Sentia <strong>&nbsp;<\/strong><strong>Savon Cleopatra &#8211; 100 g<\/strong> est fabriqu\u00e9 \u00e0 partir d&rsquo;huiles essentielles de lavande, d&rsquo;ylang-ylang et de patchouli, et recouvert d&rsquo;une couche de fleurs de lavande s\u00e9ch\u00e9es. &nbsp;Ce m\u00e9lange d&rsquo;huiles conf\u00e8re \u00e0 ce savon un parfum riche, profond et floral.&nbsp;<\/span><\/p>\n<p><span style=\u00ab color: rgb(75, 80, 88); \u00bb>Vendu emball\u00e9 dans du papier cir\u00e9 avec une \u00e9tiquette indiquant les ingr\u00e9dients et le poids, environ 100 g par savon. <\/span><\/p>\n<p><span style=\u00ab color: rgb(75, 80, 88); \u00bb><strong>ATTENTION :<\/strong> les savons sont faits \u00e0 la main, la couleur ou le design peuvent l\u00e9g\u00e8rement varier par rapport aux photos.<\/p>\n","protected":false},"excerpt":{"rendered":"<p>Aroma Sentia &nbsp;Savon Cleopatra &#8211; 100 g est fabriqu\u00e9 \u00e0 partir d&rsquo;huiles essentielles de lavande, d&rsquo;ylang-ylang et de patchouli, et recouvert d&rsquo;une couche de fleurs de lavande s\u00e9ch\u00e9es. &nbsp;Ce m\u00e9lange d&rsquo;huiles conf\u00e8re \u00e0 ce savon un parfum riche, profond et floral.&nbsp; Vendu emball\u00e9 dans du papier cir\u00e9 avec une \u00e9tiquette indiquant les ingr\u00e9dients et le [&hellip;]<\/p>\n","protected":false},"featured_media":281361,"comment_status":"closed","ping_status":"open","template":"","meta":{"_angie_page":false},"product_brand":[],"product_cat":[19443,20586],"product_tag":[],"class_list":{"0":"post-240280","1":"product","2":"type-product","3":"status-publish","4":"has-post-thumbnail","6":"product_cat-bain-et-corps","7":"product_cat-savons-bio-naturels","8":"pa_collection-handcrafted-wild-soap-loaves-1-3-kg-slices-100-140g-fr","9":"pa_made-in-royaume-uni","10":"pa_size-100g","12":"first","13":"instock","14":"purchasable","15":"product-type-simple"},"supplier_id":null,"supplier_sku":"DSHCS-11","barcode":null,"atum_controlled":true,"out_stock_date":null,"out_stock_threshold":null,"inheritable":false,"inbound_stock":null,"stock_on_hold":0,"sold_today":0,"sales_last_days":0,"reserved_stock":null,"customer_returns":null,"warehouse_damage":null,"lost_in_post":null,"other_logs":null,"out_stock_days":0,"lost_sales":0,"has_location":null,"update_date":"2026-04-30T06:45:29","atum_locations":[],"atum_stock_status":"instock","restock_status":false,"low_stock_amount":"","sales_update_date":"2026-01-30T01:25:56","calc_backorders":null,"_links":{"self":[{"href":"https:\/\/aromasentia.com\/fr\/wp-json\/wp\/v2\/product\/240280","targetHints":{"allow":["GET"]}}],"collection":[{"href":"https:\/\/aromasentia.com\/fr\/wp-json\/wp\/v2\/product"}],"about":[{"href":"https:\/\/aromasentia.com\/fr\/wp-json\/wp\/v2\/types\/product"}],"replies":[{"embeddable":true,"href":"https:\/\/aromasentia.com\/fr\/wp-json\/wp\/v2\/comments?post=240280"}],"version-history":[{"count":0,"href":"https:\/\/aromasentia.com\/fr\/wp-json\/wp\/v2\/product\/240280\/revisions"}],"wp:featuredmedia":[{"embeddable":true,"href":"https:\/\/aromasentia.com\/fr\/wp-json\/wp\/v2\/media\/281361"}],"wp:attachment":[{"href":"https:\/\/aromasentia.com\/fr\/wp-json\/wp\/v2\/media?parent=240280"}],"wp:term":[{"taxonomy":"product_brand","embeddable":true,"href":"https:\/\/aromasentia.com\/fr\/wp-json\/wp\/v2\/product_brand?post=240280"},{"taxonomy":"product_cat","embeddable":true,"href":"https:\/\/aromasentia.com\/fr\/wp-json\/wp\/v2\/product_cat?post=240280"},{"taxonomy":"product_tag","embeddable":true,"href":"https:\/\/aromasentia.com\/fr\/wp-json\/wp\/v2\/product_tag?post=240280"}],"curies":[{"name":"wp","href":"https:\/\/api.w.org\/{rel}","templated":true}]}}