{"id":240244,"date":"2025-03-20T16:38:28","date_gmt":"2025-03-20T16:38:28","guid":{"rendered":"https:\/\/aromasentia.com\/product\/raspberry-blackpepper-soap-loaf\/"},"modified":"2025-06-23T19:11:38","modified_gmt":"2025-06-23T19:11:38","slug":"framboise-et-poivre-noir-savon","status":"publish","type":"product","link":"https:\/\/aromasentia.com\/fr\/framboise-et-poivre-noir-savon\/","title":{"rendered":"Framboise et poivre noir &#8211; Savon"},"content":{"rendered":"<p>Parfois, on a juste envie de se faire plaisir avec quelque chose de sp\u00e9cial, alors pourquoi ne pas prendre soin de ta peau avec un joli savon naturel fait \u00e0 la main ?<\/p>\n<p>Le savon fruit\u00e9 \u00e0 la framboise et au poivre noir, avec ses notes \u00e9pic\u00e9es, nettoie la peau tout en la laissant douce, hydrat\u00e9e et agr\u00e9ablement parfum\u00e9e. &nbsp;<\/p>\n<p>Rien de tel qu&rsquo;un savon naturel qui sent bon pour rompre la monotonie de ta routine matinale. Nos super savons artisanaux sont fabriqu\u00e9s \u00e0 partir d&rsquo;ingr\u00e9dients naturels de la plus haute qualit\u00e9, selon la m\u00e9thode de fusion et de coul\u00e9e. En les utilisant, tu d\u00e9couvriras une multitude de parfums \u00e9vocateurs et de textures tactiles. Ces savons hydratants et nourrissants pour la peau offrent une mousse magnifique et longue dur\u00e9e et laissent ta peau propre, douce et saine.<\/p>\n","protected":false},"excerpt":{"rendered":"<p>Parfois, on a juste envie de se faire plaisir avec quelque chose de sp\u00e9cial, alors pourquoi ne pas prendre soin de ta peau avec un joli savon naturel fait \u00e0 la main ? Le savon fruit\u00e9 \u00e0 la framboise et au poivre noir, avec ses notes \u00e9pic\u00e9es, nettoie la peau tout en la laissant douce, [&hellip;]<\/p>\n","protected":false},"featured_media":281280,"comment_status":"closed","ping_status":"open","template":"","meta":[],"product_brand":[],"product_cat":[19443,26888,26109,20586,25842],"product_tag":[],"class_list":{"0":"post-240244","1":"product","2":"type-product","3":"status-publish","4":"has-post-thumbnail","6":"product_cat-bain-et-corps","7":"product_cat-epice","8":"product_cat-poivre-noir","9":"product_cat-savons-bio-naturels","10":"product_cat-senteurs-aromes","11":"pa_collection-handcrafted-wild-soap-loaves-1-3-kg-slices-100-140g-fr","12":"pa_made-in-royaume-uni","14":"first","15":"instock","16":"purchasable","17":"product-type-simple"},"supplier_id":null,"supplier_sku":"HCS-15L","barcode":null,"atum_controlled":true,"out_stock_date":null,"out_stock_threshold":null,"inheritable":false,"inbound_stock":null,"stock_on_hold":0,"sold_today":0,"sales_last_days":0,"reserved_stock":null,"customer_returns":null,"warehouse_damage":null,"lost_in_post":null,"other_logs":null,"out_stock_days":0,"lost_sales":0,"has_location":null,"update_date":"2026-01-30T01:25:21","atum_locations":[],"atum_stock_status":"instock","restock_status":false,"low_stock_amount":"","sales_update_date":"2026-01-30T01:25:21","calc_backorders":null,"_links":{"self":[{"href":"https:\/\/aromasentia.com\/fr\/wp-json\/wp\/v2\/product\/240244","targetHints":{"allow":["GET"]}}],"collection":[{"href":"https:\/\/aromasentia.com\/fr\/wp-json\/wp\/v2\/product"}],"about":[{"href":"https:\/\/aromasentia.com\/fr\/wp-json\/wp\/v2\/types\/product"}],"replies":[{"embeddable":true,"href":"https:\/\/aromasentia.com\/fr\/wp-json\/wp\/v2\/comments?post=240244"}],"version-history":[{"count":0,"href":"https:\/\/aromasentia.com\/fr\/wp-json\/wp\/v2\/product\/240244\/revisions"}],"wp:featuredmedia":[{"embeddable":true,"href":"https:\/\/aromasentia.com\/fr\/wp-json\/wp\/v2\/media\/281280"}],"wp:attachment":[{"href":"https:\/\/aromasentia.com\/fr\/wp-json\/wp\/v2\/media?parent=240244"}],"wp:term":[{"taxonomy":"product_brand","embeddable":true,"href":"https:\/\/aromasentia.com\/fr\/wp-json\/wp\/v2\/product_brand?post=240244"},{"taxonomy":"product_cat","embeddable":true,"href":"https:\/\/aromasentia.com\/fr\/wp-json\/wp\/v2\/product_cat?post=240244"},{"taxonomy":"product_tag","embeddable":true,"href":"https:\/\/aromasentia.com\/fr\/wp-json\/wp\/v2\/product_tag?post=240244"}],"curies":[{"name":"wp","href":"https:\/\/api.w.org\/{rel}","templated":true}]}}