{"id":240188,"date":"2025-03-20T16:39:07","date_gmt":"2025-03-20T16:39:07","guid":{"rendered":"https:\/\/aromasentia.com\/product\/enchanted-rose-soap-bar-140g\/"},"modified":"2025-12-30T19:22:09","modified_gmt":"2025-12-30T19:22:09","slug":"savon-rose-enchantee-100g","status":"publish","type":"product","link":"https:\/\/aromasentia.com\/fr\/savon-rose-enchantee-100g\/","title":{"rendered":"Savon Rose enchant\u00e9e &#8211; 100g"},"content":{"rendered":"<\/p>\n<p><span style=\"color : rgb(75, 80, 88) ;\">D\u00e9couvrez la fra\u00eecheur du savon artisanal Wild &#038;amp ; Natural <strong>Rose &#038;amp ; Vanilla Soap Bar &#8211; 100g.&nbsp;<\/strong><\/span><\/p>\n<p><span style=\"color : rgb(75, 80, 88) ;\">Se d\u00e9lecter du parfum romantique et luxueux du Savon Rose &#038; ; Vanille. Ce savon associe le parfum intemporel des roses aux notes chaudes et sucr\u00e9es de la vanille. C&#39;est un plaisir sensoriel qui vous donne l&#39;impression d&#39;\u00eatre choy\u00e9 et envelopp\u00e9 de romance.<\/span><\/p>\n<p><span style=\"color : rgb(75, 80, 88) ;\"><strong>PLEASE NOTE:<\/strong>Nos savons sont fabriqu\u00e9s \u00e0 la main, il peut donc y avoir de l\u00e9g\u00e8res variations dans la couleur ou le design par rapport aux images fournies.<\/span><\/p>\n<p>Les savons sont fabriqu\u00e9s \u00e0 la main, il peut donc y avoir de l\u00e9g\u00e8res variations dans la couleur ou le design par rapport aux images fournies.<\/span><\/p>\n","protected":false},"excerpt":{"rendered":"<p>D\u00e9couvrez la fra\u00eecheur du savon artisanal Wild &#038;amp ; Natural Rose &#038;amp ; Vanilla Soap Bar &#8211; 100g.&nbsp; Se d\u00e9lecter du parfum romantique et luxueux du Savon Rose &#038; ; Vanille. Ce savon associe le parfum intemporel des roses aux notes chaudes et sucr\u00e9es de la vanille. C&#39;est un plaisir sensoriel qui vous donne l&#39;impression [&hellip;]<\/p>\n","protected":false},"featured_media":281538,"comment_status":"closed","ping_status":"open","template":"","meta":{"_angie_page":false},"product_brand":[],"product_cat":[19443,26832,26369,20586,25842],"product_tag":[],"class_list":{"0":"post-240188","1":"product","2":"type-product","3":"status-publish","4":"has-post-thumbnail","6":"product_cat-bain-et-corps","7":"product_cat-floral","8":"product_cat-rose","9":"product_cat-savons-bio-naturels","10":"product_cat-senteurs-aromes","11":"pa_collection-handcrafted-wild-soap-loaves-1-3-kg-slices-100-140g-fr","12":"pa_made-in-royaume-uni","13":"pa_size-140g","15":"first","16":"instock","17":"purchasable","18":"product-type-simple"},"supplier_id":null,"supplier_sku":"DSHCS-51","barcode":null,"atum_controlled":true,"out_stock_date":null,"out_stock_threshold":null,"inheritable":false,"inbound_stock":0,"stock_on_hold":0,"sold_today":0,"sales_last_days":0,"reserved_stock":0,"customer_returns":0,"warehouse_damage":0,"lost_in_post":0,"other_logs":0,"out_stock_days":0,"lost_sales":0,"has_location":false,"update_date":"2026-04-27T07:27:47","atum_locations":[],"atum_stock_status":"instock","restock_status":false,"low_stock_amount":"","sales_update_date":"2026-01-30T01:25:39","calc_backorders":null,"_links":{"self":[{"href":"https:\/\/aromasentia.com\/fr\/wp-json\/wp\/v2\/product\/240188","targetHints":{"allow":["GET"]}}],"collection":[{"href":"https:\/\/aromasentia.com\/fr\/wp-json\/wp\/v2\/product"}],"about":[{"href":"https:\/\/aromasentia.com\/fr\/wp-json\/wp\/v2\/types\/product"}],"replies":[{"embeddable":true,"href":"https:\/\/aromasentia.com\/fr\/wp-json\/wp\/v2\/comments?post=240188"}],"version-history":[{"count":0,"href":"https:\/\/aromasentia.com\/fr\/wp-json\/wp\/v2\/product\/240188\/revisions"}],"wp:featuredmedia":[{"embeddable":true,"href":"https:\/\/aromasentia.com\/fr\/wp-json\/wp\/v2\/media\/281538"}],"wp:attachment":[{"href":"https:\/\/aromasentia.com\/fr\/wp-json\/wp\/v2\/media?parent=240188"}],"wp:term":[{"taxonomy":"product_brand","embeddable":true,"href":"https:\/\/aromasentia.com\/fr\/wp-json\/wp\/v2\/product_brand?post=240188"},{"taxonomy":"product_cat","embeddable":true,"href":"https:\/\/aromasentia.com\/fr\/wp-json\/wp\/v2\/product_cat?post=240188"},{"taxonomy":"product_tag","embeddable":true,"href":"https:\/\/aromasentia.com\/fr\/wp-json\/wp\/v2\/product_tag?post=240188"}],"curies":[{"name":"wp","href":"https:\/\/api.w.org\/{rel}","templated":true}]}}