{"id":240184,"date":"2025-03-20T16:39:07","date_gmt":"2025-03-20T16:39:07","guid":{"rendered":"https:\/\/aromasentia.com\/product\/verdant-zen-soap-bar-140g\/"},"modified":"2025-12-30T19:22:09","modified_gmt":"2025-12-30T19:22:09","slug":"savon-verdant-zen-100g","status":"publish","type":"product","link":"https:\/\/aromasentia.com\/fr\/savon-verdant-zen-100g\/","title":{"rendered":"Savon Verdant Zen &#8211; 100g"},"content":{"rendered":"<\/p>\n<p><span style=\"color : rgb(75, 80, 88) ;\">D\u00e9couvrez le savon artisanal frais Wholesale Wild &#038;amp ; Natural <strong>Green Tea &#038; ; Olive Soap Bar &#8211; 100g<\/strong>, Embrassez les propri\u00e9t\u00e9s apaisantes et rajeunissantes du savon au th\u00e9 vert et \u00e0 l&rsquo;huile d&rsquo;olive. Ce savon impr\u00e8gne votre douche de l&rsquo;essence apaisante du th\u00e9 vert et des bienfaits nourrissants de l&rsquo;huile d&rsquo;olive. C&#39;est une exp\u00e9rience revitalisante qui laisse votre peau douce, souple et \u00e9quilibr\u00e9e.<\/span><\/p>\n<p><span style=\"color : rgb(75, 80, 88) ;\"><strong>PLEASE NOTE:<\/strong>Nos savons sont fabriqu\u00e9s \u00e0 la main, il peut donc y avoir de l\u00e9g\u00e8res variations dans la couleur ou le design par rapport aux images fournies.<\/span><\/p>\n","protected":false},"excerpt":{"rendered":"<p>D\u00e9couvrez le savon artisanal frais Wholesale Wild &#038;amp ; Natural Green Tea &#038; ; Olive Soap Bar &#8211; 100g, Embrassez les propri\u00e9t\u00e9s apaisantes et rajeunissantes du savon au th\u00e9 vert et \u00e0 l&rsquo;huile d&rsquo;olive. Ce savon impr\u00e8gne votre douche de l&rsquo;essence apaisante du th\u00e9 vert et des bienfaits nourrissants de l&rsquo;huile d&rsquo;olive. C&#39;est une exp\u00e9rience [&hellip;]<\/p>\n","protected":false},"featured_media":281521,"comment_status":"closed","ping_status":"open","template":"","meta":{"_angie_page":false},"product_brand":[],"product_cat":[19443,20586],"product_tag":[],"class_list":{"0":"post-240184","1":"product","2":"type-product","3":"status-publish","4":"has-post-thumbnail","6":"product_cat-bain-et-corps","7":"product_cat-savons-bio-naturels","8":"pa_collection-handcrafted-wild-soap-loaves-1-3-kg-slices-100-140g-fr","9":"pa_made-in-royaume-uni","10":"pa_size-140g","12":"first","13":"outofstock","14":"purchasable","15":"product-type-simple"},"supplier_id":null,"supplier_sku":"DSHCS-50","barcode":null,"atum_controlled":true,"out_stock_date":"2025-09-04 22:30:37","out_stock_threshold":null,"inheritable":false,"inbound_stock":null,"stock_on_hold":0,"sold_today":0,"sales_last_days":0,"reserved_stock":null,"customer_returns":null,"warehouse_damage":null,"lost_in_post":null,"other_logs":null,"out_stock_days":34,"lost_sales":0,"has_location":null,"update_date":"2026-04-27T07:27:47","atum_locations":[],"atum_stock_status":"outofstock","restock_status":false,"low_stock_amount":"","sales_update_date":"2025-10-09T03:22:08","calc_backorders":null,"_links":{"self":[{"href":"https:\/\/aromasentia.com\/fr\/wp-json\/wp\/v2\/product\/240184","targetHints":{"allow":["GET"]}}],"collection":[{"href":"https:\/\/aromasentia.com\/fr\/wp-json\/wp\/v2\/product"}],"about":[{"href":"https:\/\/aromasentia.com\/fr\/wp-json\/wp\/v2\/types\/product"}],"replies":[{"embeddable":true,"href":"https:\/\/aromasentia.com\/fr\/wp-json\/wp\/v2\/comments?post=240184"}],"version-history":[{"count":0,"href":"https:\/\/aromasentia.com\/fr\/wp-json\/wp\/v2\/product\/240184\/revisions"}],"wp:featuredmedia":[{"embeddable":true,"href":"https:\/\/aromasentia.com\/fr\/wp-json\/wp\/v2\/media\/281521"}],"wp:attachment":[{"href":"https:\/\/aromasentia.com\/fr\/wp-json\/wp\/v2\/media?parent=240184"}],"wp:term":[{"taxonomy":"product_brand","embeddable":true,"href":"https:\/\/aromasentia.com\/fr\/wp-json\/wp\/v2\/product_brand?post=240184"},{"taxonomy":"product_cat","embeddable":true,"href":"https:\/\/aromasentia.com\/fr\/wp-json\/wp\/v2\/product_cat?post=240184"},{"taxonomy":"product_tag","embeddable":true,"href":"https:\/\/aromasentia.com\/fr\/wp-json\/wp\/v2\/product_tag?post=240184"}],"curies":[{"name":"wp","href":"https:\/\/api.w.org\/{rel}","templated":true}]}}