{"id":240180,"date":"2025-03-20T16:39:07","date_gmt":"2025-03-20T16:39:07","guid":{"rendered":"https:\/\/aromasentia.com\/product\/raspberry-bliss-soap-bar-140g\/"},"modified":"2025-12-30T19:22:09","modified_gmt":"2025-12-30T19:22:09","slug":"savon-framboise-bliss-100g","status":"publish","type":"product","link":"https:\/\/aromasentia.com\/fr\/savon-framboise-bliss-100g\/","title":{"rendered":"Savon Framboise Bliss &#8211; 100g"},"content":{"rendered":"<\/p>\n<p><span style=\"color : rgb(75, 80, 88) ;\">D\u00e9couvrez le savon artisanal cool &nbsp;Wild &#038;amp ; Natural <strong>Raspberry &#038; ; Vanilla Soap Bar &#8211; 100g<\/strong>. D\u00e9couvrez l&rsquo;allure sucr\u00e9e et acidul\u00e9e du Savon Framboise &#038; Vanille. Ce savon combine l&rsquo;ar\u00f4me vibrant des framboises m\u00fbres avec les notes r\u00e9confortantes de la vanille. C&#39;est une d\u00e9licieuse g\u00e2terie pour votre peau qui vous laisse une sensation de fra\u00eecheur et un l\u00e9ger parfum.<\/span><\/p>\n<p><span style=\"color : rgb(75, 80, 88) ;\"><strong>PLEASE NOTE:<\/strong>Nos savons sont fabriqu\u00e9s \u00e0 la main, il peut donc y avoir de l\u00e9g\u00e8res variations dans la couleur ou le design par rapport aux images fournies.<\/span><\/p>\n<\/p>\n<p>Les savons sont fabriqu\u00e9s \u00e0 la main.<\/p>\n","protected":false},"excerpt":{"rendered":"<p>D\u00e9couvrez le savon artisanal cool &nbsp;Wild &#038;amp ; Natural Raspberry &#038; ; Vanilla Soap Bar &#8211; 100g. D\u00e9couvrez l&rsquo;allure sucr\u00e9e et acidul\u00e9e du Savon Framboise &#038; Vanille. Ce savon combine l&rsquo;ar\u00f4me vibrant des framboises m\u00fbres avec les notes r\u00e9confortantes de la vanille. C&#39;est une d\u00e9licieuse g\u00e2terie pour votre peau qui vous laisse une sensation de [&hellip;]<\/p>\n","protected":false},"featured_media":281512,"comment_status":"closed","ping_status":"open","template":"","meta":{"_angie_page":false},"product_brand":[],"product_cat":[19443,20586],"product_tag":[],"class_list":{"0":"post-240180","1":"product","2":"type-product","3":"status-publish","4":"has-post-thumbnail","6":"product_cat-bain-et-corps","7":"product_cat-savons-bio-naturels","8":"pa_collection-handcrafted-wild-soap-loaves-1-3-kg-slices-100-140g-fr","9":"pa_made-in-royaume-uni","10":"pa_size-140g","12":"first","13":"instock","14":"purchasable","15":"product-type-simple"},"supplier_id":null,"supplier_sku":"DSHCS-49","barcode":null,"atum_controlled":true,"out_stock_date":null,"out_stock_threshold":null,"inheritable":false,"inbound_stock":null,"stock_on_hold":0,"sold_today":0,"sales_last_days":0,"reserved_stock":null,"customer_returns":null,"warehouse_damage":null,"lost_in_post":null,"other_logs":null,"out_stock_days":0,"lost_sales":0,"has_location":null,"update_date":"2026-05-04T00:02:51","atum_locations":[],"atum_stock_status":"instock","restock_status":false,"low_stock_amount":"","sales_update_date":"2026-01-30T01:24:28","calc_backorders":null,"_links":{"self":[{"href":"https:\/\/aromasentia.com\/fr\/wp-json\/wp\/v2\/product\/240180","targetHints":{"allow":["GET"]}}],"collection":[{"href":"https:\/\/aromasentia.com\/fr\/wp-json\/wp\/v2\/product"}],"about":[{"href":"https:\/\/aromasentia.com\/fr\/wp-json\/wp\/v2\/types\/product"}],"replies":[{"embeddable":true,"href":"https:\/\/aromasentia.com\/fr\/wp-json\/wp\/v2\/comments?post=240180"}],"version-history":[{"count":0,"href":"https:\/\/aromasentia.com\/fr\/wp-json\/wp\/v2\/product\/240180\/revisions"}],"wp:featuredmedia":[{"embeddable":true,"href":"https:\/\/aromasentia.com\/fr\/wp-json\/wp\/v2\/media\/281512"}],"wp:attachment":[{"href":"https:\/\/aromasentia.com\/fr\/wp-json\/wp\/v2\/media?parent=240180"}],"wp:term":[{"taxonomy":"product_brand","embeddable":true,"href":"https:\/\/aromasentia.com\/fr\/wp-json\/wp\/v2\/product_brand?post=240180"},{"taxonomy":"product_cat","embeddable":true,"href":"https:\/\/aromasentia.com\/fr\/wp-json\/wp\/v2\/product_cat?post=240180"},{"taxonomy":"product_tag","embeddable":true,"href":"https:\/\/aromasentia.com\/fr\/wp-json\/wp\/v2\/product_tag?post=240180"}],"curies":[{"name":"wp","href":"https:\/\/api.w.org\/{rel}","templated":true}]}}