{"id":240112,"date":"2025-03-20T16:41:57","date_gmt":"2025-03-20T16:41:57","guid":{"rendered":"https:\/\/aromasentia.com\/product\/apple-pie-custard-bath-bomb-180g\/"},"modified":"2025-06-23T19:11:20","modified_gmt":"2025-06-23T19:11:20","slug":"bombe-de-bain-apple-pie-custard-180g","status":"publish","type":"product","link":"https:\/\/aromasentia.com\/fr\/bombe-de-bain-apple-pie-custard-180g\/","title":{"rendered":"Bombe de Bain Apple Pie &#038; Custard &#8211; 180g"},"content":{"rendered":"<\/p>\n<p><span style=\"color : rgb(75, 80, 88) ;\">Si vous \u00eates \u00e0 la recherche d&rsquo;un plaisir relaxant, ne cherchez pas plus loin. Nos bombes de bain <strong>EU<\/strong> sont exactement ce qu&rsquo;il faut pour ceux qui recherchent un compl\u00e9ment de bain de haute qualit\u00e9 qui a l&rsquo;air et sent bon.<\/span><\/p>\n<p><span style=\"color : rgb(75, 80, 88) ;\">Elles ont \u00e9galement un excellent rapport qualit\u00e9-prix. Chaque bombe p\u00e8se <strong>180 grammes<\/strong> et contient du beurre de karit\u00e9 pour la rendre plus douce sur la peau.<\/span><\/p>\n<p><span style=\"color : rgb(75, 80, 88) ;\">Nous avons une gamme de parfums fantastiques \u00e0 choisir, chacun dans sa propre couleur distinctive. Achetez plusieurs mod\u00e8les diff\u00e9rents pour cr\u00e9er une pr\u00e9sentation attrayante dans votre magasin et sur votre site Web, \u00e0 laquelle vos clients ne pourront pas r\u00e9sister.<\/span><\/p>\n<p>La gamme de parfums est tr\u00e8s vari\u00e9e.<\/p>\n","protected":false},"excerpt":{"rendered":"<p>Si vous \u00eates \u00e0 la recherche d&rsquo;un plaisir relaxant, ne cherchez pas plus loin. Nos bombes de bain EU sont exactement ce qu&rsquo;il faut pour ceux qui recherchent un compl\u00e9ment de bain de haute qualit\u00e9 qui a l&rsquo;air et sent bon. Elles ont \u00e9galement un excellent rapport qualit\u00e9-prix. Chaque bombe p\u00e8se 180 grammes et contient [&hellip;]<\/p>\n","protected":false},"featured_media":282149,"comment_status":"closed","ping_status":"open","template":"","meta":{"_angie_page":false},"product_brand":[],"product_cat":[19443,20507,26853,25842,26531],"product_tag":[],"class_list":{"0":"post-240112","1":"product","2":"type-product","3":"status-publish","4":"has-post-thumbnail","6":"product_cat-bain-et-corps","7":"product_cat-boules-bombes-de-bain","8":"product_cat-gourmand","9":"product_cat-senteurs-aromes","10":"product_cat-tarte-aux-pommes","11":"pa_collection-jumbo-bath-bombs-180g-fr","12":"pa_made-in-royaume-uni","13":"pa_size-180g","15":"first","16":"outofstock","17":"purchasable","18":"product-type-simple"},"supplier_id":null,"supplier_sku":"DSJBB-15","barcode":null,"atum_controlled":true,"out_stock_date":"2026-04-25 15:14:37","out_stock_threshold":null,"inheritable":false,"inbound_stock":null,"stock_on_hold":0,"sold_today":0,"sales_last_days":0,"reserved_stock":null,"customer_returns":null,"warehouse_damage":null,"lost_in_post":null,"other_logs":null,"out_stock_days":0,"lost_sales":0,"has_location":null,"update_date":"2026-04-27T07:27:51","atum_locations":[],"atum_stock_status":"outofstock","restock_status":false,"low_stock_amount":"","sales_update_date":"2026-01-30T01:24:45","calc_backorders":null,"_links":{"self":[{"href":"https:\/\/aromasentia.com\/fr\/wp-json\/wp\/v2\/product\/240112","targetHints":{"allow":["GET"]}}],"collection":[{"href":"https:\/\/aromasentia.com\/fr\/wp-json\/wp\/v2\/product"}],"about":[{"href":"https:\/\/aromasentia.com\/fr\/wp-json\/wp\/v2\/types\/product"}],"replies":[{"embeddable":true,"href":"https:\/\/aromasentia.com\/fr\/wp-json\/wp\/v2\/comments?post=240112"}],"version-history":[{"count":0,"href":"https:\/\/aromasentia.com\/fr\/wp-json\/wp\/v2\/product\/240112\/revisions"}],"wp:featuredmedia":[{"embeddable":true,"href":"https:\/\/aromasentia.com\/fr\/wp-json\/wp\/v2\/media\/282149"}],"wp:attachment":[{"href":"https:\/\/aromasentia.com\/fr\/wp-json\/wp\/v2\/media?parent=240112"}],"wp:term":[{"taxonomy":"product_brand","embeddable":true,"href":"https:\/\/aromasentia.com\/fr\/wp-json\/wp\/v2\/product_brand?post=240112"},{"taxonomy":"product_cat","embeddable":true,"href":"https:\/\/aromasentia.com\/fr\/wp-json\/wp\/v2\/product_cat?post=240112"},{"taxonomy":"product_tag","embeddable":true,"href":"https:\/\/aromasentia.com\/fr\/wp-json\/wp\/v2\/product_tag?post=240112"}],"curies":[{"name":"wp","href":"https:\/\/api.w.org\/{rel}","templated":true}]}}