{"id":240056,"date":"2025-03-20T16:42:55","date_gmt":"2025-03-20T16:42:55","guid":{"rendered":"https:\/\/aromasentia.com\/product\/tea-tree-peppermint-solid-shampoo-loaf\/"},"modified":"2025-06-23T19:11:11","modified_gmt":"2025-06-23T19:11:11","slug":"arbre-a-the-et-menthe-poivree-shampoing-solide","status":"publish","type":"product","link":"https:\/\/aromasentia.com\/fr\/arbre-a-the-et-menthe-poivree-shampoing-solide\/","title":{"rendered":"Arbre \u00e0 Th\u00e9 et Menthe Poivr\u00e9e &#8211; Shampoing solide"},"content":{"rendered":"<p>Cette gamme grossiste de shampoing solide est fabriqu\u00e9e \u00e0 partir d&rsquo;huiles v\u00e9g\u00e9tales de haute qualit\u00e9. Apr\u00e8s avoir mouill\u00e9 les cheveux, appliquer vigoureusement afin de cr\u00e9er une mousse dense \u00e0 appliquer sur les cheveux.<\/p>\n<p>Shampooing solide &#8211; Arbre \u00e0 th\u00e9 et Menthe Poivr\u00e9e.<\/p>\n<p>Ce savon est fait avec de l&rsquo;huile essentielle arbre \u00e0 th\u00e9 qui a des propri\u00e9t\u00e9s naturellement antiseptiques et de l&rsquo;huile de menthe poivr\u00e9e rafra\u00eechissante pour donner aux cheveux gras et au cuir chevelu un traitement en profondeur tout en douceur.<\/p>\n<p>Ce produit est respectueux de l&rsquo;environnement car vous n\u2019avez pas \u00e0 gaspiller de bouteilles et d&#8217;emballages. C\u2019est aussi un moyen utile de transporter son shampoing quand vous d\u00e9sirez aller \u00e0 la piscine ou voyager.<\/p>\n<p>Parfum\u00e9 avec des huiles essentielles pures pour un superbe parfum naturel. Ses belles couleurs vives attireront l&rsquo;attention de vos clients.<\/p>\n<p>Le pain de shampooing solide p\u00e8se environ 1.5kgs.<\/p>\n","protected":false},"excerpt":{"rendered":"<p>Cette gamme grossiste de shampoing solide est fabriqu\u00e9e \u00e0 partir d&rsquo;huiles v\u00e9g\u00e9tales de haute qualit\u00e9. Apr\u00e8s avoir mouill\u00e9 les cheveux, appliquer vigoureusement afin de cr\u00e9er une mousse dense \u00e0 appliquer sur les cheveux. Shampooing solide &#8211; Arbre \u00e0 th\u00e9 et Menthe Poivr\u00e9e. Ce savon est fait avec de l&rsquo;huile essentielle arbre \u00e0 th\u00e9 qui a [&hellip;]<\/p>\n","protected":false},"featured_media":282561,"comment_status":"closed","ping_status":"open","template":"","meta":[],"product_brand":[],"product_cat":[26409,19443,26867,26338,26874,25842,20550],"product_tag":[],"class_list":{"0":"post-240056","1":"product","2":"type-product","3":"status-publish","4":"has-post-thumbnail","6":"product_cat-arbre-a-the-tea-tree","7":"product_cat-bain-et-corps","8":"product_cat-medicinal-camphre","9":"product_cat-menthe-poivree","10":"product_cat-menthole","11":"product_cat-senteurs-aromes","12":"product_cat-soin-cheveux","13":"pa_collection-solid-shampoo-with-argan-base-fr","14":"pa_made-in-royaume-uni","16":"first","17":"outofstock","18":"purchasable","19":"product-type-simple"},"supplier_id":null,"supplier_sku":"Solid-01","barcode":null,"atum_controlled":true,"out_stock_date":"2025-10-09 01:41:12","out_stock_threshold":null,"inheritable":false,"inbound_stock":null,"stock_on_hold":0,"sold_today":0,"sales_last_days":0,"reserved_stock":null,"customer_returns":null,"warehouse_damage":null,"lost_in_post":null,"other_logs":null,"out_stock_days":119,"lost_sales":0,"has_location":null,"update_date":"2026-02-06T00:01:13","atum_locations":[],"atum_stock_status":"outofstock","restock_status":false,"low_stock_amount":"","sales_update_date":"2026-02-06T00:01:13","calc_backorders":null,"_links":{"self":[{"href":"https:\/\/aromasentia.com\/fr\/wp-json\/wp\/v2\/product\/240056","targetHints":{"allow":["GET"]}}],"collection":[{"href":"https:\/\/aromasentia.com\/fr\/wp-json\/wp\/v2\/product"}],"about":[{"href":"https:\/\/aromasentia.com\/fr\/wp-json\/wp\/v2\/types\/product"}],"replies":[{"embeddable":true,"href":"https:\/\/aromasentia.com\/fr\/wp-json\/wp\/v2\/comments?post=240056"}],"version-history":[{"count":0,"href":"https:\/\/aromasentia.com\/fr\/wp-json\/wp\/v2\/product\/240056\/revisions"}],"wp:featuredmedia":[{"embeddable":true,"href":"https:\/\/aromasentia.com\/fr\/wp-json\/wp\/v2\/media\/282561"}],"wp:attachment":[{"href":"https:\/\/aromasentia.com\/fr\/wp-json\/wp\/v2\/media?parent=240056"}],"wp:term":[{"taxonomy":"product_brand","embeddable":true,"href":"https:\/\/aromasentia.com\/fr\/wp-json\/wp\/v2\/product_brand?post=240056"},{"taxonomy":"product_cat","embeddable":true,"href":"https:\/\/aromasentia.com\/fr\/wp-json\/wp\/v2\/product_cat?post=240056"},{"taxonomy":"product_tag","embeddable":true,"href":"https:\/\/aromasentia.com\/fr\/wp-json\/wp\/v2\/product_tag?post=240056"}],"curies":[{"name":"wp","href":"https:\/\/api.w.org\/{rel}","templated":true}]}}