{"id":239916,"date":"2025-03-20T16:45:23","date_gmt":"2025-03-20T16:45:23","guid":{"rendered":"https:\/\/aromasentia.com\/product\/love-hearts-bath-bomb-wild-flowers\/"},"modified":"2025-06-23T19:10:51","modified_gmt":"2025-06-23T19:10:51","slug":"bombe-de-bain-love-hearts-fleurs-sauvages","status":"publish","type":"product","link":"https:\/\/aromasentia.com\/fr\/bombe-de-bain-love-hearts-fleurs-sauvages\/","title":{"rendered":"Bombe de Bain Love Hearts &#8211; Fleurs sauvages"},"content":{"rendered":"<p>Rendez l&rsquo;heure du bain un peu plus sp\u00e9ciale avec nos <strong><span style=\"color: rgb(75, 80, 88);\">Bombes de Bain Coeur Love Funky<\/span><\/strong>. Fabriqu\u00e9es avec les meilleurs ingr\u00e9dients et chaque bombe de bain pesant plus de 180 grammes, ces bombes de bain sont vraiment funky et amusantes.&nbsp;<\/p>\n<p>Nous avons une grande s\u00e9lection pour vous, qui sont toutes d\u00e9licieusement parfum\u00e9es et richement d\u00e9cor\u00e9es. Ils sont id\u00e9aux pour offrir en cadeau ou simplement pour acheter comme une petite g\u00e2terie &#8211; les enfants et les adultes les ADORENT ! Chaque variation est livr\u00e9e avec son propre parfum et sa propre couleur, ce qui donne au bain une odeur merveilleuse.&nbsp;<\/p>\n<p>Les produits de bain sont toujours un excellent vendeur, qui n&rsquo;aime pas un bon bain ? ! Chaque bombe de bain est emball\u00e9e individuellement pour assurer fra\u00eecheur et parfum.&nbsp;<\/p>\n<p><strong><span style=\"color: rgb(141, 186, 216);\">Avec nos superbes designs et parfums, vos clients ne pourront pas r\u00e9sister&#8230;<\/span><\/strong><\/p>\n","protected":false},"excerpt":{"rendered":"<p>Rendez l&rsquo;heure du bain un peu plus sp\u00e9ciale avec nos Bombes de Bain Coeur Love Funky. Fabriqu\u00e9es avec les meilleurs ingr\u00e9dients et chaque bombe de bain pesant plus de 180 grammes, ces bombes de bain sont vraiment funky et amusantes.&nbsp; Nous avons une grande s\u00e9lection pour vous, qui sont toutes d\u00e9licieusement parfum\u00e9es et richement d\u00e9cor\u00e9es. [&hellip;]<\/p>\n","protected":false},"featured_media":283485,"comment_status":"closed","ping_status":"open","template":"","meta":{"_angie_page":false},"product_brand":[],"product_cat":[19443,20507],"product_tag":[],"class_list":{"0":"post-239916","1":"product","2":"type-product","3":"status-publish","4":"has-post-thumbnail","6":"product_cat-bain-et-corps","7":"product_cat-boules-bombes-de-bain","8":"pa_collection-funky-bath-bombs-180g-individually-shrink-wrapped-fr","9":"pa_made-in-royaume-uni","11":"first","12":"instock","13":"purchasable","14":"product-type-simple"},"supplier_id":null,"supplier_sku":"FBB-02","barcode":null,"atum_controlled":true,"out_stock_date":null,"out_stock_threshold":null,"inheritable":false,"inbound_stock":null,"stock_on_hold":0,"sold_today":0,"sales_last_days":0,"reserved_stock":null,"customer_returns":null,"warehouse_damage":null,"lost_in_post":null,"other_logs":null,"out_stock_days":0,"lost_sales":0,"has_location":null,"update_date":"2026-05-11T01:55:51","atum_locations":[],"atum_stock_status":"instock","restock_status":false,"low_stock_amount":"","sales_update_date":"2026-01-30T01:26:34","calc_backorders":null,"_links":{"self":[{"href":"https:\/\/aromasentia.com\/fr\/wp-json\/wp\/v2\/product\/239916","targetHints":{"allow":["GET"]}}],"collection":[{"href":"https:\/\/aromasentia.com\/fr\/wp-json\/wp\/v2\/product"}],"about":[{"href":"https:\/\/aromasentia.com\/fr\/wp-json\/wp\/v2\/types\/product"}],"replies":[{"embeddable":true,"href":"https:\/\/aromasentia.com\/fr\/wp-json\/wp\/v2\/comments?post=239916"}],"version-history":[{"count":0,"href":"https:\/\/aromasentia.com\/fr\/wp-json\/wp\/v2\/product\/239916\/revisions"}],"wp:featuredmedia":[{"embeddable":true,"href":"https:\/\/aromasentia.com\/fr\/wp-json\/wp\/v2\/media\/283485"}],"wp:attachment":[{"href":"https:\/\/aromasentia.com\/fr\/wp-json\/wp\/v2\/media?parent=239916"}],"wp:term":[{"taxonomy":"product_brand","embeddable":true,"href":"https:\/\/aromasentia.com\/fr\/wp-json\/wp\/v2\/product_brand?post=239916"},{"taxonomy":"product_cat","embeddable":true,"href":"https:\/\/aromasentia.com\/fr\/wp-json\/wp\/v2\/product_cat?post=239916"},{"taxonomy":"product_tag","embeddable":true,"href":"https:\/\/aromasentia.com\/fr\/wp-json\/wp\/v2\/product_tag?post=239916"}],"curies":[{"name":"wp","href":"https:\/\/api.w.org\/{rel}","templated":true}]}}