{"id":239876,"date":"2025-03-20T16:45:23","date_gmt":"2025-03-20T16:45:23","guid":{"rendered":"https:\/\/aromasentia.com\/product\/bold-fine-fragrance-perfume-oil-10ml\/"},"modified":"2025-06-23T19:10:46","modified_gmt":"2025-06-23T19:10:46","slug":"huile-de-parfum-fine-bold-10ml","status":"publish","type":"product","link":"https:\/\/aromasentia.com\/fr\/huile-de-parfum-fine-bold-10ml\/","title":{"rendered":"Huile de Parfum Fine Bold 10ml"},"content":{"rendered":"<p><strong><span style=\"color: rgb(250, 197, 28);\">L&rsquo;Huile de Parfum Fine Bold 10ml Roll-on<\/span><\/strong>, une explosion de 10ml de confiance sans \u00e9quivoque ! Augmentez l&rsquo;attrait de votre boutique avec ces senteurs captivantes.&nbsp;<\/p>\n<p>Chaque roll-on de 10 ml est un portail vers un monde o\u00f9l&rsquo;audace et le charme s&rsquo;entrem\u00ealent dans chaque goutte.&nbsp;<\/p>\n<p>Ces parfums sont plus que des senteurs ; ce sont des murmures d&rsquo;individualit\u00e9 et d&rsquo;autonomisation.&nbsp;<\/p>\n<p><strong><span style=\"color: rgb(75, 80, 88);\">Am\u00e9liorez l&rsquo;offre de votre boutique et s\u00e9duisez votre client\u00e8le avec le charme captivant de l&rsquo;Huile de Parfum Fine Bold 10ml<\/span><\/strong><\/p>\n<p><strong><span style=\"color: rgb(250, 197, 28);\">Profil du parfum : <\/span><\/strong><\/p>\n<p><strong><span style=\"color: rgb(75, 80, 88);\">Notes de t\u00eate :<\/span><\/strong> &#8211; Pamplemousse, orange sanguine, mandarine, agrumes, menthe, muscade, cardamome, clou de girofle, violette, fruits.&nbsp;<\/p>\n<p><strong><span style=\"color: rgb(75, 80, 88);\">Notes de c\u0153ur : <\/span><\/strong>&#8211; Lys, rose, gard\u00e9nia, freesia, jasmin, fleur d&rsquo;oranger.&nbsp;<\/p>\n<p><strong><span style=\"color: rgb(75, 80, 88);\">Notes de fond : <\/span><\/strong>&#8211; bois de c\u00e8dre, bois de santal, ambre, tonka, vanille, musc<\/p>\n","protected":false},"excerpt":{"rendered":"<p>L&rsquo;Huile de Parfum Fine Bold 10ml Roll-on, une explosion de 10ml de confiance sans \u00e9quivoque ! Augmentez l&rsquo;attrait de votre boutique avec ces senteurs captivantes.&nbsp; Chaque roll-on de 10 ml est un portail vers un monde o\u00f9l&rsquo;audace et le charme s&rsquo;entrem\u00ealent dans chaque goutte.&nbsp; Ces parfums sont plus que des senteurs ; ce sont des [&hellip;]<\/p>\n","protected":false},"featured_media":283583,"comment_status":"closed","ping_status":"open","template":"","meta":[],"product_brand":[],"product_cat":[19443],"product_tag":[],"class_list":{"0":"post-239876","1":"product","2":"type-product","3":"status-publish","4":"has-post-thumbnail","6":"product_cat-bain-et-corps","7":"pa_collection-fine-fragrance-perfume-oil-roll-ons-fr","8":"pa_made-in-royaume-uni","9":"pa_size-10ml","11":"first","12":"instock","13":"purchasable","14":"product-type-simple"},"supplier_id":null,"supplier_sku":"FFPO-16","barcode":null,"atum_controlled":true,"out_stock_date":null,"out_stock_threshold":null,"inheritable":false,"inbound_stock":null,"stock_on_hold":0,"sold_today":0,"sales_last_days":0,"reserved_stock":null,"customer_returns":null,"warehouse_damage":null,"lost_in_post":null,"other_logs":null,"out_stock_days":0,"lost_sales":0,"has_location":null,"update_date":"2026-02-09T14:55:20","atum_locations":[],"atum_stock_status":"instock","restock_status":false,"low_stock_amount":"","sales_update_date":"2025-09-05T00:19:04","calc_backorders":null,"_links":{"self":[{"href":"https:\/\/aromasentia.com\/fr\/wp-json\/wp\/v2\/product\/239876","targetHints":{"allow":["GET"]}}],"collection":[{"href":"https:\/\/aromasentia.com\/fr\/wp-json\/wp\/v2\/product"}],"about":[{"href":"https:\/\/aromasentia.com\/fr\/wp-json\/wp\/v2\/types\/product"}],"replies":[{"embeddable":true,"href":"https:\/\/aromasentia.com\/fr\/wp-json\/wp\/v2\/comments?post=239876"}],"version-history":[{"count":0,"href":"https:\/\/aromasentia.com\/fr\/wp-json\/wp\/v2\/product\/239876\/revisions"}],"wp:featuredmedia":[{"embeddable":true,"href":"https:\/\/aromasentia.com\/fr\/wp-json\/wp\/v2\/media\/283583"}],"wp:attachment":[{"href":"https:\/\/aromasentia.com\/fr\/wp-json\/wp\/v2\/media?parent=239876"}],"wp:term":[{"taxonomy":"product_brand","embeddable":true,"href":"https:\/\/aromasentia.com\/fr\/wp-json\/wp\/v2\/product_brand?post=239876"},{"taxonomy":"product_cat","embeddable":true,"href":"https:\/\/aromasentia.com\/fr\/wp-json\/wp\/v2\/product_cat?post=239876"},{"taxonomy":"product_tag","embeddable":true,"href":"https:\/\/aromasentia.com\/fr\/wp-json\/wp\/v2\/product_tag?post=239876"}],"curies":[{"name":"wp","href":"https:\/\/api.w.org\/{rel}","templated":true}]}}