{"id":239820,"date":"2025-03-20T16:46:43","date_gmt":"2025-03-20T16:46:43","guid":{"rendered":"https:\/\/aromasentia.com\/product\/alloy-fine-fragrance-perfume-oil-10ml\/"},"modified":"2025-06-23T19:10:38","modified_gmt":"2025-06-23T19:10:38","slug":"huile-de-parfum-fine-alloy-10ml","status":"publish","type":"product","link":"https:\/\/aromasentia.com\/fr\/huile-de-parfum-fine-alloy-10ml\/","title":{"rendered":"Huile de Parfum Fine Alloy 10ml"},"content":{"rendered":"<p>Transportez-vous dans un monde d&rsquo;allure irr\u00e9sistible avec notre <strong><span style=\"color: rgb(84, 172, 210);\">Huile de parfum fine Alloy<\/span><\/strong> . &nbsp;<\/p>\n<p>Ce flacon de 10 ml contient une symphonie de d\u00e9lices olfactifs qui captiveront vos sens et ceux de votre entourage.&nbsp;<\/p>\n<p>Notre Huile de Parfum Fine Alloy 10ml est un chef-d&rsquo;\u0153uvre qui refl\u00e8te l&rsquo;allure d'\u00a0\u00bb<strong><span style=\"color: rgb(75, 80, 88);\">Hypnose<\/span><\/strong>\u00ab\u00a0.&nbsp;<\/p>\n<p>Ce parfum captivant ne manquera pas de s\u00e9duire vos clients et de faire de votre magasin une destination privil\u00e9gi\u00e9e pour les parfums de haute qualit\u00e9.&nbsp;<\/p>\n<p>Rehaussez votre gamme de produits avec cette cr\u00e9ation enchanteresse. &nbsp;&nbsp;<\/p>\n<p><strong><span style=\"color: rgb(84, 172, 210);\">Profil du parfum :<\/span><\/strong>&nbsp;<\/p>\n<p><strong><span style=\"color: rgb(75, 80, 88);\">Notes de t\u00eate : <\/span><\/strong>Agrumes frais, fruit\u00e9, \u00e9pic\u00e9 et vert.&nbsp;<\/p>\n<p><strong><span style=\"color: rgb(75, 80, 88);\">Notes de c\u0153ur :<\/span><\/strong> Floral et \u00e9pic\u00e9.&nbsp;<\/p>\n<p><strong><span style=\"color: rgb(75, 80, 88);\">Notes de fond :<\/span><\/strong> Chaudes, bois\u00e9es, Tonka, V\u00e9tiver, Labdanum et Musc.<\/p>\n","protected":false},"excerpt":{"rendered":"<p>Transportez-vous dans un monde d&rsquo;allure irr\u00e9sistible avec notre Huile de parfum fine Alloy . &nbsp; Ce flacon de 10 ml contient une symphonie de d\u00e9lices olfactifs qui captiveront vos sens et ceux de votre entourage.&nbsp; Notre Huile de Parfum Fine Alloy 10ml est un chef-d&rsquo;\u0153uvre qui refl\u00e8te l&rsquo;allure d&rsquo;\u00a0\u00bbHypnose\u00ab\u00a0.&nbsp; Ce parfum captivant ne manquera pas [&hellip;]<\/p>\n","protected":false},"featured_media":283718,"comment_status":"closed","ping_status":"open","template":"","meta":{"_angie_page":false},"product_brand":[],"product_cat":[19443],"product_tag":[],"class_list":{"0":"post-239820","1":"product","2":"type-product","3":"status-publish","4":"has-post-thumbnail","6":"product_cat-bain-et-corps","7":"pa_collection-fine-fragrance-perfume-oil-roll-ons-fr","8":"pa_made-in-royaume-uni","9":"pa_size-10ml","11":"first","12":"instock","13":"purchasable","14":"product-type-simple"},"supplier_id":null,"supplier_sku":"FFPO-01","barcode":null,"atum_controlled":true,"out_stock_date":null,"out_stock_threshold":null,"inheritable":false,"inbound_stock":null,"stock_on_hold":0,"sold_today":0,"sales_last_days":0,"reserved_stock":null,"customer_returns":null,"warehouse_damage":null,"lost_in_post":null,"other_logs":null,"out_stock_days":0,"lost_sales":0,"has_location":null,"update_date":"2026-04-30T13:09:04","atum_locations":[],"atum_stock_status":"instock","restock_status":false,"low_stock_amount":"","sales_update_date":"2025-09-05T00:19:06","calc_backorders":null,"_links":{"self":[{"href":"https:\/\/aromasentia.com\/fr\/wp-json\/wp\/v2\/product\/239820","targetHints":{"allow":["GET"]}}],"collection":[{"href":"https:\/\/aromasentia.com\/fr\/wp-json\/wp\/v2\/product"}],"about":[{"href":"https:\/\/aromasentia.com\/fr\/wp-json\/wp\/v2\/types\/product"}],"replies":[{"embeddable":true,"href":"https:\/\/aromasentia.com\/fr\/wp-json\/wp\/v2\/comments?post=239820"}],"version-history":[{"count":0,"href":"https:\/\/aromasentia.com\/fr\/wp-json\/wp\/v2\/product\/239820\/revisions"}],"wp:featuredmedia":[{"embeddable":true,"href":"https:\/\/aromasentia.com\/fr\/wp-json\/wp\/v2\/media\/283718"}],"wp:attachment":[{"href":"https:\/\/aromasentia.com\/fr\/wp-json\/wp\/v2\/media?parent=239820"}],"wp:term":[{"taxonomy":"product_brand","embeddable":true,"href":"https:\/\/aromasentia.com\/fr\/wp-json\/wp\/v2\/product_brand?post=239820"},{"taxonomy":"product_cat","embeddable":true,"href":"https:\/\/aromasentia.com\/fr\/wp-json\/wp\/v2\/product_cat?post=239820"},{"taxonomy":"product_tag","embeddable":true,"href":"https:\/\/aromasentia.com\/fr\/wp-json\/wp\/v2\/product_tag?post=239820"}],"curies":[{"name":"wp","href":"https:\/\/api.w.org\/{rel}","templated":true}]}}