{"id":239804,"date":"2025-03-20T16:46:43","date_gmt":"2025-03-20T16:46:43","guid":{"rendered":"https:\/\/aromasentia.com\/product\/chloe-de-roses-fine-fragrance-perfume-oil-10ml\/"},"modified":"2025-06-23T19:10:36","modified_gmt":"2025-06-23T19:10:36","slug":"huile-de-parfum-fine-chloe-de-roses-10ml","status":"publish","type":"product","link":"https:\/\/aromasentia.com\/fr\/huile-de-parfum-fine-chloe-de-roses-10ml\/","title":{"rendered":"Huile de Parfum Fine Chloe de Roses 10ml"},"content":{"rendered":"<p><strong><span style=\"color: rgb(192, 66, 138);\">L&rsquo;Huile de Parfum Fine Chloe de Roses 10ml Roll-on<\/span><\/strong>, un bouquet d&rsquo;\u00e9l\u00e9gance de 10ml ! Augmentez le charme de votre boutique avec ces senteurs captivantes.&nbsp;<\/p>\n<p>Chaque roll-on de 10 ml est un portail vers un monde o\u00f9l&rsquo;essence des roses se d\u00e9ploie dans chaque goutte. Ces parfums ne sont pas seulement des senteurs, ce sont des murmures de la beaut\u00e9 et de la sophistication de la nature.&nbsp;<\/p>\n<p>Avec l&rsquo;Huile de Parfum Fine Chloe de Roses 10ml Roll-on, votre boutique devient un jardin parfum\u00e9, invitant les clients \u00e0 s&rsquo;immerger dans l&rsquo;attrait des plus belles fleurs de la nature.&nbsp;<\/p>\n<p><strong><span style=\"color: rgb(75, 80, 88);\">Rehaussez l&rsquo;offre de votre boutique et s\u00e9duisez votre client\u00e8le avec le charme captivant de l&rsquo;Huile de Parfum Fine Chloe de Roses 10ml<\/span><\/strong><\/p>\n<p><strong><span style=\"color: rgb(192, 66, 138);\">Profil du parfum :<\/span><\/strong>&nbsp;<\/p>\n<p><strong><span style=\"color: rgb(75, 80, 88);\">Notes de t\u00eate :<\/span><\/strong> Pivoine, Litchi.&nbsp;<\/p>\n<p><strong><span style=\"color: rgb(75, 80, 88);\">Notes de c\u0153ur : <\/span><\/strong>Rose, Magnolia, Freesia.&nbsp;<\/p>\n<p><strong><span style=\"color: rgb(75, 80, 88);\">Notes de fond : <\/span><\/strong>Bois de c\u00e8dre, ambre.<\/p>\n","protected":false},"excerpt":{"rendered":"<p>L&rsquo;Huile de Parfum Fine Chloe de Roses 10ml Roll-on, un bouquet d&rsquo;\u00e9l\u00e9gance de 10ml ! Augmentez le charme de votre boutique avec ces senteurs captivantes.&nbsp; Chaque roll-on de 10 ml est un portail vers un monde o\u00f9l&rsquo;essence des roses se d\u00e9ploie dans chaque goutte. Ces parfums ne sont pas seulement des senteurs, ce sont des [&hellip;]<\/p>\n","protected":false},"featured_media":283682,"comment_status":"closed","ping_status":"open","template":"","meta":{"_angie_page":false},"product_brand":[],"product_cat":[19443,26832,26369,25842],"product_tag":[],"class_list":{"0":"post-239804","1":"product","2":"type-product","3":"status-publish","4":"has-post-thumbnail","6":"product_cat-bain-et-corps","7":"product_cat-floral","8":"product_cat-rose","9":"product_cat-senteurs-aromes","10":"pa_collection-fine-fragrance-perfume-oil-roll-ons-fr","11":"pa_made-in-royaume-uni","12":"pa_size-10ml","14":"first","15":"instock","16":"purchasable","17":"product-type-simple"},"supplier_id":null,"supplier_sku":"FFPO-05","barcode":null,"atum_controlled":true,"out_stock_date":null,"out_stock_threshold":null,"inheritable":false,"inbound_stock":0,"stock_on_hold":0,"sold_today":0,"sales_last_days":0,"reserved_stock":0,"customer_returns":0,"warehouse_damage":0,"lost_in_post":0,"other_logs":0,"out_stock_days":0,"lost_sales":0,"has_location":false,"update_date":"2026-04-27T07:02:47","atum_locations":[],"atum_stock_status":"instock","restock_status":false,"low_stock_amount":"","sales_update_date":"2026-01-30T01:26:00","calc_backorders":null,"_links":{"self":[{"href":"https:\/\/aromasentia.com\/fr\/wp-json\/wp\/v2\/product\/239804","targetHints":{"allow":["GET"]}}],"collection":[{"href":"https:\/\/aromasentia.com\/fr\/wp-json\/wp\/v2\/product"}],"about":[{"href":"https:\/\/aromasentia.com\/fr\/wp-json\/wp\/v2\/types\/product"}],"replies":[{"embeddable":true,"href":"https:\/\/aromasentia.com\/fr\/wp-json\/wp\/v2\/comments?post=239804"}],"version-history":[{"count":0,"href":"https:\/\/aromasentia.com\/fr\/wp-json\/wp\/v2\/product\/239804\/revisions"}],"wp:featuredmedia":[{"embeddable":true,"href":"https:\/\/aromasentia.com\/fr\/wp-json\/wp\/v2\/media\/283682"}],"wp:attachment":[{"href":"https:\/\/aromasentia.com\/fr\/wp-json\/wp\/v2\/media?parent=239804"}],"wp:term":[{"taxonomy":"product_brand","embeddable":true,"href":"https:\/\/aromasentia.com\/fr\/wp-json\/wp\/v2\/product_brand?post=239804"},{"taxonomy":"product_cat","embeddable":true,"href":"https:\/\/aromasentia.com\/fr\/wp-json\/wp\/v2\/product_cat?post=239804"},{"taxonomy":"product_tag","embeddable":true,"href":"https:\/\/aromasentia.com\/fr\/wp-json\/wp\/v2\/product_tag?post=239804"}],"curies":[{"name":"wp","href":"https:\/\/api.w.org\/{rel}","templated":true}]}}