{"id":239772,"date":"2025-03-20T16:46:43","date_gmt":"2025-03-20T16:46:43","guid":{"rendered":"https:\/\/aromasentia.com\/product\/aroma-blast-fine-fragrance-perfume-oil-10ml\/"},"modified":"2025-06-23T19:10:32","modified_gmt":"2025-06-23T19:10:32","slug":"huile-de-parfum-fine-aroma-blast-10ml","status":"publish","type":"product","link":"https:\/\/aromasentia.com\/fr\/huile-de-parfum-fine-aroma-blast-10ml\/","title":{"rendered":"Huile de Parfum Fine Aroma Blast 10ml"},"content":{"rendered":"<p><strong><span style=\"color: rgb(133, 70, 30);\">L&rsquo;Huile de Parfum Fine Aroma Blast 10ml Roll-on<\/span><\/strong>, une explosion de 10ml de plaisir sensoriel ! Augmentez l&rsquo;attrait de votre boutique avec ces senteurs captivantes.<\/p>\n<p>&nbsp;Chaque roll-on de 10 ml est un portail vers un monde o\u00f9le parfum et l&rsquo;attrait s&rsquo;entrem\u00ealent dans chaque goutte.&nbsp;<\/p>\n<p>Ces parfums sont plus que des senteurs, ce sont des murmures de sophistication et d&rsquo;individualit\u00e9.&nbsp;<\/p>\n<p>Am\u00e9liorez l&rsquo;offre de votre boutique et s\u00e9duisez votre client\u00e8le avec le charme captivant de l&rsquo;Huile de Parfum Fine Aroma Blast 10ml<\/p>\n<p><strong><span style=\"color: rgb(133, 70, 30);\">Profil du parfum :<\/span><\/strong>&nbsp;<\/p>\n<p><strong><span style=\"color: rgb(75, 80, 88);\">Notes de t\u00eate :<\/span><\/strong> &#8211; bergamote, pamplemousse, lavande, \u00e9l\u00e9mi, muscade, gingembre, cannelle&nbsp;<\/p>\n<p><strong><span style=\"color: rgb(75, 80, 88);\">Notes de c\u0153ur :&nbsp;<\/span><\/strong>&#8211; jasmin, g\u00e9ranium, rose, freesia, gard\u00e9nia, fleur d&rsquo;oranger, noix de coco, framboise&nbsp;<\/p>\n<p><strong><span style=\"color: rgb(75, 80, 88);\">Notes de fond :<\/span><\/strong> &#8211; Vetivert, bois de ga&iuml;ac, bois de c\u00e8dre, ambre, musc cachemire, vanille, mousse.<\/p>\n","protected":false},"excerpt":{"rendered":"<p>L&rsquo;Huile de Parfum Fine Aroma Blast 10ml Roll-on, une explosion de 10ml de plaisir sensoriel ! Augmentez l&rsquo;attrait de votre boutique avec ces senteurs captivantes. &nbsp;Chaque roll-on de 10 ml est un portail vers un monde o\u00f9le parfum et l&rsquo;attrait s&rsquo;entrem\u00ealent dans chaque goutte.&nbsp; Ces parfums sont plus que des senteurs, ce sont des murmures [&hellip;]<\/p>\n","protected":false},"featured_media":283610,"comment_status":"closed","ping_status":"open","template":"","meta":{"_angie_page":false},"product_brand":[],"product_cat":[19443],"product_tag":[],"class_list":{"0":"post-239772","1":"product","2":"type-product","3":"status-publish","4":"has-post-thumbnail","6":"product_cat-bain-et-corps","7":"pa_collection-fine-fragrance-perfume-oil-roll-ons-fr","8":"pa_made-in-royaume-uni","9":"pa_size-10ml","11":"first","12":"instock","13":"purchasable","14":"product-type-simple"},"supplier_id":null,"supplier_sku":"FFPO-13","barcode":null,"atum_controlled":true,"out_stock_date":null,"out_stock_threshold":null,"inheritable":false,"inbound_stock":0,"stock_on_hold":0,"sold_today":0,"sales_last_days":0,"reserved_stock":0,"customer_returns":0,"warehouse_damage":0,"lost_in_post":0,"other_logs":0,"out_stock_days":0,"lost_sales":0,"has_location":false,"update_date":"2026-04-27T07:03:05","atum_locations":[],"atum_stock_status":"instock","restock_status":false,"low_stock_amount":"","sales_update_date":"2025-09-05T00:19:04","calc_backorders":null,"_links":{"self":[{"href":"https:\/\/aromasentia.com\/fr\/wp-json\/wp\/v2\/product\/239772","targetHints":{"allow":["GET"]}}],"collection":[{"href":"https:\/\/aromasentia.com\/fr\/wp-json\/wp\/v2\/product"}],"about":[{"href":"https:\/\/aromasentia.com\/fr\/wp-json\/wp\/v2\/types\/product"}],"replies":[{"embeddable":true,"href":"https:\/\/aromasentia.com\/fr\/wp-json\/wp\/v2\/comments?post=239772"}],"version-history":[{"count":0,"href":"https:\/\/aromasentia.com\/fr\/wp-json\/wp\/v2\/product\/239772\/revisions"}],"wp:featuredmedia":[{"embeddable":true,"href":"https:\/\/aromasentia.com\/fr\/wp-json\/wp\/v2\/media\/283610"}],"wp:attachment":[{"href":"https:\/\/aromasentia.com\/fr\/wp-json\/wp\/v2\/media?parent=239772"}],"wp:term":[{"taxonomy":"product_brand","embeddable":true,"href":"https:\/\/aromasentia.com\/fr\/wp-json\/wp\/v2\/product_brand?post=239772"},{"taxonomy":"product_cat","embeddable":true,"href":"https:\/\/aromasentia.com\/fr\/wp-json\/wp\/v2\/product_cat?post=239772"},{"taxonomy":"product_tag","embeddable":true,"href":"https:\/\/aromasentia.com\/fr\/wp-json\/wp\/v2\/product_tag?post=239772"}],"curies":[{"name":"wp","href":"https:\/\/api.w.org\/{rel}","templated":true}]}}