{"id":239756,"date":"2025-03-20T16:47:59","date_gmt":"2025-03-20T16:47:59","guid":{"rendered":"https:\/\/aromasentia.com\/product\/fragranced-sugar-body-scrub-strawberry-rum-300g\/"},"modified":"2025-06-23T19:10:28","modified_gmt":"2025-06-23T19:10:28","slug":"gommage-corporel-au-sucre-parfume-rhum-fraise-300g","status":"publish","type":"product","link":"https:\/\/aromasentia.com\/fr\/gommage-corporel-au-sucre-parfume-rhum-fraise-300g\/","title":{"rendered":"Gommage Corporel au Sucre Parfum\u00e9 &#8211; Rhum Fraise 300g"},"content":{"rendered":"<p>Ce sont les meilleurs gommages corporels au sucre en gros,<span style=\"color: rgb(75, 80, 88);\"><strong>&nbsp;leurs parfums sont merveilleux. Enrichi en beurre de karit\u00e9, qui stimule les sens et adoucit la peau.<\/strong><\/span><\/p>\n<p>Les peelings corporels au sucre exfolient en douceur, stimulent la circulation sanguine et \u00e9liminent les cellules mortes de la peau. Ils aident \u00e0 \u00e9liminer les impuret\u00e9s et laissent la peau fra\u00eeche, plus douce et plus \u00e9clatante.&nbsp;<\/p>\n<p><strong><span style=\"color: rgb(75, 80, 88);\">Utilisation<\/span><\/strong> : Appliquez une quantit\u00e9 suffisante de peeling sur la peau, qu&rsquo;elle soit humide ou s\u00e8che ! Massez la surface de la peau dans un mouvement circulaire. Rincer \u00e0 l&rsquo;eau ti\u00e8de. S\u00e9chez et appliquez votre cr\u00e8me hydratante pr\u00e9f\u00e9r\u00e9e. Utiliser une ou deux fois par semaine.<\/p>\n<p>&nbsp;Conservez-le dans un endroit frais et sec. Texture cr\u00e8me Gobelet en verre r\u00e9utilisable avec couvercle Gommage doux Parfums de fruits exotiques Choisissez parmi six parfums incroyables vendus dans un pack de 3 peelings Convient aux v\u00e9g\u00e9taliens &#8211; Pas de cruaut\u00e9 &#8211; Convient \u00e0 tous les types de peau &#8211; Fabriqu\u00e9 \u00e0 la main au Royaume-Uni Avertissement : Tenir hors de port\u00e9e des enfants. Le produit n&rsquo;est pas propre \u00e0 la consommation.&nbsp;<\/p>\n<p><strong><span style=\"color: rgb(141, 186, 216);\">Soyez prudent lorsque vous utilisez le r\u00e9cipient en verre lorsque vous l&rsquo;utilisez sous la douche ou dans le bain.<\/span><\/strong><\/p>\n","protected":false},"excerpt":{"rendered":"<p>Ce sont les meilleurs gommages corporels au sucre en gros,&nbsp;leurs parfums sont merveilleux. Enrichi en beurre de karit\u00e9, qui stimule les sens et adoucit la peau. Les peelings corporels au sucre exfolient en douceur, stimulent la circulation sanguine et \u00e9liminent les cellules mortes de la peau. Ils aident \u00e0 \u00e9liminer les impuret\u00e9s et laissent la [&hellip;]<\/p>\n","protected":false},"featured_media":284230,"comment_status":"closed","ping_status":"open","template":"","meta":{"_angie_page":false},"product_brand":[],"product_cat":[19443,26534,26846,25842,20986],"product_tag":[],"class_list":{"0":"post-239756","1":"product","2":"type-product","3":"status-publish","4":"has-post-thumbnail","6":"product_cat-bain-et-corps","7":"product_cat-fraise","8":"product_cat-fruite","9":"product_cat-senteurs-aromes","10":"product_cat-soins-corps","11":"pa_collection-fragranced-sugar-body-scrub-fr","12":"pa_made-in-royaume-uni","13":"pa_size-300g","15":"first","16":"instock","17":"purchasable","18":"product-type-simple"},"supplier_id":null,"supplier_sku":"FSBS-06","barcode":null,"atum_controlled":true,"out_stock_date":null,"out_stock_threshold":null,"inheritable":false,"inbound_stock":null,"stock_on_hold":0,"sold_today":0,"sales_last_days":0,"reserved_stock":null,"customer_returns":null,"warehouse_damage":null,"lost_in_post":null,"other_logs":null,"out_stock_days":0,"lost_sales":0,"has_location":null,"update_date":"2026-05-04T00:03:55","atum_locations":[],"atum_stock_status":"instock","restock_status":false,"low_stock_amount":"","sales_update_date":"2025-09-05T00:19:11","calc_backorders":null,"_links":{"self":[{"href":"https:\/\/aromasentia.com\/fr\/wp-json\/wp\/v2\/product\/239756","targetHints":{"allow":["GET"]}}],"collection":[{"href":"https:\/\/aromasentia.com\/fr\/wp-json\/wp\/v2\/product"}],"about":[{"href":"https:\/\/aromasentia.com\/fr\/wp-json\/wp\/v2\/types\/product"}],"replies":[{"embeddable":true,"href":"https:\/\/aromasentia.com\/fr\/wp-json\/wp\/v2\/comments?post=239756"}],"version-history":[{"count":0,"href":"https:\/\/aromasentia.com\/fr\/wp-json\/wp\/v2\/product\/239756\/revisions"}],"wp:featuredmedia":[{"embeddable":true,"href":"https:\/\/aromasentia.com\/fr\/wp-json\/wp\/v2\/media\/284230"}],"wp:attachment":[{"href":"https:\/\/aromasentia.com\/fr\/wp-json\/wp\/v2\/media?parent=239756"}],"wp:term":[{"taxonomy":"product_brand","embeddable":true,"href":"https:\/\/aromasentia.com\/fr\/wp-json\/wp\/v2\/product_brand?post=239756"},{"taxonomy":"product_cat","embeddable":true,"href":"https:\/\/aromasentia.com\/fr\/wp-json\/wp\/v2\/product_cat?post=239756"},{"taxonomy":"product_tag","embeddable":true,"href":"https:\/\/aromasentia.com\/fr\/wp-json\/wp\/v2\/product_tag?post=239756"}],"curies":[{"name":"wp","href":"https:\/\/api.w.org\/{rel}","templated":true}]}}