{"id":239752,"date":"2025-03-20T16:47:59","date_gmt":"2025-03-20T16:47:59","guid":{"rendered":"https:\/\/aromasentia.com\/product\/ginger-orange-hand-body-wash-300ml\/"},"modified":"2025-06-23T19:10:28","modified_gmt":"2025-06-23T19:10:28","slug":"nettoyant-mains-et-corps-gingembre-orange-300ml","status":"publish","type":"product","link":"https:\/\/aromasentia.com\/fr\/nettoyant-mains-et-corps-gingembre-orange-300ml\/","title":{"rendered":"Nettoyant Mains et Corps &#8211; Gingembre &#038; Orange 300ml"},"content":{"rendered":"<p><strong><span style=\"color: rgb(75, 80, 88);\">Le Nettoyant pour les mains et le corps au Gingembre &amp; Orange&nbsp;<\/span><\/strong>est un produit rafra\u00eechissant et revigorant, con&ccedil;u pour nettoyer et nourrir la peau tout en offrant une exp\u00e9rience \u00e9nergisante et inspirante.&nbsp;<\/p>\n<p>Le gingembre procure un parfum chaud et \u00e9pic\u00e9 \u00e0 la fois \u00e9nergisant et revigorant. Il est souvent utilis\u00e9 en aromath\u00e9rapie pour aider \u00e0 r\u00e9duire le stress et favoriser les sensations de relaxation.&nbsp;<\/p>\n<p>L&rsquo;orange a un parfum vif et citronn\u00e9 qui est \u00e0 la fois rafra\u00eechissant et \u00e9difiant.&nbsp;<\/p>\n<p>Ce nettoyant pour les mains et le corps mousse facilement et se rince ais\u00e9ment, laissant la peau douce et lisse. Il est parfait pour une utilisation sous la douche ou dans le bain et peut \u00eatre utilis\u00e9 quotidiennement pour aider \u00e0 garder la peau propre, hydrat\u00e9e et rafra\u00eechie.<\/p>\n","protected":false},"excerpt":{"rendered":"<p>Le Nettoyant pour les mains et le corps au Gingembre &amp; Orange&nbsp;est un produit rafra\u00eechissant et revigorant, con&ccedil;u pour nettoyer et nourrir la peau tout en offrant une exp\u00e9rience \u00e9nergisante et inspirante.&nbsp; Le gingembre procure un parfum chaud et \u00e9pic\u00e9 \u00e0 la fois \u00e9nergisant et revigorant. Il est souvent utilis\u00e9 en aromath\u00e9rapie pour aider \u00e0 [&hellip;]<\/p>\n","protected":false},"featured_media":284221,"comment_status":"closed","ping_status":"open","template":"","meta":{"_angie_page":false},"product_brand":[27075],"product_cat":[19443,26888,26191,26818,26307,25842,20986],"product_tag":[],"class_list":{"0":"post-239752","1":"product","2":"type-product","3":"status-publish","4":"has-post-thumbnail","6":"product_brand-aw-cosmetics","7":"product_cat-bain-et-corps","8":"product_cat-epice","9":"product_cat-gingembre-senteurs-aromes","10":"product_cat-hesperide-agrumes","11":"product_cat-orange","12":"product_cat-senteurs-aromes","13":"product_cat-soins-corps","14":"pa_collection-fragranced-hand-body-wash-fr","15":"pa_made-in-royaume-uni","16":"pa_size-300ml","18":"first","19":"instock","20":"purchasable","21":"product-type-simple"},"supplier_id":null,"supplier_sku":"FHBW-01","barcode":null,"atum_controlled":true,"out_stock_date":null,"out_stock_threshold":null,"inheritable":false,"inbound_stock":null,"stock_on_hold":0,"sold_today":0,"sales_last_days":0,"reserved_stock":null,"customer_returns":null,"warehouse_damage":null,"lost_in_post":null,"other_logs":null,"out_stock_days":0,"lost_sales":0,"has_location":null,"update_date":"2026-04-27T07:03:21","atum_locations":[],"atum_stock_status":"instock","restock_status":false,"low_stock_amount":"","sales_update_date":"2025-09-05T00:19:10","calc_backorders":null,"_links":{"self":[{"href":"https:\/\/aromasentia.com\/fr\/wp-json\/wp\/v2\/product\/239752","targetHints":{"allow":["GET"]}}],"collection":[{"href":"https:\/\/aromasentia.com\/fr\/wp-json\/wp\/v2\/product"}],"about":[{"href":"https:\/\/aromasentia.com\/fr\/wp-json\/wp\/v2\/types\/product"}],"replies":[{"embeddable":true,"href":"https:\/\/aromasentia.com\/fr\/wp-json\/wp\/v2\/comments?post=239752"}],"version-history":[{"count":0,"href":"https:\/\/aromasentia.com\/fr\/wp-json\/wp\/v2\/product\/239752\/revisions"}],"wp:featuredmedia":[{"embeddable":true,"href":"https:\/\/aromasentia.com\/fr\/wp-json\/wp\/v2\/media\/284221"}],"wp:attachment":[{"href":"https:\/\/aromasentia.com\/fr\/wp-json\/wp\/v2\/media?parent=239752"}],"wp:term":[{"taxonomy":"product_brand","embeddable":true,"href":"https:\/\/aromasentia.com\/fr\/wp-json\/wp\/v2\/product_brand?post=239752"},{"taxonomy":"product_cat","embeddable":true,"href":"https:\/\/aromasentia.com\/fr\/wp-json\/wp\/v2\/product_cat?post=239752"},{"taxonomy":"product_tag","embeddable":true,"href":"https:\/\/aromasentia.com\/fr\/wp-json\/wp\/v2\/product_tag?post=239752"}],"curies":[{"name":"wp","href":"https:\/\/api.w.org\/{rel}","templated":true}]}}