{"id":239748,"date":"2025-03-20T16:47:59","date_gmt":"2025-03-20T16:47:59","guid":{"rendered":"https:\/\/aromasentia.com\/product\/blackberry-almond-hand-body-wash-300ml\/"},"modified":"2025-06-23T19:10:27","modified_gmt":"2025-06-23T19:10:27","slug":"nettoyant-mains-et-corps-mure-amande-300ml","status":"publish","type":"product","link":"https:\/\/aromasentia.com\/fr\/nettoyant-mains-et-corps-mure-amande-300ml\/","title":{"rendered":"Nettoyant Mains et Corps &#8211; M\u00fbre &#038; Amande 300ml"},"content":{"rendered":"<p><strong>Le Nettoyant pour les mains et le corps &#8211; M\u00fbre &amp; Amande<\/strong> est un produit luxueux et nourrissant con&ccedil;u pour nettoyer et hydrater la peau tout en offrant un parfum d\u00e9licieux et sucr\u00e9.&nbsp;<\/p>\n<p>La m\u00fbre offre un parfum doux et fruit\u00e9 \u00e0 la fois rafra\u00eechissant et d\u00e9licieux. L&rsquo;amande, d&rsquo;autre part, a un parfum chaud qui est \u00e0 la fois r\u00e9confortant et indulgent.&nbsp;<\/p>\n<p>Ce nettoyant pour les mains et le corps mousse facilement et se rince ais\u00e9ment, laissant la peau douce et lisse. Il est parfait pour une utilisation sous la douche ou dans le bain et peut \u00eatre utilis\u00e9 quotidiennement pour aider \u00e0 garder la peau propre, hydrat\u00e9e et rafra\u00eechie.<\/p>\n","protected":false},"excerpt":{"rendered":"<p>Le Nettoyant pour les mains et le corps &#8211; M\u00fbre &amp; Amande est un produit luxueux et nourrissant con&ccedil;u pour nettoyer et hydrater la peau tout en offrant un parfum d\u00e9licieux et sucr\u00e9.&nbsp; La m\u00fbre offre un parfum doux et fruit\u00e9 \u00e0 la fois rafra\u00eechissant et d\u00e9licieux. L&rsquo;amande, d&rsquo;autre part, a un parfum chaud qui [&hellip;]<\/p>\n","protected":false},"featured_media":284212,"comment_status":"closed","ping_status":"open","template":"","meta":{"_angie_page":false},"product_brand":[27075],"product_cat":[26562,19443,26846,26853,26532,25842,20986],"product_tag":[],"class_list":{"0":"post-239748","1":"product","2":"type-product","3":"status-publish","4":"has-post-thumbnail","6":"product_brand-aw-cosmetics","7":"product_cat-amande","8":"product_cat-bain-et-corps","9":"product_cat-fruite","10":"product_cat-gourmand","11":"product_cat-mure","12":"product_cat-senteurs-aromes","13":"product_cat-soins-corps","14":"pa_collection-fragranced-hand-body-wash-fr","15":"pa_made-in-royaume-uni","16":"pa_size-300ml","18":"first","19":"instock","20":"purchasable","21":"product-type-simple"},"supplier_id":null,"supplier_sku":"FHBW-02","barcode":null,"atum_controlled":true,"out_stock_date":null,"out_stock_threshold":null,"inheritable":false,"inbound_stock":null,"stock_on_hold":0,"sold_today":0,"sales_last_days":0,"reserved_stock":null,"customer_returns":null,"warehouse_damage":null,"lost_in_post":null,"other_logs":null,"out_stock_days":0,"lost_sales":0,"has_location":null,"update_date":"2026-05-04T00:03:55","atum_locations":[],"atum_stock_status":"instock","restock_status":false,"low_stock_amount":"","sales_update_date":"2026-01-30T01:24:37","calc_backorders":null,"_links":{"self":[{"href":"https:\/\/aromasentia.com\/fr\/wp-json\/wp\/v2\/product\/239748","targetHints":{"allow":["GET"]}}],"collection":[{"href":"https:\/\/aromasentia.com\/fr\/wp-json\/wp\/v2\/product"}],"about":[{"href":"https:\/\/aromasentia.com\/fr\/wp-json\/wp\/v2\/types\/product"}],"replies":[{"embeddable":true,"href":"https:\/\/aromasentia.com\/fr\/wp-json\/wp\/v2\/comments?post=239748"}],"version-history":[{"count":0,"href":"https:\/\/aromasentia.com\/fr\/wp-json\/wp\/v2\/product\/239748\/revisions"}],"wp:featuredmedia":[{"embeddable":true,"href":"https:\/\/aromasentia.com\/fr\/wp-json\/wp\/v2\/media\/284212"}],"wp:attachment":[{"href":"https:\/\/aromasentia.com\/fr\/wp-json\/wp\/v2\/media?parent=239748"}],"wp:term":[{"taxonomy":"product_brand","embeddable":true,"href":"https:\/\/aromasentia.com\/fr\/wp-json\/wp\/v2\/product_brand?post=239748"},{"taxonomy":"product_cat","embeddable":true,"href":"https:\/\/aromasentia.com\/fr\/wp-json\/wp\/v2\/product_cat?post=239748"},{"taxonomy":"product_tag","embeddable":true,"href":"https:\/\/aromasentia.com\/fr\/wp-json\/wp\/v2\/product_tag?post=239748"}],"curies":[{"name":"wp","href":"https:\/\/api.w.org\/{rel}","templated":true}]}}