{"id":239740,"date":"2025-03-20T16:47:59","date_gmt":"2025-03-20T16:47:59","guid":{"rendered":"https:\/\/aromasentia.com\/product\/raspberry-pomegranate-hand-body-wash-300ml\/"},"modified":"2025-06-23T19:10:26","modified_gmt":"2025-06-23T19:10:26","slug":"nettoyant-mains-et-corps-framboise-grenade-300-ml","status":"publish","type":"product","link":"https:\/\/aromasentia.com\/fr\/nettoyant-mains-et-corps-framboise-grenade-300-ml\/","title":{"rendered":"Nettoyant Mains et Corps &#8211; Framboise &#038; Grenade 300 ml"},"content":{"rendered":"<p><strong><span style=\"color: rgb(75, 80, 88);\">Le Nettoyant pour les mains et le corps &#8211; Framboise &amp; Grenade<\/span><\/strong> est un produit luxueux et nourrissant con&ccedil;u pour nettoyer et hydrater la peau tout en offrant un parfum doux et fruit\u00e9.&nbsp;<\/p>\n<p>La framboise a un parfum doux et fruit\u00e9 \u00e0 la fois rafra\u00eechissant et d\u00e9licieux. La grenade a un parfum riche et acidul\u00e9 \u00e0 la fois tonique et gourmand.&nbsp;<\/p>\n<p>Ce nettoyant pour les mains et le corps mousse facilement et se rince ais\u00e9ment, laissant la peau douce et lisse. Il est parfait pour une utilisation sous la douche ou dans le bain et peut \u00eatre utilis\u00e9 quotidiennement pour aider \u00e0 garder la peau propre, hydrat\u00e9e et rafra\u00eechie.<\/p>\n","protected":false},"excerpt":{"rendered":"<p>Le Nettoyant pour les mains et le corps &#8211; Framboise &amp; Grenade est un produit luxueux et nourrissant con&ccedil;u pour nettoyer et hydrater la peau tout en offrant un parfum doux et fruit\u00e9.&nbsp; La framboise a un parfum doux et fruit\u00e9 \u00e0 la fois rafra\u00eechissant et d\u00e9licieux. La grenade a un parfum riche et acidul\u00e9 [&hellip;]<\/p>\n","protected":false},"featured_media":284194,"comment_status":"closed","ping_status":"open","template":"","meta":{"_angie_page":false},"product_brand":[27075],"product_cat":[19443,26846,26482,25842,20986],"product_tag":[],"class_list":{"0":"post-239740","1":"product","2":"type-product","3":"status-publish","4":"has-post-thumbnail","6":"product_brand-aw-cosmetics","7":"product_cat-bain-et-corps","8":"product_cat-fruite","9":"product_cat-grenade","10":"product_cat-senteurs-aromes","11":"product_cat-soins-corps","12":"pa_collection-fragranced-hand-body-wash-fr","13":"pa_made-in-royaume-uni","14":"pa_size-300ml","16":"first","17":"instock","18":"purchasable","19":"product-type-simple"},"supplier_id":null,"supplier_sku":"FHBW-04","barcode":null,"atum_controlled":true,"out_stock_date":null,"out_stock_threshold":null,"inheritable":false,"inbound_stock":0,"stock_on_hold":0,"sold_today":0,"sales_last_days":0,"reserved_stock":0,"customer_returns":0,"warehouse_damage":0,"lost_in_post":0,"other_logs":0,"out_stock_days":0,"lost_sales":0,"has_location":false,"update_date":"2026-04-27T07:03:21","atum_locations":[],"atum_stock_status":"instock","restock_status":false,"low_stock_amount":"","sales_update_date":"2026-01-30T01:24:49","calc_backorders":null,"_links":{"self":[{"href":"https:\/\/aromasentia.com\/fr\/wp-json\/wp\/v2\/product\/239740","targetHints":{"allow":["GET"]}}],"collection":[{"href":"https:\/\/aromasentia.com\/fr\/wp-json\/wp\/v2\/product"}],"about":[{"href":"https:\/\/aromasentia.com\/fr\/wp-json\/wp\/v2\/types\/product"}],"replies":[{"embeddable":true,"href":"https:\/\/aromasentia.com\/fr\/wp-json\/wp\/v2\/comments?post=239740"}],"version-history":[{"count":0,"href":"https:\/\/aromasentia.com\/fr\/wp-json\/wp\/v2\/product\/239740\/revisions"}],"wp:featuredmedia":[{"embeddable":true,"href":"https:\/\/aromasentia.com\/fr\/wp-json\/wp\/v2\/media\/284194"}],"wp:attachment":[{"href":"https:\/\/aromasentia.com\/fr\/wp-json\/wp\/v2\/media?parent=239740"}],"wp:term":[{"taxonomy":"product_brand","embeddable":true,"href":"https:\/\/aromasentia.com\/fr\/wp-json\/wp\/v2\/product_brand?post=239740"},{"taxonomy":"product_cat","embeddable":true,"href":"https:\/\/aromasentia.com\/fr\/wp-json\/wp\/v2\/product_cat?post=239740"},{"taxonomy":"product_tag","embeddable":true,"href":"https:\/\/aromasentia.com\/fr\/wp-json\/wp\/v2\/product_tag?post=239740"}],"curies":[{"name":"wp","href":"https:\/\/api.w.org\/{rel}","templated":true}]}}