{"id":239732,"date":"2025-03-20T16:47:59","date_gmt":"2025-03-20T16:47:59","guid":{"rendered":"https:\/\/aromasentia.com\/product\/sandalwood-silk-hand-body-wash-300ml\/"},"modified":"2025-06-23T19:10:25","modified_gmt":"2025-06-23T19:10:25","slug":"nettoyant-mains-et-corps-bois-de-santal-300-ml","status":"publish","type":"product","link":"https:\/\/aromasentia.com\/fr\/nettoyant-mains-et-corps-bois-de-santal-300-ml\/","title":{"rendered":"Nettoyant Mains et Corps &#8211; Bois de santal 300 ml"},"content":{"rendered":"<p><strong><span style=\"color: rgb(75, 80, 88);\">Le Nettoyant pour les mains et le corps en Soie de Bois de santal&nbsp;<\/span><\/strong>est un produit luxueux et indulgent, con&ccedil;u pour nettoyer et hydrater la peau tout en offrant un parfum chaud et bois\u00e9.&nbsp;<\/p>\n<p>Le parfum de soie de bois de santal est \u00e0 la fois apaisant et enracinant. Ce lavage offre une texture douce et soyeuse \u00e0 la fois luxueuse et nourrissante.&nbsp;<\/p>\n<p>Ce nettoyant pour les mains et le corps mousse facilement et se rince ais\u00e9ment, laissant la peau douce et lisse. Il est parfait pour une utilisation sous la douche ou dans le bain et peut \u00eatre utilis\u00e9 quotidiennement pour aider \u00e0 garder la peau propre, hydrat\u00e9e et rafra\u00eechie.<\/p>\n","protected":false},"excerpt":{"rendered":"<p>Le Nettoyant pour les mains et le corps en Soie de Bois de santal&nbsp;est un produit luxueux et indulgent, con&ccedil;u pour nettoyer et hydrater la peau tout en offrant un parfum chaud et bois\u00e9.&nbsp; Le parfum de soie de bois de santal est \u00e0 la fois apaisant et enracinant. Ce lavage offre une texture douce [&hellip;]<\/p>\n","protected":false},"featured_media":284176,"comment_status":"closed","ping_status":"open","template":"","meta":{"_angie_page":false},"product_brand":[27075],"product_cat":[19443,26389,26895,25842,20986],"product_tag":[],"class_list":{"0":"post-239732","1":"product","2":"type-product","3":"status-publish","4":"has-post-thumbnail","6":"product_brand-aw-cosmetics","7":"product_cat-bain-et-corps","8":"product_cat-bois-de-santal","9":"product_cat-boise","10":"product_cat-senteurs-aromes","11":"product_cat-soins-corps","12":"pa_collection-fragranced-hand-body-wash-fr","13":"pa_made-in-royaume-uni","14":"pa_size-300ml","16":"first","17":"instock","18":"purchasable","19":"product-type-simple"},"supplier_id":null,"supplier_sku":"FHBW-06","barcode":null,"atum_controlled":true,"out_stock_date":null,"out_stock_threshold":null,"inheritable":false,"inbound_stock":null,"stock_on_hold":0,"sold_today":0,"sales_last_days":0,"reserved_stock":null,"customer_returns":null,"warehouse_damage":null,"lost_in_post":null,"other_logs":null,"out_stock_days":0,"lost_sales":0,"has_location":null,"update_date":"2026-05-04T00:03:55","atum_locations":[],"atum_stock_status":"instock","restock_status":false,"low_stock_amount":"","sales_update_date":"2025-09-05T00:19:10","calc_backorders":null,"_links":{"self":[{"href":"https:\/\/aromasentia.com\/fr\/wp-json\/wp\/v2\/product\/239732","targetHints":{"allow":["GET"]}}],"collection":[{"href":"https:\/\/aromasentia.com\/fr\/wp-json\/wp\/v2\/product"}],"about":[{"href":"https:\/\/aromasentia.com\/fr\/wp-json\/wp\/v2\/types\/product"}],"replies":[{"embeddable":true,"href":"https:\/\/aromasentia.com\/fr\/wp-json\/wp\/v2\/comments?post=239732"}],"version-history":[{"count":0,"href":"https:\/\/aromasentia.com\/fr\/wp-json\/wp\/v2\/product\/239732\/revisions"}],"wp:featuredmedia":[{"embeddable":true,"href":"https:\/\/aromasentia.com\/fr\/wp-json\/wp\/v2\/media\/284176"}],"wp:attachment":[{"href":"https:\/\/aromasentia.com\/fr\/wp-json\/wp\/v2\/media?parent=239732"}],"wp:term":[{"taxonomy":"product_brand","embeddable":true,"href":"https:\/\/aromasentia.com\/fr\/wp-json\/wp\/v2\/product_brand?post=239732"},{"taxonomy":"product_cat","embeddable":true,"href":"https:\/\/aromasentia.com\/fr\/wp-json\/wp\/v2\/product_cat?post=239732"},{"taxonomy":"product_tag","embeddable":true,"href":"https:\/\/aromasentia.com\/fr\/wp-json\/wp\/v2\/product_tag?post=239732"}],"curies":[{"name":"wp","href":"https:\/\/api.w.org\/{rel}","templated":true}]}}