{"id":239728,"date":"2025-03-20T16:47:59","date_gmt":"2025-03-20T16:47:59","guid":{"rendered":"https:\/\/aromasentia.com\/product\/ginger-orange-lotion-300ml-white-label\/"},"modified":"2025-06-23T19:10:25","modified_gmt":"2025-06-23T19:10:25","slug":"ginger-orange-lotion-300ml-white-label","status":"publish","type":"product","link":"https:\/\/aromasentia.com\/fr\/ginger-orange-lotion-300ml-white-label\/","title":{"rendered":"Ginger &#038; Orange Lotion 300ml &#8211; White Label"},"content":{"rendered":"<p>Energisez et r\u00e9chauffez votre peau avec notre lotion au gingembre et \u00e0 l&rsquo;orange. Cette lotion de 300 ml en marque blanche offre une fusion vibrante de gingembre \u00e9pic\u00e9 et r\u00e9chauffant et d&rsquo;orange douce et vivifiante. Sa formule nourrissante s&rsquo;absorbe facilement, offrant une hydratation durable et laissant votre peau douce, lisse et revitalis\u00e9e. L&rsquo;ar\u00f4me piquant et r\u00e9confortant \u00e9veille les sens, ce qui en fait un hydratant quotidien parfait pour revigorer votre peau et \u00e9gayer votre humeur gr\u00e2ce \u00e0 son charme joyeux et aromatique.<\/p>\n","protected":false},"excerpt":{"rendered":"<p>Energisez et r\u00e9chauffez votre peau avec notre lotion au gingembre et \u00e0 l&rsquo;orange. Cette lotion de 300 ml en marque blanche offre une fusion vibrante de gingembre \u00e9pic\u00e9 et r\u00e9chauffant et d&rsquo;orange douce et vivifiante. Sa formule nourrissante s&rsquo;absorbe facilement, offrant une hydratation durable et laissant votre peau douce, lisse et revitalis\u00e9e. L&rsquo;ar\u00f4me piquant et [&hellip;]<\/p>\n","protected":false},"featured_media":284167,"comment_status":"closed","ping_status":"open","template":"","meta":[],"product_brand":[],"product_cat":[19443,26888,26191,26818,26307,25842,20986],"product_tag":[],"class_list":{"0":"post-239728","1":"product","2":"type-product","3":"status-publish","4":"has-post-thumbnail","6":"product_cat-bain-et-corps","7":"product_cat-epice","8":"product_cat-gingembre-senteurs-aromes","9":"product_cat-hesperide-agrumes","10":"product_cat-orange","11":"product_cat-senteurs-aromes","12":"product_cat-soins-corps","13":"pa_collection-unlabelled-fragranced-hand-body-lotions-fr","14":"pa_made-in-royaume-uni","15":"pa_size-300ml","17":"first","18":"instock","19":"purchasable","20":"product-type-simple"},"supplier_id":null,"supplier_sku":"FHBLUL-01DS","barcode":null,"atum_controlled":true,"out_stock_date":null,"out_stock_threshold":null,"inheritable":false,"inbound_stock":null,"stock_on_hold":0,"sold_today":0,"sales_last_days":0,"reserved_stock":null,"customer_returns":null,"warehouse_damage":null,"lost_in_post":null,"other_logs":null,"out_stock_days":0,"lost_sales":0,"has_location":null,"update_date":"2026-02-05T22:37:01","atum_locations":[],"atum_stock_status":"instock","restock_status":false,"low_stock_amount":"","sales_update_date":"2026-01-30T01:24:30","calc_backorders":null,"_links":{"self":[{"href":"https:\/\/aromasentia.com\/fr\/wp-json\/wp\/v2\/product\/239728","targetHints":{"allow":["GET"]}}],"collection":[{"href":"https:\/\/aromasentia.com\/fr\/wp-json\/wp\/v2\/product"}],"about":[{"href":"https:\/\/aromasentia.com\/fr\/wp-json\/wp\/v2\/types\/product"}],"replies":[{"embeddable":true,"href":"https:\/\/aromasentia.com\/fr\/wp-json\/wp\/v2\/comments?post=239728"}],"version-history":[{"count":0,"href":"https:\/\/aromasentia.com\/fr\/wp-json\/wp\/v2\/product\/239728\/revisions"}],"wp:featuredmedia":[{"embeddable":true,"href":"https:\/\/aromasentia.com\/fr\/wp-json\/wp\/v2\/media\/284167"}],"wp:attachment":[{"href":"https:\/\/aromasentia.com\/fr\/wp-json\/wp\/v2\/media?parent=239728"}],"wp:term":[{"taxonomy":"product_brand","embeddable":true,"href":"https:\/\/aromasentia.com\/fr\/wp-json\/wp\/v2\/product_brand?post=239728"},{"taxonomy":"product_cat","embeddable":true,"href":"https:\/\/aromasentia.com\/fr\/wp-json\/wp\/v2\/product_cat?post=239728"},{"taxonomy":"product_tag","embeddable":true,"href":"https:\/\/aromasentia.com\/fr\/wp-json\/wp\/v2\/product_tag?post=239728"}],"curies":[{"name":"wp","href":"https:\/\/api.w.org\/{rel}","templated":true}]}}