{"id":239724,"date":"2025-03-20T16:47:59","date_gmt":"2025-03-20T16:47:59","guid":{"rendered":"https:\/\/aromasentia.com\/product\/blackberry-almond-lotion-300ml-white-label\/"},"modified":"2025-06-23T19:10:24","modified_gmt":"2025-06-23T19:10:24","slug":"blackberry-almond-lotion-300ml-white-label","status":"publish","type":"product","link":"https:\/\/aromasentia.com\/fr\/blackberry-almond-lotion-300ml-white-label\/","title":{"rendered":"Blackberry &#038; Almond Lotion 300ml &#8211; White Label"},"content":{"rendered":"<p>Nourrissez votre peau avec le m\u00e9lange r\u00e9confortant de notre lotion aux m\u00fbres et aux amandes. Cette lotion de 300 ml en marque blanche associe l&rsquo;ar\u00f4me sucr\u00e9 et l\u00e9g\u00e8rement acidul\u00e9 des m\u00fbres m\u00fbres \u00e0 la douceur chaude et noiset\u00e9e de l&rsquo;amande. Sa formule riche et hydratante soigne la peau en profondeur, la laissant exceptionnellement douce, lisse et hydrat\u00e9e. Une lotion quotidienne merveilleusement r\u00e9confortante et indulgente qui dorlote votre peau tout en vous enveloppant d&rsquo;un d\u00e9licieux parfum subtilement sophistiqu\u00e9.<\/p>\n","protected":false},"excerpt":{"rendered":"<p>Nourrissez votre peau avec le m\u00e9lange r\u00e9confortant de notre lotion aux m\u00fbres et aux amandes. Cette lotion de 300 ml en marque blanche associe l&rsquo;ar\u00f4me sucr\u00e9 et l\u00e9g\u00e8rement acidul\u00e9 des m\u00fbres m\u00fbres \u00e0 la douceur chaude et noiset\u00e9e de l&rsquo;amande. Sa formule riche et hydratante soigne la peau en profondeur, la laissant exceptionnellement douce, lisse [&hellip;]<\/p>\n","protected":false},"featured_media":284158,"comment_status":"closed","ping_status":"open","template":"","meta":{"_angie_page":false},"product_brand":[],"product_cat":[26562,19443,26846,26853,26532,25842,20986],"product_tag":[],"class_list":{"0":"post-239724","1":"product","2":"type-product","3":"status-publish","4":"has-post-thumbnail","6":"product_cat-amande","7":"product_cat-bain-et-corps","8":"product_cat-fruite","9":"product_cat-gourmand","10":"product_cat-mure","11":"product_cat-senteurs-aromes","12":"product_cat-soins-corps","13":"pa_collection-unlabelled-fragranced-hand-body-lotions-fr","14":"pa_made-in-royaume-uni","15":"pa_size-300ml","17":"first","18":"instock","19":"purchasable","20":"product-type-simple"},"supplier_id":null,"supplier_sku":"FHBLUL-02DS","barcode":null,"atum_controlled":true,"out_stock_date":null,"out_stock_threshold":null,"inheritable":false,"inbound_stock":null,"stock_on_hold":0,"sold_today":0,"sales_last_days":0,"reserved_stock":null,"customer_returns":null,"warehouse_damage":null,"lost_in_post":null,"other_logs":null,"out_stock_days":0,"lost_sales":0,"has_location":null,"update_date":"2026-04-27T07:03:21","atum_locations":[],"atum_stock_status":"instock","restock_status":false,"low_stock_amount":"","sales_update_date":"2025-09-05T00:19:09","calc_backorders":null,"_links":{"self":[{"href":"https:\/\/aromasentia.com\/fr\/wp-json\/wp\/v2\/product\/239724","targetHints":{"allow":["GET"]}}],"collection":[{"href":"https:\/\/aromasentia.com\/fr\/wp-json\/wp\/v2\/product"}],"about":[{"href":"https:\/\/aromasentia.com\/fr\/wp-json\/wp\/v2\/types\/product"}],"replies":[{"embeddable":true,"href":"https:\/\/aromasentia.com\/fr\/wp-json\/wp\/v2\/comments?post=239724"}],"version-history":[{"count":0,"href":"https:\/\/aromasentia.com\/fr\/wp-json\/wp\/v2\/product\/239724\/revisions"}],"wp:featuredmedia":[{"embeddable":true,"href":"https:\/\/aromasentia.com\/fr\/wp-json\/wp\/v2\/media\/284158"}],"wp:attachment":[{"href":"https:\/\/aromasentia.com\/fr\/wp-json\/wp\/v2\/media?parent=239724"}],"wp:term":[{"taxonomy":"product_brand","embeddable":true,"href":"https:\/\/aromasentia.com\/fr\/wp-json\/wp\/v2\/product_brand?post=239724"},{"taxonomy":"product_cat","embeddable":true,"href":"https:\/\/aromasentia.com\/fr\/wp-json\/wp\/v2\/product_cat?post=239724"},{"taxonomy":"product_tag","embeddable":true,"href":"https:\/\/aromasentia.com\/fr\/wp-json\/wp\/v2\/product_tag?post=239724"}],"curies":[{"name":"wp","href":"https:\/\/api.w.org\/{rel}","templated":true}]}}