{"id":239708,"date":"2025-03-20T16:47:59","date_gmt":"2025-03-20T16:47:59","guid":{"rendered":"https:\/\/aromasentia.com\/product\/sandalwood-silk-lotion-300ml-white-label\/"},"modified":"2025-06-23T19:10:23","modified_gmt":"2025-06-23T19:10:23","slug":"sandalwood-silk-lotion-300ml-white-label","status":"publish","type":"product","link":"https:\/\/aromasentia.com\/fr\/sandalwood-silk-lotion-300ml-white-label\/","title":{"rendered":"Sandalwood Silk Lotion 300ml &#8211; White Label"},"content":{"rendered":"<p>Dorlotez votre peau avec la luxueuse lotion au bois de santal et \u00e0 la soie. Cette lotion de 300 ml en marque blanche offre une hydratation en profondeur et un ar\u00f4me sophistiqu\u00e9 de bois de santal. Sa formule soyeuse s&rsquo;absorbe parfaitement, laissant votre peau exceptionnellement douce, lisse et nourrie sans aucun r\u00e9sidu gras. Parfaite pour une hydratation quotidienne, elle offre un confort durable et un parfum subtil et \u00e9l\u00e9gant qui apaise les sens et ajoute une touche de luxe intemporel \u00e0 votre routine de soins de la peau.<\/p>\n","protected":false},"excerpt":{"rendered":"<p>Dorlotez votre peau avec la luxueuse lotion au bois de santal et \u00e0 la soie. Cette lotion de 300 ml en marque blanche offre une hydratation en profondeur et un ar\u00f4me sophistiqu\u00e9 de bois de santal. Sa formule soyeuse s&rsquo;absorbe parfaitement, laissant votre peau exceptionnellement douce, lisse et nourrie sans aucun r\u00e9sidu gras. Parfaite pour [&hellip;]<\/p>\n","protected":false},"featured_media":284122,"comment_status":"closed","ping_status":"open","template":"","meta":{"_angie_page":false},"product_brand":[],"product_cat":[19443,26389,26895,25842,20986],"product_tag":[],"class_list":{"0":"post-239708","1":"product","2":"type-product","3":"status-publish","4":"has-post-thumbnail","6":"product_cat-bain-et-corps","7":"product_cat-bois-de-santal","8":"product_cat-boise","9":"product_cat-senteurs-aromes","10":"product_cat-soins-corps","11":"pa_collection-unlabelled-fragranced-hand-body-lotions-fr","12":"pa_made-in-royaume-uni","13":"pa_size-300ml","15":"first","16":"instock","17":"purchasable","18":"product-type-simple"},"supplier_id":null,"supplier_sku":"FHBLUL-06DS","barcode":null,"atum_controlled":true,"out_stock_date":null,"out_stock_threshold":null,"inheritable":false,"inbound_stock":null,"stock_on_hold":0,"sold_today":0,"sales_last_days":0,"reserved_stock":null,"customer_returns":null,"warehouse_damage":null,"lost_in_post":null,"other_logs":null,"out_stock_days":0,"lost_sales":0,"has_location":null,"update_date":"2026-05-04T00:03:55","atum_locations":[],"atum_stock_status":"instock","restock_status":false,"low_stock_amount":"","sales_update_date":"2025-09-05T00:19:08","calc_backorders":null,"_links":{"self":[{"href":"https:\/\/aromasentia.com\/fr\/wp-json\/wp\/v2\/product\/239708","targetHints":{"allow":["GET"]}}],"collection":[{"href":"https:\/\/aromasentia.com\/fr\/wp-json\/wp\/v2\/product"}],"about":[{"href":"https:\/\/aromasentia.com\/fr\/wp-json\/wp\/v2\/types\/product"}],"replies":[{"embeddable":true,"href":"https:\/\/aromasentia.com\/fr\/wp-json\/wp\/v2\/comments?post=239708"}],"version-history":[{"count":0,"href":"https:\/\/aromasentia.com\/fr\/wp-json\/wp\/v2\/product\/239708\/revisions"}],"wp:featuredmedia":[{"embeddable":true,"href":"https:\/\/aromasentia.com\/fr\/wp-json\/wp\/v2\/media\/284122"}],"wp:attachment":[{"href":"https:\/\/aromasentia.com\/fr\/wp-json\/wp\/v2\/media?parent=239708"}],"wp:term":[{"taxonomy":"product_brand","embeddable":true,"href":"https:\/\/aromasentia.com\/fr\/wp-json\/wp\/v2\/product_brand?post=239708"},{"taxonomy":"product_cat","embeddable":true,"href":"https:\/\/aromasentia.com\/fr\/wp-json\/wp\/v2\/product_cat?post=239708"},{"taxonomy":"product_tag","embeddable":true,"href":"https:\/\/aromasentia.com\/fr\/wp-json\/wp\/v2\/product_tag?post=239708"}],"curies":[{"name":"wp","href":"https:\/\/api.w.org\/{rel}","templated":true}]}}