{"id":239656,"date":"2025-03-20T16:48:36","date_gmt":"2025-03-20T16:48:36","guid":{"rendered":"https:\/\/aromasentia.com\/product\/fruity-scrub-soap-on-a-rope-coconut\/"},"modified":"2025-06-23T19:10:14","modified_gmt":"2025-06-23T19:10:14","slug":"savon-gommant-fruite-sur-corde-noix-de-coco","status":"publish","type":"product","link":"https:\/\/aromasentia.com\/fr\/savon-gommant-fruite-sur-corde-noix-de-coco\/","title":{"rendered":"Savon Gommant Fruit\u00e9 sur Corde &#8211; Noix de Coco"},"content":{"rendered":"<p>Obtenez votre gommage avec ces <strong><span style=\"color: rgb(75, 80, 88);\">Savons de Gommage fruit\u00e9s Noix de Coco&nbsp;<\/span><\/strong>sur une corde. L&rsquo;exfoliation est l&rsquo;une des meilleures choses que vous puissiez faire pour votre peau.&nbsp;<\/p>\n<p>Notre production a travaill\u00e9 24 heures sur 24 pour proposer \u00e0 vos clients cette nouvelle gamme de savon exfoliant fruit\u00e9 sur corde, fabriqu\u00e9 \u00e0 partir <strong><span style=\"color: rgb(75, 80, 88);\">d&rsquo;huiles parfum\u00e9es de la plus haute qualit\u00e9 et de luffa \u00e9gyptien de luxe naturel.&nbsp;<\/span><\/strong><\/p>\n<p>Ces savons sont livr\u00e9s sur une ficelle en coton qui les rend faciles \u00e0 tenir et \u00e0 accrocher \u00e0 la douche ou au robinet. Le savon gommant fruit\u00e9 sur corde offre une excellente exfoliation. Ils sont parfaits pour une utilisation sous la douche et dans le bain, en raison de ses fibres uniques, un luffa est id\u00e9al pour frotter le corps et laissera la peau de votre client magnifiquement lisse et sentant merveilleusement bon. Les parfums tropicaux de ces savons rendront votre corps et votre \u00e2me propres, nourris et hydrat\u00e9s.&nbsp;<\/p>\n<p>Comment utiliser comme gommage pour le corps : frottez le luffa avec du savon humide et frottez doucement sur tout votre corps. Vous pourriez \u00e9galement \u00eatre int\u00e9ress\u00e9 par notre <a href=\"https:\/\/aromasentia.com\/elloofah\"><strong><span style=\"color: rgb(141, 186, 216);\">luffa de luxe \u00e9gyptien&nbsp;<\/span><\/strong><\/a>et notre <a href=\"https:\/\/aromasentia.com\/hss\"><strong><span style=\"color: rgb(141, 186, 216);\">savon Happy Scrub<\/span><\/strong><\/a>. Respectueux des v\u00e9g\u00e9taliens &#8211; Fabriqu\u00e9 au Royaume-Uni &#8211; Parfums magnifiques &#8211; Coffret cadeau &#8211;&nbsp;<\/p>\n<p>Fabriqu\u00e9 \u00e0 la main avec amour Dimensions du gommage au savon : D : 10 cm H : 2 cm Poids : 150 g&nbsp;<\/p>\n<p><strong><span style=\"color: rgb(141, 186, 216);\">Commandez aujourd&rsquo;hui et offrez \u00e0 vos clients la sensation Happy Scrub<\/span><\/strong><\/p>\n","protected":false},"excerpt":{"rendered":"<p>Obtenez votre gommage avec ces Savons de Gommage fruit\u00e9s Noix de Coco&nbsp;sur une corde. L&rsquo;exfoliation est l&rsquo;une des meilleures choses que vous puissiez faire pour votre peau.&nbsp; Notre production a travaill\u00e9 24 heures sur 24 pour proposer \u00e0 vos clients cette nouvelle gamme de savon exfoliant fruit\u00e9 sur corde, fabriqu\u00e9 \u00e0 partir d&rsquo;huiles parfum\u00e9es de [&hellip;]<\/p>\n","protected":false},"featured_media":284669,"comment_status":"closed","ping_status":"open","template":"","meta":[],"product_brand":[],"product_cat":[19443,20586],"product_tag":[],"class_list":{"0":"post-239656","1":"product","2":"type-product","3":"status-publish","4":"has-post-thumbnail","6":"product_cat-bain-et-corps","7":"product_cat-savons-bio-naturels","8":"pa_made-in-royaume-uni","10":"first","11":"outofstock","12":"purchasable","13":"product-type-simple"},"supplier_id":null,"supplier_sku":"FSS-08","barcode":null,"atum_controlled":true,"out_stock_date":"2025-10-09 13:09:35","out_stock_threshold":null,"inheritable":false,"inbound_stock":null,"stock_on_hold":0,"sold_today":0,"sales_last_days":0,"reserved_stock":null,"customer_returns":null,"warehouse_damage":null,"lost_in_post":null,"other_logs":null,"out_stock_days":112,"lost_sales":0,"has_location":null,"update_date":"2026-01-30T01:25:14","atum_locations":[],"atum_stock_status":"outofstock","restock_status":false,"low_stock_amount":"","sales_update_date":"2026-01-30T01:25:14","calc_backorders":null,"_links":{"self":[{"href":"https:\/\/aromasentia.com\/fr\/wp-json\/wp\/v2\/product\/239656","targetHints":{"allow":["GET"]}}],"collection":[{"href":"https:\/\/aromasentia.com\/fr\/wp-json\/wp\/v2\/product"}],"about":[{"href":"https:\/\/aromasentia.com\/fr\/wp-json\/wp\/v2\/types\/product"}],"replies":[{"embeddable":true,"href":"https:\/\/aromasentia.com\/fr\/wp-json\/wp\/v2\/comments?post=239656"}],"version-history":[{"count":0,"href":"https:\/\/aromasentia.com\/fr\/wp-json\/wp\/v2\/product\/239656\/revisions"}],"wp:featuredmedia":[{"embeddable":true,"href":"https:\/\/aromasentia.com\/fr\/wp-json\/wp\/v2\/media\/284669"}],"wp:attachment":[{"href":"https:\/\/aromasentia.com\/fr\/wp-json\/wp\/v2\/media?parent=239656"}],"wp:term":[{"taxonomy":"product_brand","embeddable":true,"href":"https:\/\/aromasentia.com\/fr\/wp-json\/wp\/v2\/product_brand?post=239656"},{"taxonomy":"product_cat","embeddable":true,"href":"https:\/\/aromasentia.com\/fr\/wp-json\/wp\/v2\/product_cat?post=239656"},{"taxonomy":"product_tag","embeddable":true,"href":"https:\/\/aromasentia.com\/fr\/wp-json\/wp\/v2\/product_tag?post=239656"}],"curies":[{"name":"wp","href":"https:\/\/api.w.org\/{rel}","templated":true}]}}