{"id":239624,"date":"2025-03-20T16:48:36","date_gmt":"2025-03-20T16:48:36","guid":{"rendered":"https:\/\/aromasentia.com\/product\/funky-soap-loaf-raspberry-compote\/"},"modified":"2025-06-23T19:10:10","modified_gmt":"2025-06-23T19:10:10","slug":"savon-funky-compote-de-framboise","status":"publish","type":"product","link":"https:\/\/aromasentia.com\/fr\/savon-funky-compote-de-framboise\/","title":{"rendered":"Savon Funky &#8211; Compote de Framboise"},"content":{"rendered":"<p><strong><span style=\"color: rgb(75, 80, 88);\">Funky Savon &#8211; Compote de Framboise.<\/span><\/strong><\/p>\n<p><strong><span style=\"color: rgb(75, 80, 88);\"><\/span><\/strong>Un look r\u00e9tro et une odeur fabuleuse ! Ce savon color\u00e9 attirera imm\u00e9diatement l&rsquo;attention de vos clients. Chaque Savon Funky p\u00e8se environ 1,45 kg. Il peut \u00eatre coup\u00e9 en au moins 10 tranches. <strong><span style=\"color: rgb(75, 80, 88);\">Veuillez noter<\/span><\/strong> : la couleur ou le design peut l\u00e9g\u00e8rement varier.&nbsp;<\/p>\n<p>Tr\u00e8s souvent, l&rsquo;\u00e9tal le plus fr\u00e9quent\u00e9 du march\u00e9 artisanal est celui qui vend des savons faits \u00e0 la main coup\u00e9s du pain. Le secret est dans l&rsquo;affichage&#8230; soyez cr\u00e9atif !&nbsp;<\/p>\n<p>C&rsquo;est un savon vraiment incroyable pour tous ceux qui veulent faire du bain moment un peu plus sp\u00e9cial et dr\u00f4le. Votre client va adorer son design fou plein de couleurs.&nbsp;<\/p>\n<p>Nous fournissons \u00e9galement des feuilles de papier\/plastique, des <a href=\"https:\/\/aromasentia.com\/hms\"><strong>coupe-savon<\/strong><\/a> et des <a href=\"https:\/\/aromasentia.com\/awlabel\"><strong>\u00e9tiquettes<\/strong><\/a>.&nbsp;<\/p>\n<p><strong><span style=\"color: rgb(141, 186, 216);\">* Fait \u00e0 la main * Vegan Friendly * Fabriqu\u00e9 au Royaume-Uni *<\/span><\/strong><\/p>\n","protected":false},"excerpt":{"rendered":"<p>Funky Savon &#8211; Compote de Framboise. Un look r\u00e9tro et une odeur fabuleuse ! Ce savon color\u00e9 attirera imm\u00e9diatement l&rsquo;attention de vos clients. Chaque Savon Funky p\u00e8se environ 1,45 kg. Il peut \u00eatre coup\u00e9 en au moins 10 tranches. Veuillez noter : la couleur ou le design peut l\u00e9g\u00e8rement varier.&nbsp; Tr\u00e8s souvent, l&rsquo;\u00e9tal le plus [&hellip;]<\/p>\n","protected":false},"featured_media":284413,"comment_status":"closed","ping_status":"open","template":"","meta":[],"product_brand":[],"product_cat":[19443,20586],"product_tag":[],"class_list":{"0":"post-239624","1":"product","2":"type-product","3":"status-publish","4":"has-post-thumbnail","6":"product_cat-bain-et-corps","7":"product_cat-savons-bio-naturels","8":"pa_made-in-royaume-uni","10":"first","11":"outofstock","12":"purchasable","13":"product-type-simple"},"supplier_id":null,"supplier_sku":"FSL-02","barcode":null,"atum_controlled":true,"out_stock_date":"2025-09-04 23:39:59","out_stock_threshold":null,"inheritable":false,"inbound_stock":null,"stock_on_hold":0,"sold_today":0,"sales_last_days":0,"reserved_stock":null,"customer_returns":null,"warehouse_damage":null,"lost_in_post":null,"other_logs":null,"out_stock_days":0,"lost_sales":0,"has_location":null,"update_date":"2026-02-11T09:34:47","atum_locations":[],"atum_stock_status":"outofstock","restock_status":false,"low_stock_amount":"","sales_update_date":"2025-09-02T00:09:48","calc_backorders":null,"_links":{"self":[{"href":"https:\/\/aromasentia.com\/fr\/wp-json\/wp\/v2\/product\/239624","targetHints":{"allow":["GET"]}}],"collection":[{"href":"https:\/\/aromasentia.com\/fr\/wp-json\/wp\/v2\/product"}],"about":[{"href":"https:\/\/aromasentia.com\/fr\/wp-json\/wp\/v2\/types\/product"}],"replies":[{"embeddable":true,"href":"https:\/\/aromasentia.com\/fr\/wp-json\/wp\/v2\/comments?post=239624"}],"version-history":[{"count":0,"href":"https:\/\/aromasentia.com\/fr\/wp-json\/wp\/v2\/product\/239624\/revisions"}],"wp:featuredmedia":[{"embeddable":true,"href":"https:\/\/aromasentia.com\/fr\/wp-json\/wp\/v2\/media\/284413"}],"wp:attachment":[{"href":"https:\/\/aromasentia.com\/fr\/wp-json\/wp\/v2\/media?parent=239624"}],"wp:term":[{"taxonomy":"product_brand","embeddable":true,"href":"https:\/\/aromasentia.com\/fr\/wp-json\/wp\/v2\/product_brand?post=239624"},{"taxonomy":"product_cat","embeddable":true,"href":"https:\/\/aromasentia.com\/fr\/wp-json\/wp\/v2\/product_cat?post=239624"},{"taxonomy":"product_tag","embeddable":true,"href":"https:\/\/aromasentia.com\/fr\/wp-json\/wp\/v2\/product_tag?post=239624"}],"curies":[{"name":"wp","href":"https:\/\/api.w.org\/{rel}","templated":true}]}}