{"id":239576,"date":"2025-03-20T16:49:31","date_gmt":"2025-03-20T16:49:31","guid":{"rendered":"https:\/\/aromasentia.com\/product\/amethyst-gem-bracelet-bath-bomb\/"},"modified":"2025-06-23T19:10:03","modified_gmt":"2025-06-23T19:10:03","slug":"bombe-de-bain-avec-bracelet-en-pierres-precieuses-amethyste","status":"publish","type":"product","link":"https:\/\/aromasentia.com\/fr\/bombe-de-bain-avec-bracelet-en-pierres-precieuses-amethyste\/","title":{"rendered":"Bombe de Bain avec Bracelet en Pierres Pr\u00e9cieuses &#8211; Am\u00e9thyste"},"content":{"rendered":"<p><strong><span style=\"color: rgb(75, 80, 88);\">Bombe de bain avec Bracelets en pierres pr\u00e9cieuses d&rsquo;Am\u00e9thyste &nbsp;&#8211; Lavande et arbre \u00e0 th\u00e9 avec sel de mer.<\/span><\/strong><\/p>\n<p>Transformez l&rsquo;heure du bain en une exp\u00e9rience de spa somptueuse avec ces bombes de bain artisanales qui non seulement nourrissent la peau, mais cr\u00e9ent \u00e9galement une atmosph\u00e8re relaxante et apaisante, laissant votre client se sentir rafra\u00eechi et rajeuni.&nbsp;<\/p>\n<p>Mais la meilleure partie ? \u00e0 l&rsquo;int\u00e9rieur de chaque bombe de bain, vous d\u00e9couvrirez un magnifique bracelet de pierres pr\u00e9cieuses qui se d\u00e9cline en une vari\u00e9t\u00e9 de pierres pr\u00e9cieuses, chacune avec ses propri\u00e9t\u00e9s et sa signification uniques.&nbsp;<\/p>\n<p>Choisissez parmi une gamme de pierres pr\u00e9cieuses telles que l&rsquo;am\u00e9thyste, le quartz rose, l&rsquo;\u0153il de tigre, l&rsquo;aventurine, la sodalite, le jaspe blanc. D\u00e9posez simplement la bombe de bain dans votre baignoire et regardez-la p\u00e9tiller et lib\u00e9rer son parfum paradisiaque. Laissez-vous tremper dans l&rsquo;eau luxueuse pendant que le bracelet de pierres pr\u00e9cieuses flotte \u00e0 la surface. Une fois votre bain termin\u00e9, enfilez votre nouveau bracelet de pierres pr\u00e9cieuses et ressentez les bienfaits des propri\u00e9t\u00e9s naturelles des pierres pr\u00e9cieuses.&nbsp;<\/p>\n<p><strong><span style=\"color: rgb(141, 186, 216);\">Fabriqu\u00e9 au Royaume-Uni &#8211; Poids de la bombe de bain : 140 g<\/span><\/strong><\/p>\n","protected":false},"excerpt":{"rendered":"<p>Bombe de bain avec Bracelets en pierres pr\u00e9cieuses d&rsquo;Am\u00e9thyste &nbsp;&#8211; Lavande et arbre \u00e0 th\u00e9 avec sel de mer. Transformez l&rsquo;heure du bain en une exp\u00e9rience de spa somptueuse avec ces bombes de bain artisanales qui non seulement nourrissent la peau, mais cr\u00e9ent \u00e9galement une atmosph\u00e8re relaxante et apaisante, laissant votre client se sentir rafra\u00eechi [&hellip;]<\/p>\n","protected":false},"featured_media":284830,"comment_status":"closed","ping_status":"open","template":"","meta":{"_angie_page":false},"product_brand":[],"product_cat":[25543,19443,20507,25206,20508,25226],"product_tag":[],"class_list":{"0":"post-239576","1":"product","2":"type-product","3":"status-publish","4":"has-post-thumbnail","6":"product_cat-amethyste","7":"product_cat-bain-et-corps","8":"product_cat-boules-bombes-de-bain","9":"product_cat-bracelets","10":"product_cat-coffrets-cadeaux","11":"product_cat-pierres-et-mineraux","12":"pa_collection-gemstone-bracelet-bath-bomb-fr","13":"pa_made-in-royaume-uni","15":"first","16":"instock","17":"purchasable","18":"product-type-simple"},"supplier_id":null,"supplier_sku":"GBBB-04","barcode":null,"atum_controlled":true,"out_stock_date":null,"out_stock_threshold":null,"inheritable":false,"inbound_stock":null,"stock_on_hold":0,"sold_today":0,"sales_last_days":0,"reserved_stock":null,"customer_returns":null,"warehouse_damage":null,"lost_in_post":null,"other_logs":null,"out_stock_days":0,"lost_sales":0,"has_location":null,"update_date":"2026-04-27T07:05:00","atum_locations":[],"atum_stock_status":"instock","restock_status":false,"low_stock_amount":"","sales_update_date":"2025-09-05T00:19:14","calc_backorders":null,"_links":{"self":[{"href":"https:\/\/aromasentia.com\/fr\/wp-json\/wp\/v2\/product\/239576","targetHints":{"allow":["GET"]}}],"collection":[{"href":"https:\/\/aromasentia.com\/fr\/wp-json\/wp\/v2\/product"}],"about":[{"href":"https:\/\/aromasentia.com\/fr\/wp-json\/wp\/v2\/types\/product"}],"replies":[{"embeddable":true,"href":"https:\/\/aromasentia.com\/fr\/wp-json\/wp\/v2\/comments?post=239576"}],"version-history":[{"count":0,"href":"https:\/\/aromasentia.com\/fr\/wp-json\/wp\/v2\/product\/239576\/revisions"}],"wp:featuredmedia":[{"embeddable":true,"href":"https:\/\/aromasentia.com\/fr\/wp-json\/wp\/v2\/media\/284830"}],"wp:attachment":[{"href":"https:\/\/aromasentia.com\/fr\/wp-json\/wp\/v2\/media?parent=239576"}],"wp:term":[{"taxonomy":"product_brand","embeddable":true,"href":"https:\/\/aromasentia.com\/fr\/wp-json\/wp\/v2\/product_brand?post=239576"},{"taxonomy":"product_cat","embeddable":true,"href":"https:\/\/aromasentia.com\/fr\/wp-json\/wp\/v2\/product_cat?post=239576"},{"taxonomy":"product_tag","embeddable":true,"href":"https:\/\/aromasentia.com\/fr\/wp-json\/wp\/v2\/product_tag?post=239576"}],"curies":[{"name":"wp","href":"https:\/\/api.w.org\/{rel}","templated":true}]}}