{"id":239564,"date":"2025-03-20T16:49:31","date_gmt":"2025-03-20T16:49:31","guid":{"rendered":"https:\/\/aromasentia.com\/product\/the-sun-of-africa-bath-gems\/"},"modified":"2025-06-23T19:10:01","modified_gmt":"2025-06-23T19:10:01","slug":"rubis-de-bain-soleil-dafrique","status":"publish","type":"product","link":"https:\/\/aromasentia.com\/fr\/rubis-de-bain-soleil-dafrique\/","title":{"rendered":"Rubis de Bain Soleil d&rsquo;Afrique"},"content":{"rendered":"<p><strong><span style=\"color: rgb(75, 80, 88);\">Avant : 20 &euro;<\/span><\/strong><\/p>\n<p><strong><span style=\"color: rgb(184, 49, 47);\">Maintenant : 16 &euro;<\/span><\/strong><\/p>\n<p><strong><span style=\"color: rgb(75, 80, 88);\">Parfum : Chlo\u00e9&nbsp;<\/span><\/strong><\/p>\n<p><strong><span style=\"color: rgb(75, 80, 88);\">Notes de t\u00eate :<\/span><\/strong> Pivoine &#8211; Litchi &nbsp; &nbsp; &nbsp; &nbsp; &nbsp; &nbsp; &nbsp; &nbsp; &nbsp; &nbsp; &nbsp; &nbsp; &nbsp; &nbsp; &nbsp; &nbsp; &nbsp; &nbsp; &nbsp; &nbsp; &nbsp; &nbsp; &nbsp; &nbsp; &nbsp; &nbsp; &nbsp; &nbsp; &nbsp; &nbsp; &nbsp; &nbsp; &nbsp; &nbsp; &nbsp; &nbsp; <strong><span style=\"color: rgb(75, 80, 88);\">Notes de coeur :&nbsp;<\/span><\/strong>Rose &#8211; Magnolia &#8211; Freesia &nbsp; &nbsp; &nbsp; &nbsp; &nbsp; &nbsp; &nbsp; &nbsp; &nbsp; &nbsp; &nbsp; &nbsp; &nbsp; &nbsp; &nbsp; &nbsp; &nbsp; &nbsp; &nbsp; &nbsp; &nbsp; &nbsp; &nbsp; &nbsp; &nbsp; <strong><span style=\"color: rgb(75, 80, 88);\">Notes de fond :&nbsp;<\/span><\/strong>C\u00e8dre &#8211; Ambre&nbsp;<\/p>\n<p><strong><span style=\"color: rgb(141, 186, 216);\">* Fabriqu\u00e9 en Angleterre * Fait \u00e0 la main * V\u00e9g\u00e9talien * Parfum durable *<\/span><\/strong> Exp\u00e9rience de bain unique * Chacun p\u00e8se 180 grammes *&nbsp;<\/p>\n<p><strong><span style=\"color: rgb(75, 80, 88);\">NB : En raison de sa nature artisanale, le poids est approximatif et peut varier de +- 20g.<\/span><\/strong><\/p>\n","protected":false},"excerpt":{"rendered":"<p>Avant : 20 &euro; Maintenant : 16 &euro; Parfum : Chlo\u00e9&nbsp; Notes de t\u00eate : Pivoine &#8211; Litchi &nbsp; &nbsp; &nbsp; &nbsp; &nbsp; &nbsp; &nbsp; &nbsp; &nbsp; &nbsp; &nbsp; &nbsp; &nbsp; &nbsp; &nbsp; &nbsp; &nbsp; &nbsp; &nbsp; &nbsp; &nbsp; &nbsp; &nbsp; &nbsp; &nbsp; &nbsp; &nbsp; &nbsp; &nbsp; &nbsp; &nbsp; &nbsp; &nbsp; &nbsp; &nbsp; &nbsp; Notes [&hellip;]<\/p>\n","protected":false},"featured_media":286480,"comment_status":"closed","ping_status":"open","template":"","meta":[],"product_brand":[],"product_cat":[19443],"product_tag":[],"class_list":{"0":"post-239564","1":"product","2":"type-product","3":"status-publish","4":"has-post-thumbnail","6":"product_cat-bain-et-corps","7":"pa_made-in-royaume-uni","9":"first","10":"outofstock","11":"purchasable","12":"product-type-simple"},"supplier_id":null,"supplier_sku":"GSB-05","barcode":null,"atum_controlled":true,"out_stock_date":"2025-10-09 13:08:39","out_stock_threshold":null,"inheritable":false,"inbound_stock":null,"stock_on_hold":0,"sold_today":0,"sales_last_days":0,"reserved_stock":null,"customer_returns":null,"warehouse_damage":null,"lost_in_post":null,"other_logs":null,"out_stock_days":112,"lost_sales":0,"has_location":null,"update_date":"2026-01-30T01:25:14","atum_locations":[],"atum_stock_status":"outofstock","restock_status":false,"low_stock_amount":"","sales_update_date":"2026-01-30T01:25:14","calc_backorders":null,"_links":{"self":[{"href":"https:\/\/aromasentia.com\/fr\/wp-json\/wp\/v2\/product\/239564","targetHints":{"allow":["GET"]}}],"collection":[{"href":"https:\/\/aromasentia.com\/fr\/wp-json\/wp\/v2\/product"}],"about":[{"href":"https:\/\/aromasentia.com\/fr\/wp-json\/wp\/v2\/types\/product"}],"replies":[{"embeddable":true,"href":"https:\/\/aromasentia.com\/fr\/wp-json\/wp\/v2\/comments?post=239564"}],"version-history":[{"count":0,"href":"https:\/\/aromasentia.com\/fr\/wp-json\/wp\/v2\/product\/239564\/revisions"}],"wp:featuredmedia":[{"embeddable":true,"href":"https:\/\/aromasentia.com\/fr\/wp-json\/wp\/v2\/media\/286480"}],"wp:attachment":[{"href":"https:\/\/aromasentia.com\/fr\/wp-json\/wp\/v2\/media?parent=239564"}],"wp:term":[{"taxonomy":"product_brand","embeddable":true,"href":"https:\/\/aromasentia.com\/fr\/wp-json\/wp\/v2\/product_brand?post=239564"},{"taxonomy":"product_cat","embeddable":true,"href":"https:\/\/aromasentia.com\/fr\/wp-json\/wp\/v2\/product_cat?post=239564"},{"taxonomy":"product_tag","embeddable":true,"href":"https:\/\/aromasentia.com\/fr\/wp-json\/wp\/v2\/product_tag?post=239564"}],"curies":[{"name":"wp","href":"https:\/\/api.w.org\/{rel}","templated":true}]}}