{"id":239556,"date":"2025-03-20T16:49:31","date_gmt":"2025-03-20T16:49:31","guid":{"rendered":"https:\/\/aromasentia.com\/product\/greenman-soap-100g-coconut-cool-calm\/"},"modified":"2025-06-23T19:10:00","modified_gmt":"2025-06-23T19:10:00","slug":"savon-greenman-100g-cool-coco","status":"publish","type":"product","link":"https:\/\/aromasentia.com\/fr\/savon-greenman-100g-cool-coco\/","title":{"rendered":"Savon Greenman 100g  &#8211;  Cool Coco"},"content":{"rendered":"<p>Inspir\u00e9s par l&rsquo;ancien mythe celte du Greenman: naturel, terreux et vif &#8211; ainsi n\u00e9 des brumes de la for\u00eat, cette gamme artisanale de savons \u00e9l\u00e9mentaires est extrud\u00e9e \u00e0 froid.<\/p>\n<p>En utilisant uniquement de l&rsquo;huile de palme durable, des plantes m\u00e9dicinales s\u00e9culaires, des huiles aromatiques pures et les huiles de parfum les plus fines, des savons presque mythiques transformeront votre lavage quotidien en un rituel de nettoyage \u00e0 savourer. Et le Greenman veille sur vous et votre famille, car ils sont certifi\u00e9s exempts de SLS et de Parabens.<\/p>\n<p>Purs, naturels et aromatiques, ces savons sont sans SLS et sans parab\u00e8nes, fabriqu\u00e9s avec plantes et huiles essentielles et chaque savon est utilis\u00e9 dans un but particulier. Par exemple, le &lsquo;Fra\u00eecheur Matinale&rsquo;, pour se r\u00e9veiller ou le Jardinier (avec de la pierre ponce) pour un gommage intensif.<\/p>\n<p><strong>Fabriqu\u00e9s en Angleterre, avec amour et savoir faire traditionnel.<\/strong><\/p>\n<p>Les savons sont tr\u00e8s parfum\u00e9s pour une vente ais\u00e9e, nus (le savon pas vous) et leur design, couleurs \u00e9clatantes et texture attireront toute l&rsquo;attention des clients \u00e0 travers votre vitrine.<\/p>\n<p>* Sans SLS &amp; Paraben* Faits Main en Angleterre * Avec des huiles aromatiques et botaniques * Un savon pour chaque occasion* Commandez d\u00e8s aujourd&rsquo;hui et stockez la gamme compl\u00e8te !<\/p>\n<p>Merci de noter que les \u00e9tiquettes d&rsquo;ingr\u00e9dients ci-dessous indiquent le nom des savons en Anglais.<\/p>\n<p><strong>REMARQUE<\/strong>: Les produits sur cette page sont fabriqu\u00e9s dans nos locaux et toujours disponibles. Si un produit est indiqu\u00e9 en &lsquo;Rupture de stock&rsquo;, il peut \u00eatre ajout\u00e9 manuellement \u00e0 votre panier. Merci de nous contacter avec la r\u00e9f\u00e9rence de l&rsquo;article d\u00e9sir\u00e9 pour un ajout manuel \u00e0 votre panier.<\/p>\n","protected":false},"excerpt":{"rendered":"<p>Inspir\u00e9s par l&rsquo;ancien mythe celte du Greenman: naturel, terreux et vif &#8211; ainsi n\u00e9 des brumes de la for\u00eat, cette gamme artisanale de savons \u00e9l\u00e9mentaires est extrud\u00e9e \u00e0 froid. En utilisant uniquement de l&rsquo;huile de palme durable, des plantes m\u00e9dicinales s\u00e9culaires, des huiles aromatiques pures et les huiles de parfum les plus fines, des savons [&hellip;]<\/p>\n","protected":false},"featured_media":286225,"comment_status":"closed","ping_status":"open","template":"","meta":{"_angie_page":false},"product_brand":[],"product_cat":[19443,20586],"product_tag":[],"class_list":{"0":"post-239556","1":"product","2":"type-product","3":"status-publish","4":"has-post-thumbnail","6":"product_cat-bain-et-corps","7":"product_cat-savons-bio-naturels","8":"pa_collection-greenman-soaps-fr","9":"pa_made-in-royaume-uni","10":"pa_size-100g","12":"first","13":"instock","14":"purchasable","15":"product-type-simple"},"supplier_id":null,"supplier_sku":"GMSoap-08","barcode":null,"atum_controlled":true,"out_stock_date":null,"out_stock_threshold":null,"inheritable":false,"inbound_stock":null,"stock_on_hold":0,"sold_today":0,"sales_last_days":0,"reserved_stock":null,"customer_returns":null,"warehouse_damage":null,"lost_in_post":null,"other_logs":null,"out_stock_days":0,"lost_sales":0,"has_location":null,"update_date":"2026-05-04T00:03:55","atum_locations":[],"atum_stock_status":"instock","restock_status":false,"low_stock_amount":"","sales_update_date":"2025-09-05T00:19:17","calc_backorders":null,"_links":{"self":[{"href":"https:\/\/aromasentia.com\/fr\/wp-json\/wp\/v2\/product\/239556","targetHints":{"allow":["GET"]}}],"collection":[{"href":"https:\/\/aromasentia.com\/fr\/wp-json\/wp\/v2\/product"}],"about":[{"href":"https:\/\/aromasentia.com\/fr\/wp-json\/wp\/v2\/types\/product"}],"replies":[{"embeddable":true,"href":"https:\/\/aromasentia.com\/fr\/wp-json\/wp\/v2\/comments?post=239556"}],"version-history":[{"count":0,"href":"https:\/\/aromasentia.com\/fr\/wp-json\/wp\/v2\/product\/239556\/revisions"}],"wp:featuredmedia":[{"embeddable":true,"href":"https:\/\/aromasentia.com\/fr\/wp-json\/wp\/v2\/media\/286225"}],"wp:attachment":[{"href":"https:\/\/aromasentia.com\/fr\/wp-json\/wp\/v2\/media?parent=239556"}],"wp:term":[{"taxonomy":"product_brand","embeddable":true,"href":"https:\/\/aromasentia.com\/fr\/wp-json\/wp\/v2\/product_brand?post=239556"},{"taxonomy":"product_cat","embeddable":true,"href":"https:\/\/aromasentia.com\/fr\/wp-json\/wp\/v2\/product_cat?post=239556"},{"taxonomy":"product_tag","embeddable":true,"href":"https:\/\/aromasentia.com\/fr\/wp-json\/wp\/v2\/product_tag?post=239556"}],"curies":[{"name":"wp","href":"https:\/\/api.w.org\/{rel}","templated":true}]}}