{"id":239516,"date":"2025-03-20T16:52:12","date_gmt":"2025-03-20T16:52:12","guid":{"rendered":"https:\/\/aromasentia.com\/product\/aniseed-halloween-bath-bomb\/"},"modified":"2025-06-23T19:09:53","modified_gmt":"2025-06-23T19:09:53","slug":"bombe-de-bain-dhalloween-a-lanis","status":"publish","type":"product","link":"https:\/\/aromasentia.com\/fr\/bombe-de-bain-dhalloween-a-lanis\/","title":{"rendered":"Bombe de Bain d&rsquo;Halloween \u00e0 l&rsquo;anis"},"content":{"rendered":"<p>Vous pouvez pimenter l&rsquo;Halloween de votre client avec ces bombes de bain aux couleurs vives.<\/p>\n<p>La bombe de bain Halloween sera le cadeau parfait pour les amoureux d&rsquo;Halloween ou tout simplement un plaisir pour vous-m\u00eame.&nbsp;<\/p>\n<p>Plongez une bombe de bain dans de l&rsquo;eau chaude et regardez-la mousser et p\u00e9tiller vigoureusement en lib\u00e9rant son parfum et ses couleurs.&nbsp;<\/p>\n<p>Chaque bombe de bain p\u00e8se 180 \u00e0 200 g (environ). La couleur peut varier d&rsquo;un lot \u00e0 l&rsquo;autre.&nbsp;<\/p>\n<p>Fabriqu\u00e9 \u00e0 la main au Royaume-Uni.<\/p>\n","protected":false},"excerpt":{"rendered":"<p>Vous pouvez pimenter l&rsquo;Halloween de votre client avec ces bombes de bain aux couleurs vives. La bombe de bain Halloween sera le cadeau parfait pour les amoureux d&rsquo;Halloween ou tout simplement un plaisir pour vous-m\u00eame.&nbsp; Plongez une bombe de bain dans de l&rsquo;eau chaude et regardez-la mousser et p\u00e9tiller vigoureusement en lib\u00e9rant son parfum et [&hellip;]<\/p>\n","protected":false},"featured_media":287778,"comment_status":"closed","ping_status":"open","template":"","meta":{"_angie_page":false},"product_brand":[],"product_cat":[26086,19443,20507,26888,25842],"product_tag":[],"class_list":{"0":"post-239516","1":"product","2":"type-product","3":"status-publish","4":"has-post-thumbnail","6":"product_cat-anis-etoile-badiane-de-chine","7":"product_cat-bain-et-corps","8":"product_cat-boules-bombes-de-bain","9":"product_cat-epice","10":"product_cat-senteurs-aromes","11":"pa_collection-halloween-bath-bombs-180g-fr","12":"pa_made-in-royaume-uni","14":"first","15":"instock","16":"purchasable","17":"product-type-simple"},"supplier_id":null,"supplier_sku":"HBB-01","barcode":null,"atum_controlled":true,"out_stock_date":null,"out_stock_threshold":null,"inheritable":false,"inbound_stock":0,"stock_on_hold":0,"sold_today":0,"sales_last_days":0,"reserved_stock":0,"customer_returns":0,"warehouse_damage":0,"lost_in_post":0,"other_logs":0,"out_stock_days":0,"lost_sales":0,"has_location":false,"update_date":"2026-04-27T07:06:46","atum_locations":[],"atum_stock_status":"instock","restock_status":false,"low_stock_amount":"","sales_update_date":"2026-01-30T01:24:55","calc_backorders":null,"_links":{"self":[{"href":"https:\/\/aromasentia.com\/fr\/wp-json\/wp\/v2\/product\/239516","targetHints":{"allow":["GET"]}}],"collection":[{"href":"https:\/\/aromasentia.com\/fr\/wp-json\/wp\/v2\/product"}],"about":[{"href":"https:\/\/aromasentia.com\/fr\/wp-json\/wp\/v2\/types\/product"}],"replies":[{"embeddable":true,"href":"https:\/\/aromasentia.com\/fr\/wp-json\/wp\/v2\/comments?post=239516"}],"version-history":[{"count":0,"href":"https:\/\/aromasentia.com\/fr\/wp-json\/wp\/v2\/product\/239516\/revisions"}],"wp:featuredmedia":[{"embeddable":true,"href":"https:\/\/aromasentia.com\/fr\/wp-json\/wp\/v2\/media\/287778"}],"wp:attachment":[{"href":"https:\/\/aromasentia.com\/fr\/wp-json\/wp\/v2\/media?parent=239516"}],"wp:term":[{"taxonomy":"product_brand","embeddable":true,"href":"https:\/\/aromasentia.com\/fr\/wp-json\/wp\/v2\/product_brand?post=239516"},{"taxonomy":"product_cat","embeddable":true,"href":"https:\/\/aromasentia.com\/fr\/wp-json\/wp\/v2\/product_cat?post=239516"},{"taxonomy":"product_tag","embeddable":true,"href":"https:\/\/aromasentia.com\/fr\/wp-json\/wp\/v2\/product_tag?post=239516"}],"curies":[{"name":"wp","href":"https:\/\/api.w.org\/{rel}","templated":true}]}}