{"id":239492,"date":"2025-03-20T16:52:12","date_gmt":"2025-03-20T16:52:12","guid":{"rendered":"https:\/\/aromasentia.com\/product\/himalayan-bath-salt-blend-500g-energise\/"},"modified":"2025-06-23T19:09:50","modified_gmt":"2025-06-23T19:09:50","slug":"melange-au-sel-de-lhimalaya-500g-energisant","status":"publish","type":"product","link":"https:\/\/aromasentia.com\/fr\/melange-au-sel-de-lhimalaya-500g-energisant\/","title":{"rendered":"M\u00e9lange au Sel de l&rsquo;Himalaya 500g -\u00c9nergisant"},"content":{"rendered":"<p style=\"text-align: left;\"><strong><span style=\"color: rgb(250, 197, 28);\">Energiser :<\/span><span style=\"color: rgb(75, 80, 88);\"> Huiles essentielles de citron, de gingembre et d&rsquo;orange + huile d&rsquo;avocat Sel de l&rsquo;Himalaya riche en min\u00e9raux, infus\u00e9 avec 100% d&rsquo;huiles essentielles, de l&rsquo;huile d&rsquo;avocat et des fleurs de souci.<\/span><\/strong>&nbsp;<\/p>\n<p style=\"text-align: left;\">Les vertus curatives des bains de sel sont encore appr\u00e9ci\u00e9es de nos jours gr\u00e2ce aux bienfaits pour la sant\u00e9 bien document\u00e9s par les Grecs de l&rsquo;Antiquit\u00e9. Et lorsqu&rsquo;il s&rsquo;agit de choisir un sel pour faire trempette, la vari\u00e9t\u00e9 pure de l&rsquo;Himalaya r\u00e8gne en ma\u00eetre !&nbsp;<\/p>\n<p style=\"text-align: left;\">Le sel de l&rsquo;Himalaya est si riche en min\u00e9raux, pour \u00eatre exact 84 min\u00e9raux, que le fait de s&rsquo;immerger dans l&rsquo;eau sal\u00e9e apaise et r\u00e9pare les peaux ab\u00eem\u00e9es et favorise le renouvellement cellulaire. Les huiles d&rsquo;olive, de jojoba, d&rsquo;onagre et autres huiles de base nourrissent et hydratent la peau. Mais nous ne nous sommes pas arr\u00eat\u00e9s l\u00e0 et avons ajout\u00e9 de nombreuses huiles essentielles pures et des fleurs s\u00e9ch\u00e9es pour cr\u00e9er une exp\u00e9rience de bain aromath\u00e9rapeutique ultime.&nbsp;<\/p>\n<p style=\"text-align: left;\"><strong><span style=\"color: rgb(141, 186, 216);\">Achetez donc en gros des m\u00e9langes de sels de bain de l&rsquo;Himalaya pour d\u00e9tendre le corps, \u00e9nergiser et clarifier l&rsquo;esprit et cr\u00e9er des ventes \u00e9tonnantes.<\/span><\/strong><\/p>\n","protected":false},"excerpt":{"rendered":"<p>Energiser : Huiles essentielles de citron, de gingembre et d&rsquo;orange + huile d&rsquo;avocat Sel de l&rsquo;Himalaya riche en min\u00e9raux, infus\u00e9 avec 100% d&rsquo;huiles essentielles, de l&rsquo;huile d&rsquo;avocat et des fleurs de souci.&nbsp; Les vertus curatives des bains de sel sont encore appr\u00e9ci\u00e9es de nos jours gr\u00e2ce aux bienfaits pour la sant\u00e9 bien document\u00e9s par les [&hellip;]<\/p>\n","protected":false},"featured_media":287644,"comment_status":"closed","ping_status":"open","template":"","meta":{"_angie_page":false},"product_brand":[],"product_cat":[19443,20681],"product_tag":[],"class_list":{"0":"post-239492","1":"product","2":"type-product","3":"status-publish","4":"has-post-thumbnail","6":"product_cat-bain-et-corps","7":"product_cat-sels-de-bain","8":"pa_collection-himalayan-bath-salt-blends-500g-fr","9":"pa_made-in-royaume-uni","10":"pa_size-500g","12":"first","13":"instock","14":"purchasable","15":"product-type-simple"},"supplier_id":null,"supplier_sku":"HBathS-06","barcode":null,"atum_controlled":true,"out_stock_date":null,"out_stock_threshold":null,"inheritable":false,"inbound_stock":null,"stock_on_hold":0,"sold_today":0,"sales_last_days":0,"reserved_stock":null,"customer_returns":null,"warehouse_damage":null,"lost_in_post":null,"other_logs":null,"out_stock_days":0,"lost_sales":0,"has_location":null,"update_date":"2026-04-27T07:06:46","atum_locations":[],"atum_stock_status":"instock","restock_status":false,"low_stock_amount":"","sales_update_date":"2025-09-05T00:19:21","calc_backorders":null,"_links":{"self":[{"href":"https:\/\/aromasentia.com\/fr\/wp-json\/wp\/v2\/product\/239492","targetHints":{"allow":["GET"]}}],"collection":[{"href":"https:\/\/aromasentia.com\/fr\/wp-json\/wp\/v2\/product"}],"about":[{"href":"https:\/\/aromasentia.com\/fr\/wp-json\/wp\/v2\/types\/product"}],"replies":[{"embeddable":true,"href":"https:\/\/aromasentia.com\/fr\/wp-json\/wp\/v2\/comments?post=239492"}],"version-history":[{"count":0,"href":"https:\/\/aromasentia.com\/fr\/wp-json\/wp\/v2\/product\/239492\/revisions"}],"wp:featuredmedia":[{"embeddable":true,"href":"https:\/\/aromasentia.com\/fr\/wp-json\/wp\/v2\/media\/287644"}],"wp:attachment":[{"href":"https:\/\/aromasentia.com\/fr\/wp-json\/wp\/v2\/media?parent=239492"}],"wp:term":[{"taxonomy":"product_brand","embeddable":true,"href":"https:\/\/aromasentia.com\/fr\/wp-json\/wp\/v2\/product_brand?post=239492"},{"taxonomy":"product_cat","embeddable":true,"href":"https:\/\/aromasentia.com\/fr\/wp-json\/wp\/v2\/product_cat?post=239492"},{"taxonomy":"product_tag","embeddable":true,"href":"https:\/\/aromasentia.com\/fr\/wp-json\/wp\/v2\/product_tag?post=239492"}],"curies":[{"name":"wp","href":"https:\/\/api.w.org\/{rel}","templated":true}]}}