{"id":239460,"date":"2025-03-20T16:52:12","date_gmt":"2025-03-20T16:52:12","guid":{"rendered":"https:\/\/aromasentia.com\/product\/soap-flower-gift-bouquet-9-pink-roses-square\/"},"modified":"2025-06-23T19:09:46","modified_gmt":"2025-06-23T19:09:46","slug":"bouquet-cadeau-fleur-de-savon-9-roses-roses-carre","status":"publish","type":"product","link":"https:\/\/aromasentia.com\/fr\/bouquet-cadeau-fleur-de-savon-9-roses-roses-carre\/","title":{"rendered":"Bouquet Cadeau Fleur de Savon &#8211; 9 Roses Roses &#8211; Carr\u00e9"},"content":{"rendered":"<p><strong><span style=\"color: rgb(75, 80, 88);\">Bouquet cadeau de fleurs de savon en gros &#8211; 9 roses roses &#8211; Carr\u00e9<\/span><\/strong> ressemblent presque \u00e0 de vraies fleurs. Il peut facilement \u00eatre votre produit le plus vendu si vous vendez des cadeaux et des accessoires de salle de bain.&nbsp;<\/p>\n<p>C&rsquo;est un cadeau parfait pour toute occasion, en particulier pour la Saint-Valentin, la f\u00eate des m\u00e8res ou comme faveur de mariage. Avec une bouteille de bon vin, vous pouvez c\u00e9l\u00e9brer un anniversaire de la mani\u00e8re la plus romantique. Faites en sorte que votre meilleure moiti\u00e9 se sente extraordinaire \ud83d\ude42 Alternativement, ce bouquet peut cr\u00e9er une atmosph\u00e8re agr\u00e9able \u00e0 la r\u00e9ception ou dans le couloir de l&rsquo;h\u00f4tel.&nbsp;<\/p>\n<p>Ajoutez simplement un ou deux p\u00e9tales de rose dans un bain chaud, d\u00e9tendez-vous et regardez les fleurs se dissoudre. Vos clients appr\u00e9cieront le parfum l\u00e9ger et l&rsquo;eau color\u00e9e. Joliment arrang\u00e9 et pr\u00e9sent\u00e9 dans une jolie bo\u00eete cadeau avec une touche de luxe, il attirera l&rsquo;attention d\u00e8s le premier regard.&nbsp;<\/p>\n<p>La bo\u00eete peut \u00eatre r\u00e9utilis\u00e9e, vos clients peuvent faire un autre beau cadeau ou simplement cacher des bric-\u00e0-brac \u00e0 l&rsquo;int\u00e9rieur.&nbsp;<\/p>\n<p><strong><span style=\"color: rgb(141, 186, 216);\">Commandez maintenant, ils raviront \u00e0 coup s\u00fbr vos clients.<\/span><\/strong><\/p>\n","protected":false},"excerpt":{"rendered":"<p>Bouquet cadeau de fleurs de savon en gros &#8211; 9 roses roses &#8211; Carr\u00e9 ressemblent presque \u00e0 de vraies fleurs. Il peut facilement \u00eatre votre produit le plus vendu si vous vendez des cadeaux et des accessoires de salle de bain.&nbsp; C&rsquo;est un cadeau parfait pour toute occasion, en particulier pour la Saint-Valentin, la f\u00eate [&hellip;]<\/p>\n","protected":false},"featured_media":287054,"comment_status":"closed","ping_status":"open","template":"","meta":{"_angie_page":false},"product_brand":[],"product_cat":[19443,26832,26369,20586,25842],"product_tag":[],"class_list":{"0":"post-239460","1":"product","2":"type-product","3":"status-publish","4":"has-post-thumbnail","6":"product_cat-bain-et-corps","7":"product_cat-floral","8":"product_cat-rose","9":"product_cat-savons-bio-naturels","10":"product_cat-senteurs-aromes","11":"pa_collection-gift-soap-flower-bouquet-fr","12":"pa_made-in-chine","14":"first","15":"instock","16":"purchasable","17":"product-type-simple"},"supplier_id":null,"supplier_sku":"GSFB-04","barcode":null,"atum_controlled":true,"out_stock_date":null,"out_stock_threshold":null,"inheritable":false,"inbound_stock":null,"stock_on_hold":0,"sold_today":0,"sales_last_days":0,"reserved_stock":null,"customer_returns":null,"warehouse_damage":null,"lost_in_post":null,"other_logs":null,"out_stock_days":0,"lost_sales":0,"has_location":null,"update_date":"2026-05-04T00:03:55","atum_locations":[],"atum_stock_status":"instock","restock_status":false,"low_stock_amount":"","sales_update_date":"2025-09-05T00:19:18","calc_backorders":null,"_links":{"self":[{"href":"https:\/\/aromasentia.com\/fr\/wp-json\/wp\/v2\/product\/239460","targetHints":{"allow":["GET"]}}],"collection":[{"href":"https:\/\/aromasentia.com\/fr\/wp-json\/wp\/v2\/product"}],"about":[{"href":"https:\/\/aromasentia.com\/fr\/wp-json\/wp\/v2\/types\/product"}],"replies":[{"embeddable":true,"href":"https:\/\/aromasentia.com\/fr\/wp-json\/wp\/v2\/comments?post=239460"}],"version-history":[{"count":0,"href":"https:\/\/aromasentia.com\/fr\/wp-json\/wp\/v2\/product\/239460\/revisions"}],"wp:featuredmedia":[{"embeddable":true,"href":"https:\/\/aromasentia.com\/fr\/wp-json\/wp\/v2\/media\/287054"}],"wp:attachment":[{"href":"https:\/\/aromasentia.com\/fr\/wp-json\/wp\/v2\/media?parent=239460"}],"wp:term":[{"taxonomy":"product_brand","embeddable":true,"href":"https:\/\/aromasentia.com\/fr\/wp-json\/wp\/v2\/product_brand?post=239460"},{"taxonomy":"product_cat","embeddable":true,"href":"https:\/\/aromasentia.com\/fr\/wp-json\/wp\/v2\/product_cat?post=239460"},{"taxonomy":"product_tag","embeddable":true,"href":"https:\/\/aromasentia.com\/fr\/wp-json\/wp\/v2\/product_tag?post=239460"}],"curies":[{"name":"wp","href":"https:\/\/api.w.org\/{rel}","templated":true}]}}