{"id":239392,"date":"2025-03-20T16:56:09","date_gmt":"2025-03-20T16:56:09","guid":{"rendered":"https:\/\/aromasentia.com\/product\/love-heart-bath-bomb-70g-french-lavender\/"},"modified":"2025-06-23T19:09:35","modified_gmt":"2025-06-23T19:09:35","slug":"coeur-de-bain-effervescent-70g-french-lavender","status":"publish","type":"product","link":"https:\/\/aromasentia.com\/fr\/coeur-de-bain-effervescent-70g-french-lavender\/","title":{"rendered":"C\u0153ur de Bain Effervescent 70g &#8211; French Lavender"},"content":{"rendered":"<h2 style=\"text-align : justify ;\"><span style=\"color : rgb(40, 50, 78) ;\">En gros Bombe de bain coeur d&rsquo;amour Lavande<\/span><\/h2>\n<p style=\"text-align : justify ;\"><span style=\"color : rgb(40, 50, 78) ;\"><strong>Nos bombes de bain Love Heart<\/strong> sont parfaites pour ceux qui recherchent un bain calmant et aromatique. Elles se dissolvent lentement, lib\u00e9rant un m\u00e9lange parfum\u00e9 d&rsquo;huiles essentielles, de p\u00e9tales de lavande et de sels d&rsquo;Epsom pour laisser votre peau douce et hydrat\u00e9e.<\/span><\/p>\n<p style=\"text-align : justify ;\"><span style=\"color : rgb(40, 50, 78) ;\">Ces bombes de bain sont <strong>faites \u00e0 la main en utilisant seulement les meilleurs ingr\u00e9dients naturels<\/strong>, ce qui les rend parfaites pour un large \u00e9ventail de clients, y compris <strong>spas<\/strong>,&nbsp;<strong>h\u00f4tels<\/strong>, et <strong>d\u00e9taillants<\/strong>. Chaque ensemble comprend 16 bombes de bain, joliment emball\u00e9es et pr\u00eates \u00e0 \u00eatre vendues dans votre magasin ou utilis\u00e9es dans vos traitements de spa.<\/span><\/p>\n<p style=\"text-align : justify ;\"><span style=\"color : rgb(40, 50, 78) ;\">Ne manquez pas cette occasion d&rsquo;offrir \u00e0 vos clients une exp\u00e9rience de bain luxueuse et relaxante avec notre <a href=\"https:\/\/aromasentia.com\/wholesale-bath-bombs-uk\" rel=\"noopener noreferrer\" target=\"_blank\">bombes de bain en gros<\/a>, y compris le set de 16 bombes de bain Love Heart.&nbsp;<\/span><\/p>\n<p style=\"text-align : justify ;\"><span style=\"color : rgb(40, 50, 78) ;\"><strong>Commandez maintenant<\/strong> et d\u00e9couvrez les bienfaits de ces bombes de bain apaisantes et aromatiques et offrez \u00e0 vos clients le cadeau d&rsquo;une exp\u00e9rience de bain luxueuse et apaisante avec notre <a href=\"https:\/\/aromasentia.com\/heartb\" rel=\"noopener noreferrer\" target=\"_blank\">bombe de bain \u00e0 la lavande fran\u00e7aise en gros<\/a>.<\/span>&nbsp;<\/p>\n<p>.<\/p>\n","protected":false},"excerpt":{"rendered":"<p>En gros Bombe de bain coeur d&rsquo;amour Lavande Nos bombes de bain Love Heart sont parfaites pour ceux qui recherchent un bain calmant et aromatique. Elles se dissolvent lentement, lib\u00e9rant un m\u00e9lange parfum\u00e9 d&rsquo;huiles essentielles, de p\u00e9tales de lavande et de sels d&rsquo;Epsom pour laisser votre peau douce et hydrat\u00e9e. Ces bombes de bain sont [&hellip;]<\/p>\n","protected":false},"featured_media":288067,"comment_status":"closed","ping_status":"open","template":"","meta":{"_angie_page":false},"product_brand":[],"product_cat":[19443,20507,26832,26233,25842],"product_tag":[],"class_list":{"0":"post-239392","1":"product","2":"type-product","3":"status-publish","4":"has-post-thumbnail","6":"product_cat-bain-et-corps","7":"product_cat-boules-bombes-de-bain","8":"product_cat-floral","9":"product_cat-lavande","10":"product_cat-senteurs-aromes","11":"pa_collection-love-heart-bath-bomb-70-g-fr","12":"pa_made-in-royaume-uni","13":"pa_size-70g","15":"first","16":"instock","17":"purchasable","18":"product-type-simple"},"supplier_id":null,"supplier_sku":"HeartB-04a","barcode":null,"atum_controlled":true,"out_stock_date":null,"out_stock_threshold":null,"inheritable":false,"inbound_stock":null,"stock_on_hold":0,"sold_today":0,"sales_last_days":0,"reserved_stock":null,"customer_returns":null,"warehouse_damage":null,"lost_in_post":null,"other_logs":null,"out_stock_days":0,"lost_sales":0,"has_location":null,"update_date":"2026-05-08T05:10:48","atum_locations":[],"atum_stock_status":"instock","restock_status":false,"low_stock_amount":"","sales_update_date":"2025-09-05T00:19:26","calc_backorders":null,"_links":{"self":[{"href":"https:\/\/aromasentia.com\/fr\/wp-json\/wp\/v2\/product\/239392","targetHints":{"allow":["GET"]}}],"collection":[{"href":"https:\/\/aromasentia.com\/fr\/wp-json\/wp\/v2\/product"}],"about":[{"href":"https:\/\/aromasentia.com\/fr\/wp-json\/wp\/v2\/types\/product"}],"replies":[{"embeddable":true,"href":"https:\/\/aromasentia.com\/fr\/wp-json\/wp\/v2\/comments?post=239392"}],"version-history":[{"count":0,"href":"https:\/\/aromasentia.com\/fr\/wp-json\/wp\/v2\/product\/239392\/revisions"}],"wp:featuredmedia":[{"embeddable":true,"href":"https:\/\/aromasentia.com\/fr\/wp-json\/wp\/v2\/media\/288067"}],"wp:attachment":[{"href":"https:\/\/aromasentia.com\/fr\/wp-json\/wp\/v2\/media?parent=239392"}],"wp:term":[{"taxonomy":"product_brand","embeddable":true,"href":"https:\/\/aromasentia.com\/fr\/wp-json\/wp\/v2\/product_brand?post=239392"},{"taxonomy":"product_cat","embeddable":true,"href":"https:\/\/aromasentia.com\/fr\/wp-json\/wp\/v2\/product_cat?post=239392"},{"taxonomy":"product_tag","embeddable":true,"href":"https:\/\/aromasentia.com\/fr\/wp-json\/wp\/v2\/product_tag?post=239392"}],"curies":[{"name":"wp","href":"https:\/\/api.w.org\/{rel}","templated":true}]}}