{"id":239376,"date":"2025-03-20T16:56:09","date_gmt":"2025-03-20T16:56:09","guid":{"rendered":"https:\/\/aromasentia.com\/product\/lavender-hydrolat-100ml\/"},"modified":"2025-06-23T19:09:33","modified_gmt":"2025-06-23T19:09:33","slug":"hydrolat-de-lavande-100ml","status":"publish","type":"product","link":"https:\/\/aromasentia.com\/fr\/hydrolat-de-lavande-100ml\/","title":{"rendered":"Hydrolat de Lavande 100ml"},"content":{"rendered":"<p>Voici notre <strong><span style=\"color: rgb(75, 80, 88);\">Hydrolat de lavande<\/span><\/strong> en gros dans un format pratique de 100 ml !&nbsp;<\/p>\n<p>Notre hydrolat de lavande offre un large \u00e9ventail de bienfaits pour votre peau et votre bien-\u00eatre. Il sert de tonique naturel, aidant \u00e0 \u00e9quilibrer et \u00e0 rajeunir la peau tout en r\u00e9duisant les pores pour un teint plus clair. Ses propri\u00e9t\u00e9s calmantes et apaisantes en font un produit id\u00e9al pour tous les types de peau, y compris les peaux sensibles.&nbsp;<\/p>\n<p>Le parfum envo\u00fbtant de la lavande est r\u00e9put\u00e9 pour ses qualit\u00e9s relaxantes et anti-stress. Notre hydrolat de lavande peut \u00eatre utilis\u00e9 comme brume faciale, spray corporel, rafra\u00eechissant pour le linge, ou incorpor\u00e9 dans des formulations pour le bain et le corps afin de promouvoir un sentiment de tranquillit\u00e9 et de favoriser un sommeil r\u00e9parateur.&nbsp;<\/p>\n<p>En tant que produit de gros, notre hydrolat de lavande est parfait pour les d\u00e9taillants, les spas, les praticiens holistiques et les bricoleurs qui cherchent \u00e0 infuser leurs cr\u00e9ations avec l&rsquo;essence de lavande la plus fine.&nbsp;<\/p>\n<p><strong><span style=\"color: rgb(141, 186, 216);\">Am\u00e9liorez votre gamme de produits avec cet hydrolat de lavande exceptionnel.<\/span><\/strong><\/p>\n","protected":false},"excerpt":{"rendered":"<p>Voici notre Hydrolat de lavande en gros dans un format pratique de 100 ml !&nbsp; Notre hydrolat de lavande offre un large \u00e9ventail de bienfaits pour votre peau et votre bien-\u00eatre. Il sert de tonique naturel, aidant \u00e0 \u00e9quilibrer et \u00e0 rajeunir la peau tout en r\u00e9duisant les pores pour un teint plus clair. Ses [&hellip;]<\/p>\n","protected":false},"featured_media":287999,"comment_status":"closed","ping_status":"open","template":"","meta":{"_angie_page":false},"product_brand":[27075],"product_cat":[19443,26832,26233,25842,20986],"product_tag":[],"class_list":{"0":"post-239376","1":"product","2":"type-product","3":"status-publish","4":"has-post-thumbnail","6":"product_brand-aw-cosmetics","7":"product_cat-bain-et-corps","8":"product_cat-floral","9":"product_cat-lavande","10":"product_cat-senteurs-aromes","11":"product_cat-soins-corps","12":"pa_collection-hydrolat-floral-waters-fr","13":"pa_made-in-bulgarie","14":"pa_size-100ml","16":"first","17":"instock","18":"purchasable","19":"product-type-simple"},"supplier_id":null,"supplier_sku":"HDL-02","barcode":null,"atum_controlled":true,"out_stock_date":null,"out_stock_threshold":null,"inheritable":false,"inbound_stock":null,"stock_on_hold":0,"sold_today":0,"sales_last_days":0,"reserved_stock":null,"customer_returns":null,"warehouse_damage":null,"lost_in_post":null,"other_logs":null,"out_stock_days":0,"lost_sales":0,"has_location":null,"update_date":"2026-04-27T07:06:54","atum_locations":[],"atum_stock_status":"instock","restock_status":false,"low_stock_amount":"","sales_update_date":"2026-01-30T01:24:54","calc_backorders":null,"_links":{"self":[{"href":"https:\/\/aromasentia.com\/fr\/wp-json\/wp\/v2\/product\/239376","targetHints":{"allow":["GET"]}}],"collection":[{"href":"https:\/\/aromasentia.com\/fr\/wp-json\/wp\/v2\/product"}],"about":[{"href":"https:\/\/aromasentia.com\/fr\/wp-json\/wp\/v2\/types\/product"}],"replies":[{"embeddable":true,"href":"https:\/\/aromasentia.com\/fr\/wp-json\/wp\/v2\/comments?post=239376"}],"version-history":[{"count":0,"href":"https:\/\/aromasentia.com\/fr\/wp-json\/wp\/v2\/product\/239376\/revisions"}],"wp:featuredmedia":[{"embeddable":true,"href":"https:\/\/aromasentia.com\/fr\/wp-json\/wp\/v2\/media\/287999"}],"wp:attachment":[{"href":"https:\/\/aromasentia.com\/fr\/wp-json\/wp\/v2\/media?parent=239376"}],"wp:term":[{"taxonomy":"product_brand","embeddable":true,"href":"https:\/\/aromasentia.com\/fr\/wp-json\/wp\/v2\/product_brand?post=239376"},{"taxonomy":"product_cat","embeddable":true,"href":"https:\/\/aromasentia.com\/fr\/wp-json\/wp\/v2\/product_cat?post=239376"},{"taxonomy":"product_tag","embeddable":true,"href":"https:\/\/aromasentia.com\/fr\/wp-json\/wp\/v2\/product_tag?post=239376"}],"curies":[{"name":"wp","href":"https:\/\/api.w.org\/{rel}","templated":true}]}}