{"id":239372,"date":"2025-03-20T16:56:09","date_gmt":"2025-03-20T16:56:09","guid":{"rendered":"https:\/\/aromasentia.com\/product\/chamomile-hydrolat-100ml\/"},"modified":"2025-06-23T19:09:33","modified_gmt":"2025-06-23T19:09:33","slug":"hydrolat-de-camomille-100ml","status":"publish","type":"product","link":"https:\/\/aromasentia.com\/fr\/hydrolat-de-camomille-100ml\/","title":{"rendered":"Hydrolat de Camomille 100ml"},"content":{"rendered":"<p>Voici notre <strong><span style=\"color: rgb(75, 80, 88);\">Hydrolat de camomille<\/span><\/strong> en gros dans un format pratique de 100 ml !&nbsp;<\/p>\n<p>Notre hydrolat de camomille offre une multitude de bienfaits pour votre peau et votre bien-\u00eatre g\u00e9n\u00e9ral. Il sert de tonique doux et apaisant, aidant \u00e0 calmer et \u00e0 \u00e9quilibrer la peau tout en r\u00e9duisant les rougeurs et l&rsquo;inflammation. Ses propri\u00e9t\u00e9s d\u00e9licates lui permettent de convenir \u00e0 tous les types de peau, y compris les peaux sensibles et irrit\u00e9es.&nbsp;<\/p>\n<p>L&rsquo;ar\u00f4me envo\u00fbtant de la camomille est bien connu pour ses qualit\u00e9s relaxantes et r\u00e9confortantes. Notre hydrolat de camomille peut \u00eatre utilis\u00e9 comme brume pour le visage, comme vaporisateur pour le corps ou incorpor\u00e9 dans des formules pour le bain et le corps afin de cr\u00e9er une atmosph\u00e8re sereine.&nbsp;<\/p>\n<p>En tant que produit de gros, notre hydrolat de camomille est parfait pour les d\u00e9taillants, les spas, les aromath\u00e9rapeutes et les cr\u00e9atifs qui cherchent \u00e0 incorporer les bienfaits naturels de la camomille dans leurs produits.&nbsp;<\/p>\n<p><strong><span style=\"color: rgb(141, 186, 216);\">Am\u00e9liorez votre gamme de produits avec cet hydrolat de camomille exceptionnel.<\/span><\/strong><\/p>\n","protected":false},"excerpt":{"rendered":"<p>Voici notre Hydrolat de camomille en gros dans un format pratique de 100 ml !&nbsp; Notre hydrolat de camomille offre une multitude de bienfaits pour votre peau et votre bien-\u00eatre g\u00e9n\u00e9ral. Il sert de tonique doux et apaisant, aidant \u00e0 calmer et \u00e0 \u00e9quilibrer la peau tout en r\u00e9duisant les rougeurs et l&rsquo;inflammation. Ses propri\u00e9t\u00e9s [&hellip;]<\/p>\n","protected":false},"featured_media":287982,"comment_status":"closed","ping_status":"open","template":"","meta":{"_angie_page":false},"product_brand":[27075],"product_cat":[19443,26126,26832,25842,20986],"product_tag":[],"class_list":{"0":"post-239372","1":"product","2":"type-product","3":"status-publish","4":"has-post-thumbnail","6":"product_brand-aw-cosmetics","7":"product_cat-bain-et-corps","8":"product_cat-camomille-romaine","9":"product_cat-floral","10":"product_cat-senteurs-aromes","11":"product_cat-soins-corps","12":"pa_collection-hydrolat-floral-waters-fr","13":"pa_made-in-royaume-uni","14":"pa_size-100ml","16":"first","17":"instock","18":"purchasable","19":"product-type-simple"},"supplier_id":null,"supplier_sku":"HDL-03","barcode":null,"atum_controlled":true,"out_stock_date":null,"out_stock_threshold":null,"inheritable":false,"inbound_stock":null,"stock_on_hold":0,"sold_today":0,"sales_last_days":0,"reserved_stock":null,"customer_returns":null,"warehouse_damage":null,"lost_in_post":null,"other_logs":null,"out_stock_days":0,"lost_sales":0,"has_location":null,"update_date":"2026-04-30T19:05:59","atum_locations":[],"atum_stock_status":"instock","restock_status":false,"low_stock_amount":"","sales_update_date":"2026-01-30T01:24:53","calc_backorders":null,"_links":{"self":[{"href":"https:\/\/aromasentia.com\/fr\/wp-json\/wp\/v2\/product\/239372","targetHints":{"allow":["GET"]}}],"collection":[{"href":"https:\/\/aromasentia.com\/fr\/wp-json\/wp\/v2\/product"}],"about":[{"href":"https:\/\/aromasentia.com\/fr\/wp-json\/wp\/v2\/types\/product"}],"replies":[{"embeddable":true,"href":"https:\/\/aromasentia.com\/fr\/wp-json\/wp\/v2\/comments?post=239372"}],"version-history":[{"count":0,"href":"https:\/\/aromasentia.com\/fr\/wp-json\/wp\/v2\/product\/239372\/revisions"}],"wp:featuredmedia":[{"embeddable":true,"href":"https:\/\/aromasentia.com\/fr\/wp-json\/wp\/v2\/media\/287982"}],"wp:attachment":[{"href":"https:\/\/aromasentia.com\/fr\/wp-json\/wp\/v2\/media?parent=239372"}],"wp:term":[{"taxonomy":"product_brand","embeddable":true,"href":"https:\/\/aromasentia.com\/fr\/wp-json\/wp\/v2\/product_brand?post=239372"},{"taxonomy":"product_cat","embeddable":true,"href":"https:\/\/aromasentia.com\/fr\/wp-json\/wp\/v2\/product_cat?post=239372"},{"taxonomy":"product_tag","embeddable":true,"href":"https:\/\/aromasentia.com\/fr\/wp-json\/wp\/v2\/product_tag?post=239372"}],"curies":[{"name":"wp","href":"https:\/\/api.w.org\/{rel}","templated":true}]}}