{"id":239304,"date":"2025-03-20T16:57:53","date_gmt":"2025-03-20T16:57:53","guid":{"rendered":"https:\/\/aromasentia.com\/product\/carved-mango-wood-cutter-for-soap-loaves\/"},"modified":"2025-06-23T19:09:23","modified_gmt":"2025-06-23T19:09:23","slug":"coupe-savon-en-bois-de-manguier-grave","status":"publish","type":"product","link":"https:\/\/aromasentia.com\/fr\/coupe-savon-en-bois-de-manguier-grave\/","title":{"rendered":"Coupe savon en bois de Manguier grav\u00e9"},"content":{"rendered":"<h1>Coupe-Savon en Bois de Manguier Grav\u00e9 &ndash; Coupe Pr\u00e9cise et Artisanale<\/h1>\n<p>Pour une pr\u00e9sentation soign\u00e9e et professionnelle de vos savons artisanaux<\/p>\n<p>Ce coupe-savon en bois de manguier grav\u00e9 est un outil de choix pour les savonniers, boutiques z\u00e9ro d\u00e9chet ou cr\u00e9ateurs de cosm\u00e9tiques faits main. Sa structure solide et sa finition grav\u00e9e lui conf\u00e8rent un style naturel et raffin\u00e9, id\u00e9al pour une pr\u00e9sentation en atelier ou sur point de vente.<\/p>\n<p><strong>Caract\u00e9ristiques :<\/strong><\/p>\n<ul data-end=\"892\" data-start=\"639\">\n<li data-end=\"704\" data-start=\"639\">\n<p><strong>Mat\u00e9riau :<\/strong> bois de manguier robuste avec gravure artisanale<\/p>\n<\/li>\n<li data-end=\"769\" data-start=\"705\">\n<p><strong>Utilisation :<\/strong> d\u00e9coupe nette de pains de savon non emball\u00e9s<\/p>\n<\/li>\n<li data-end=\"814\" data-start=\"770\">\n<p><strong>\u00e9paisseur des tranches : <\/strong>env. 2 cm<\/p>\n<\/li>\n<li data-end=\"892\" data-start=\"815\">\n<p><strong>Design \u00e9l\u00e9gant <\/strong>adapt\u00e9 \u00e0 un environnement naturel ou boutique artisanale<\/p>\n<\/li>\n<\/ul>\n<p>Utilisez-le pour d\u00e9couper vos savons avec pr\u00e9cision, rapidement et uniform\u00e9ment. Une alternative professionnelle \u00e0 la d\u00e9coupe manuelle, parfaite pour vos ventes en gros ou \u00e0 la coupe.<\/p>\n<p>? Pour compl\u00e9ter la pr\u00e9sentation, pensez \u00e0 nos <a href=\"https:\/\/aromasentia.com\/orgm\"><strong>sacs en organza<\/strong><\/a> ou <a href=\"https:\/\/aromasentia.com\/prop-02\" rel=\"noopener noreferrer\" target=\"_blank\">sachets en polypropyl\u00e8ne.<\/a><\/p>\n","protected":false},"excerpt":{"rendered":"<p>Coupe-Savon en Bois de Manguier Grav\u00e9 &ndash; Coupe Pr\u00e9cise et Artisanale Pour une pr\u00e9sentation soign\u00e9e et professionnelle de vos savons artisanaux Ce coupe-savon en bois de manguier grav\u00e9 est un outil de choix pour les savonniers, boutiques z\u00e9ro d\u00e9chet ou cr\u00e9ateurs de cosm\u00e9tiques faits main. Sa structure solide et sa finition grav\u00e9e lui conf\u00e8rent un [&hellip;]<\/p>\n","protected":false},"featured_media":288165,"comment_status":"closed","ping_status":"open","template":"","meta":{"_angie_page":false},"product_brand":[],"product_cat":[19443,20586],"product_tag":[],"class_list":{"0":"post-239304","1":"product","2":"type-product","3":"status-publish","4":"has-post-thumbnail","6":"product_cat-bain-et-corps","7":"product_cat-savons-bio-naturels","8":"pa_collection-soap-bathbomb-accessories-fr","9":"pa_made-in-inde","11":"first","12":"instock","13":"purchasable","14":"product-type-simple"},"supplier_id":null,"supplier_sku":"HMS-34M","barcode":null,"atum_controlled":true,"out_stock_date":null,"out_stock_threshold":null,"inheritable":false,"inbound_stock":0,"stock_on_hold":0,"sold_today":0,"sales_last_days":0,"reserved_stock":0,"customer_returns":0,"warehouse_damage":0,"lost_in_post":0,"other_logs":0,"out_stock_days":0,"lost_sales":0,"has_location":false,"update_date":"2026-04-27T07:07:34","atum_locations":[],"atum_stock_status":"instock","restock_status":false,"low_stock_amount":"","sales_update_date":"2026-01-30T01:24:29","calc_backorders":null,"_links":{"self":[{"href":"https:\/\/aromasentia.com\/fr\/wp-json\/wp\/v2\/product\/239304","targetHints":{"allow":["GET"]}}],"collection":[{"href":"https:\/\/aromasentia.com\/fr\/wp-json\/wp\/v2\/product"}],"about":[{"href":"https:\/\/aromasentia.com\/fr\/wp-json\/wp\/v2\/types\/product"}],"replies":[{"embeddable":true,"href":"https:\/\/aromasentia.com\/fr\/wp-json\/wp\/v2\/comments?post=239304"}],"version-history":[{"count":0,"href":"https:\/\/aromasentia.com\/fr\/wp-json\/wp\/v2\/product\/239304\/revisions"}],"wp:featuredmedia":[{"embeddable":true,"href":"https:\/\/aromasentia.com\/fr\/wp-json\/wp\/v2\/media\/288165"}],"wp:attachment":[{"href":"https:\/\/aromasentia.com\/fr\/wp-json\/wp\/v2\/media?parent=239304"}],"wp:term":[{"taxonomy":"product_brand","embeddable":true,"href":"https:\/\/aromasentia.com\/fr\/wp-json\/wp\/v2\/product_brand?post=239304"},{"taxonomy":"product_cat","embeddable":true,"href":"https:\/\/aromasentia.com\/fr\/wp-json\/wp\/v2\/product_cat?post=239304"},{"taxonomy":"product_tag","embeddable":true,"href":"https:\/\/aromasentia.com\/fr\/wp-json\/wp\/v2\/product_tag?post=239304"}],"curies":[{"name":"wp","href":"https:\/\/api.w.org\/{rel}","templated":true}]}}