{"id":239196,"date":"2025-03-20T17:20:26","date_gmt":"2025-03-20T17:20:26","guid":{"rendered":"https:\/\/aromasentia.com\/product\/handcrafted-soap-loaf-1-2kg-melon\/"},"modified":"2025-06-23T19:09:06","modified_gmt":"2025-06-23T19:09:06","slug":"savon-artisanal-1-2kg-melon","status":"publish","type":"product","link":"https:\/\/aromasentia.com\/fr\/savon-artisanal-1-2kg-melon\/","title":{"rendered":"Savon Artisanal 1.2Kg &#8211; Melon"},"content":{"rendered":"<\/p>\n<p>La nouvelle gamme de <strong>Savon artisanal Aroma Sentia ping &#8211; Melon 1.2Kg<\/strong> est &nbsp;fabriqu\u00e9e \u00e0 partir d&rsquo;ingr\u00e9dients de la plus haute qualit\u00e9 en utilisant la m\u00e9thode \u00ab\u00a0melt and pour\u00a0\u00bb.&nbsp;<\/p>\n<p>Les mains, le corps et l&rsquo;\u00e2me de vos clients se sentiront nettoy\u00e9s, nourris et hydrat\u00e9s.&nbsp;<\/p>\n<p>Bien souvent, l&rsquo;\u00e9tal le plus achaland\u00e9 sur le march\u00e9 de l&rsquo;artisanat est celui qui vend des savons faits \u00e0 la main, coup\u00e9s du pain. Le secret r\u00e9side dans la pr\u00e9sentation&#8230; soyez cr\u00e9atif!&nbsp;<\/p>\n<p>Un savon vraiment adorable, pr\u00e9sent\u00e9 sous forme de pain de 1,2 kg. Vous pouvez obtenir 12 pi\u00e8ces de 100 gm (poids approximatif) par pain.&nbsp;<\/p>\n<p>La couleur ou le motif peuvent varier l\u00e9g\u00e8rement. Nous fournissons \u00e9galement des feuilles de plastique, des \u00e9tiquettes et des coupe-savons, voir ci-dessous.&nbsp;<\/p>\n<p><strong>Savons artisanaux * Parfums \u00e9tonnants * Belles couleurs<\/strong><\/p>\n<\/p>\n<p><strong>Savons artisanaux * Parfums \u00e9tonnants * Belles couleurs<\/strong>.<\/p>\n","protected":false},"excerpt":{"rendered":"<p>La nouvelle gamme de Savon artisanal Aroma Sentia ping &#8211; Melon 1.2Kg est &nbsp;fabriqu\u00e9e \u00e0 partir d&rsquo;ingr\u00e9dients de la plus haute qualit\u00e9 en utilisant la m\u00e9thode \u00ab\u00a0melt and pour\u00a0\u00bb.&nbsp; Les mains, le corps et l&rsquo;\u00e2me de vos clients se sentiront nettoy\u00e9s, nourris et hydrat\u00e9s.&nbsp; Bien souvent, l&rsquo;\u00e9tal le plus achaland\u00e9 sur le march\u00e9 de l&rsquo;artisanat [&hellip;]<\/p>\n","protected":false},"featured_media":289259,"comment_status":"closed","ping_status":"open","template":"","meta":{"_angie_page":false},"product_brand":[],"product_cat":[19443,26846,26480,20586,25842],"product_tag":[],"class_list":{"0":"post-239196","1":"product","2":"type-product","3":"status-publish","4":"has-post-thumbnail","6":"product_cat-bain-et-corps","7":"product_cat-fruite","8":"product_cat-melon","9":"product_cat-savons-bio-naturels","10":"product_cat-senteurs-aromes","11":"pa_collection-handmade-soap-loaves-1-25kg-slices-fr","12":"pa_made-in-tchequie","14":"first","15":"instock","16":"purchasable","17":"product-type-simple"},"supplier_id":null,"supplier_sku":"HSBS-02L","barcode":null,"atum_controlled":true,"out_stock_date":null,"out_stock_threshold":null,"inheritable":false,"inbound_stock":null,"stock_on_hold":0,"sold_today":0,"sales_last_days":0,"reserved_stock":null,"customer_returns":null,"warehouse_damage":null,"lost_in_post":null,"other_logs":null,"out_stock_days":0,"lost_sales":0,"has_location":null,"update_date":"2026-04-27T07:08:04","atum_locations":[],"atum_stock_status":"instock","restock_status":false,"low_stock_amount":"","sales_update_date":"2025-09-05T00:19:34","calc_backorders":null,"_links":{"self":[{"href":"https:\/\/aromasentia.com\/fr\/wp-json\/wp\/v2\/product\/239196","targetHints":{"allow":["GET"]}}],"collection":[{"href":"https:\/\/aromasentia.com\/fr\/wp-json\/wp\/v2\/product"}],"about":[{"href":"https:\/\/aromasentia.com\/fr\/wp-json\/wp\/v2\/types\/product"}],"replies":[{"embeddable":true,"href":"https:\/\/aromasentia.com\/fr\/wp-json\/wp\/v2\/comments?post=239196"}],"version-history":[{"count":0,"href":"https:\/\/aromasentia.com\/fr\/wp-json\/wp\/v2\/product\/239196\/revisions"}],"wp:featuredmedia":[{"embeddable":true,"href":"https:\/\/aromasentia.com\/fr\/wp-json\/wp\/v2\/media\/289259"}],"wp:attachment":[{"href":"https:\/\/aromasentia.com\/fr\/wp-json\/wp\/v2\/media?parent=239196"}],"wp:term":[{"taxonomy":"product_brand","embeddable":true,"href":"https:\/\/aromasentia.com\/fr\/wp-json\/wp\/v2\/product_brand?post=239196"},{"taxonomy":"product_cat","embeddable":true,"href":"https:\/\/aromasentia.com\/fr\/wp-json\/wp\/v2\/product_cat?post=239196"},{"taxonomy":"product_tag","embeddable":true,"href":"https:\/\/aromasentia.com\/fr\/wp-json\/wp\/v2\/product_tag?post=239196"}],"curies":[{"name":"wp","href":"https:\/\/api.w.org\/{rel}","templated":true}]}}