{"id":239188,"date":"2025-03-20T17:20:26","date_gmt":"2025-03-20T17:20:26","guid":{"rendered":"https:\/\/aromasentia.com\/product\/hand-crafted-soap-grapefruit-slice-115g-approx\/"},"modified":"2025-06-23T19:09:05","modified_gmt":"2025-06-23T19:09:05","slug":"savon-artisanal-1-2kg-pamplemousse-2","status":"publish","type":"product","link":"https:\/\/aromasentia.com\/fr\/savon-artisanal-1-2kg-pamplemousse-2\/","title":{"rendered":"Savon Artisanal 1.2kg -Pamplemousse"},"content":{"rendered":"<p>Nous vous pr\u00e9sentons notre <strong><span style=\"color: rgb(75, 80, 88);\">nouvelle gamme de savons artisanaux Pamplemousse<\/span><\/strong> en gros, fabriqu\u00e9s \u00e0 partir d&rsquo;ingr\u00e9dients de haute qualit\u00e9 selon la m\u00e9thode de melt and pour.&nbsp;<\/p>\n<p>Nous vous offrons une multitude de parfums, couleurs et textures. Parfaits pour nettoyer, nourrir et hydrater vos mains et corps. Souvent, le secret de la vente r\u00e9side dans la pr\u00e9sentation. Alors, soyez cr\u00e9atifs&#8230;<br style=\"color: rgb(114, 114, 114); font-family: Ubuntu, sans-serif; font-size: 16px; font-style: normal; font-variant-ligatures: normal; font-variant-caps: normal; font-weight: 400; letter-spacing: normal; orphans: 2; text-align: start; text-indent: 0px; text-transform: none; white-space: normal; widows: 2; word-spacing: 0px; -webkit-text-stroke-width: 0px; background-color: rgb(255, 255, 255); text-decoration-style: initial; text-decoration-color: initial;\">Ces savons viennent sous forme de pain de 1,2 kg. Vous pouvez obtenir 12 tranches de 100g (poids approximatif) par pain. &nbsp;<\/p>\n<p>Merci de noter que les couleurs et design peuvent l\u00e9g\u00e8rement varier d&rsquo;un pain \u00e0 l&rsquo;autre. Nous fournissons \u00e9galement des feuilles de plastique, des \u00e9tiquettes et des coupe-savon, voir ci-dessous.&nbsp;<\/p>\n<p><strong><span style=\"color: rgb(141, 186, 216);\">Pains de Savon artisanaux &#8211; Parfums \u00e9tonnants &#8211; Belles couleurs<\/span><\/strong><\/p>\n","protected":false},"excerpt":{"rendered":"<p>Nous vous pr\u00e9sentons notre nouvelle gamme de savons artisanaux Pamplemousse en gros, fabriqu\u00e9s \u00e0 partir d&rsquo;ingr\u00e9dients de haute qualit\u00e9 selon la m\u00e9thode de melt and pour.&nbsp; Nous vous offrons une multitude de parfums, couleurs et textures. Parfaits pour nettoyer, nourrir et hydrater vos mains et corps. Souvent, le secret de la vente r\u00e9side dans la [&hellip;]<\/p>\n","protected":false},"featured_media":289177,"comment_status":"closed","ping_status":"open","template":"","meta":{"_angie_page":false},"product_brand":[],"product_cat":[19443,26818,26202,20586,25842],"product_tag":[],"class_list":{"0":"post-239188","1":"product","2":"type-product","3":"status-publish","4":"has-post-thumbnail","6":"product_cat-bain-et-corps","7":"product_cat-hesperide-agrumes","8":"product_cat-pamplemousse","9":"product_cat-savons-bio-naturels","10":"product_cat-senteurs-aromes","11":"pa_collection-handmade-soap-loaves-1-25kg-slices-fr","12":"pa_made-in-tchequie","13":"pa_size-115g","15":"first","16":"instock","17":"purchasable","18":"product-type-simple"},"supplier_id":null,"supplier_sku":"HSBS-18","barcode":null,"atum_controlled":true,"out_stock_date":null,"out_stock_threshold":null,"inheritable":false,"inbound_stock":null,"stock_on_hold":0,"sold_today":0,"sales_last_days":0,"reserved_stock":null,"customer_returns":null,"warehouse_damage":null,"lost_in_post":null,"other_logs":null,"out_stock_days":0,"lost_sales":0,"has_location":null,"update_date":"2026-04-27T07:09:24","atum_locations":[],"atum_stock_status":"instock","restock_status":false,"low_stock_amount":"","sales_update_date":"2025-09-05T00:19:34","calc_backorders":null,"_links":{"self":[{"href":"https:\/\/aromasentia.com\/fr\/wp-json\/wp\/v2\/product\/239188","targetHints":{"allow":["GET"]}}],"collection":[{"href":"https:\/\/aromasentia.com\/fr\/wp-json\/wp\/v2\/product"}],"about":[{"href":"https:\/\/aromasentia.com\/fr\/wp-json\/wp\/v2\/types\/product"}],"replies":[{"embeddable":true,"href":"https:\/\/aromasentia.com\/fr\/wp-json\/wp\/v2\/comments?post=239188"}],"version-history":[{"count":0,"href":"https:\/\/aromasentia.com\/fr\/wp-json\/wp\/v2\/product\/239188\/revisions"}],"wp:featuredmedia":[{"embeddable":true,"href":"https:\/\/aromasentia.com\/fr\/wp-json\/wp\/v2\/media\/289177"}],"wp:attachment":[{"href":"https:\/\/aromasentia.com\/fr\/wp-json\/wp\/v2\/media?parent=239188"}],"wp:term":[{"taxonomy":"product_brand","embeddable":true,"href":"https:\/\/aromasentia.com\/fr\/wp-json\/wp\/v2\/product_brand?post=239188"},{"taxonomy":"product_cat","embeddable":true,"href":"https:\/\/aromasentia.com\/fr\/wp-json\/wp\/v2\/product_cat?post=239188"},{"taxonomy":"product_tag","embeddable":true,"href":"https:\/\/aromasentia.com\/fr\/wp-json\/wp\/v2\/product_tag?post=239188"}],"curies":[{"name":"wp","href":"https:\/\/api.w.org\/{rel}","templated":true}]}}