{"id":239156,"date":"2025-03-20T17:23:06","date_gmt":"2025-03-20T17:23:06","guid":{"rendered":"https:\/\/aromasentia.com\/product\/handcrafted-soap-loaf-1-2kg-rose\/"},"modified":"2025-06-23T19:09:01","modified_gmt":"2025-06-23T19:09:01","slug":"savon-artisanal-1-2kg-rose","status":"publish","type":"product","link":"https:\/\/aromasentia.com\/fr\/savon-artisanal-1-2kg-rose\/","title":{"rendered":"Savon Artisanal 1.2Kg &#8211; Rose"},"content":{"rendered":"<p><span style=\u00ab color: rgb(75, 80, 88); \u00bb>Nouvelle gamme de <strong>savons artisanaux en pain &#8211; Rose 1,2 kg<\/strong> fabriqu\u00e9s \u00e0 partir d&rsquo;ingr\u00e9dients de la plus haute qualit\u00e9 selon la m\u00e9thode de fusion et de coul\u00e9e. &nbsp;<\/span><\/p>\n<p><span style=\u00ab color: rgb(75, 80, 88); \u00bb>Les mains, le corps et l&rsquo;esprit de vos clients se sentiront purifi\u00e9s, nourris et hydrat\u00e9s. &nbsp;<\/span><\/p>\n<p><span style=\u00ab color: rgb(75, 80, 88); \u00bb>Souvent, le stand le plus fr\u00e9quent\u00e9 d&rsquo;un march\u00e9 artisanal est celui qui vend des savons artisanaux coup\u00e9s dans un pain. Le secret r\u00e9side dans la pr\u00e9sentation&#8230; soyez cr\u00e9atif !&nbsp;<\/span><\/p>\n<p><span style=\u00ab color: rgb(75, 80, 88); \u00bb>Un savon vraiment charmant, vendu en pain de 1,2 kg. Chaque pain permet d&rsquo;obtenir 12 morceaux de 100 g (poids approximatif).&nbsp;<\/span><\/p>\n<p><span style=\u00ab color: rgb(75, 80, 88); \u00bb>La couleur ou le motif peuvent l\u00e9g\u00e8rement varier. On propose aussi des feuilles en plastique, des \u00e9tiquettes et des coupe-savon, voir ci-dessous.&nbsp;<\/span><\/p>\n<p><strong><span style=\u00ab color: rgb(75, 80, 88); \u00bb>Savons artisanaux * Parfums incroyables * Couleurs magnifiques<\/span><\/strong><\/p>\n","protected":false},"excerpt":{"rendered":"<p>Nouvelle gamme de savons artisanaux en pain &#8211; Rose 1,2 kg fabriqu\u00e9s \u00e0 partir d&rsquo;ingr\u00e9dients de la plus haute qualit\u00e9 selon la m\u00e9thode de fusion et de coul\u00e9e. &nbsp; Les mains, le corps et l&rsquo;esprit de vos clients se sentiront purifi\u00e9s, nourris et hydrat\u00e9s. &nbsp; Souvent, le stand le plus fr\u00e9quent\u00e9 d&rsquo;un march\u00e9 artisanal est [&hellip;]<\/p>\n","protected":false},"featured_media":642552,"comment_status":"closed","ping_status":"open","template":"","meta":{"_angie_page":false},"product_brand":[],"product_cat":[19443,26832,26369,20586,25842],"product_tag":[],"class_list":{"0":"post-239156","1":"product","2":"type-product","3":"status-publish","4":"has-post-thumbnail","6":"product_cat-bain-et-corps","7":"product_cat-floral","8":"product_cat-rose","9":"product_cat-savons-bio-naturels","10":"product_cat-senteurs-aromes","11":"pa_collection-handmade-soap-loaves-1-25kg-slices-fr","12":"pa_made-in-tchequie","14":"first","15":"outofstock","16":"purchasable","17":"product-type-simple"},"supplier_id":null,"supplier_sku":"HSBS-12L","barcode":null,"atum_controlled":true,"out_stock_date":"2026-04-25 15:15:37","out_stock_threshold":null,"inheritable":false,"inbound_stock":null,"stock_on_hold":0,"sold_today":0,"sales_last_days":0,"reserved_stock":null,"customer_returns":null,"warehouse_damage":null,"lost_in_post":null,"other_logs":null,"out_stock_days":0,"lost_sales":0,"has_location":null,"update_date":"2026-04-27T07:19:36","atum_locations":[],"atum_stock_status":"outofstock","restock_status":false,"low_stock_amount":"","sales_update_date":"2026-01-30T01:25:32","calc_backorders":null,"_links":{"self":[{"href":"https:\/\/aromasentia.com\/fr\/wp-json\/wp\/v2\/product\/239156","targetHints":{"allow":["GET"]}}],"collection":[{"href":"https:\/\/aromasentia.com\/fr\/wp-json\/wp\/v2\/product"}],"about":[{"href":"https:\/\/aromasentia.com\/fr\/wp-json\/wp\/v2\/types\/product"}],"replies":[{"embeddable":true,"href":"https:\/\/aromasentia.com\/fr\/wp-json\/wp\/v2\/comments?post=239156"}],"version-history":[{"count":0,"href":"https:\/\/aromasentia.com\/fr\/wp-json\/wp\/v2\/product\/239156\/revisions"}],"wp:featuredmedia":[{"embeddable":true,"href":"https:\/\/aromasentia.com\/fr\/wp-json\/wp\/v2\/media\/642552"}],"wp:attachment":[{"href":"https:\/\/aromasentia.com\/fr\/wp-json\/wp\/v2\/media?parent=239156"}],"wp:term":[{"taxonomy":"product_brand","embeddable":true,"href":"https:\/\/aromasentia.com\/fr\/wp-json\/wp\/v2\/product_brand?post=239156"},{"taxonomy":"product_cat","embeddable":true,"href":"https:\/\/aromasentia.com\/fr\/wp-json\/wp\/v2\/product_cat?post=239156"},{"taxonomy":"product_tag","embeddable":true,"href":"https:\/\/aromasentia.com\/fr\/wp-json\/wp\/v2\/product_tag?post=239156"}],"curies":[{"name":"wp","href":"https:\/\/api.w.org\/{rel}","templated":true}]}}