{"id":239096,"date":"2025-03-20T17:25:57","date_gmt":"2025-03-20T17:25:57","guid":{"rendered":"https:\/\/aromasentia.com\/product\/hanmade-soap-loaf-1-25kg-honey\/"},"modified":"2025-06-23T19:08:51","modified_gmt":"2025-06-23T19:08:51","slug":"savon-artisanal-1-25kg-miel","status":"publish","type":"product","link":"https:\/\/aromasentia.com\/fr\/savon-artisanal-1-25kg-miel\/","title":{"rendered":"Savon Artisanal 1.25kg &#8211; Miel"},"content":{"rendered":"<\/p>\n<p>La gamme de <strong>Aroma Sentia ping Hanmade Soap Loaf 1.25kg -Honey&nbsp;<\/strong>vous rafra\u00eechira et am\u00e9liorera votre bien-\u00eatre \u00e0 chaque fois que vous les utiliserez.&nbsp;<\/p>\n<p>Bien souvent, l&rsquo;\u00e9tal le plus achaland\u00e9 sur le march\u00e9 de l&rsquo;artisanat est celui qui vend des savons faits \u00e0 la main, coup\u00e9s en pain. Le secret est dans la pr\u00e9sentation&#8230; soyez cr\u00e9atif!&nbsp;<\/p>\n<p>Chaque savon est unique et fait \u00e0 la main car il est fabriqu\u00e9 individuellement par des artisans lettons.<\/p>\n<p><strong>Apr\u00e8s avoir retir\u00e9 l&#8217;emballage d&rsquo;origine de ce produit, vous \u00eates tenu par la r\u00e9glementation sur les cosm\u00e9tiques de fournir ces informations \u00e0 vos clients.<\/strong>&#038;nbsp ; La couleur ou le design peuvent l\u00e9g\u00e8rement varier. Nous fournissons \u00e9galement des feuilles de plastique, des \u00e9tiquettes et des coupe-savon.<\/p>\n","protected":false},"excerpt":{"rendered":"<p>La gamme de Aroma Sentia ping Hanmade Soap Loaf 1.25kg -Honey&nbsp;vous rafra\u00eechira et am\u00e9liorera votre bien-\u00eatre \u00e0 chaque fois que vous les utiliserez.&nbsp; Bien souvent, l&rsquo;\u00e9tal le plus achaland\u00e9 sur le march\u00e9 de l&rsquo;artisanat est celui qui vend des savons faits \u00e0 la main, coup\u00e9s en pain. Le secret est dans la pr\u00e9sentation&#8230; soyez cr\u00e9atif!&nbsp; [&hellip;]<\/p>\n","protected":false},"featured_media":289924,"comment_status":"closed","ping_status":"open","template":"","meta":{"_angie_page":false},"product_brand":[],"product_cat":[19443,20586],"product_tag":[],"class_list":{"0":"post-239096","1":"product","2":"type-product","3":"status-publish","4":"has-post-thumbnail","6":"product_cat-bain-et-corps","7":"product_cat-savons-bio-naturels","8":"pa_made-in-lettonie","10":"first","11":"outofstock","12":"purchasable","13":"product-type-simple"},"supplier_id":null,"supplier_sku":"HSL-03","barcode":null,"atum_controlled":true,"out_stock_date":"2025-09-05 00:10:27","out_stock_threshold":null,"inheritable":false,"inbound_stock":null,"stock_on_hold":0,"sold_today":0,"sales_last_days":0,"reserved_stock":null,"customer_returns":null,"warehouse_damage":null,"lost_in_post":null,"other_logs":null,"out_stock_days":0,"lost_sales":0,"has_location":null,"update_date":"2026-04-27T07:08:12","atum_locations":[],"atum_stock_status":"outofstock","restock_status":false,"low_stock_amount":"","sales_update_date":"2025-09-02T00:09:34","calc_backorders":null,"_links":{"self":[{"href":"https:\/\/aromasentia.com\/fr\/wp-json\/wp\/v2\/product\/239096","targetHints":{"allow":["GET"]}}],"collection":[{"href":"https:\/\/aromasentia.com\/fr\/wp-json\/wp\/v2\/product"}],"about":[{"href":"https:\/\/aromasentia.com\/fr\/wp-json\/wp\/v2\/types\/product"}],"replies":[{"embeddable":true,"href":"https:\/\/aromasentia.com\/fr\/wp-json\/wp\/v2\/comments?post=239096"}],"version-history":[{"count":0,"href":"https:\/\/aromasentia.com\/fr\/wp-json\/wp\/v2\/product\/239096\/revisions"}],"wp:featuredmedia":[{"embeddable":true,"href":"https:\/\/aromasentia.com\/fr\/wp-json\/wp\/v2\/media\/289924"}],"wp:attachment":[{"href":"https:\/\/aromasentia.com\/fr\/wp-json\/wp\/v2\/media?parent=239096"}],"wp:term":[{"taxonomy":"product_brand","embeddable":true,"href":"https:\/\/aromasentia.com\/fr\/wp-json\/wp\/v2\/product_brand?post=239096"},{"taxonomy":"product_cat","embeddable":true,"href":"https:\/\/aromasentia.com\/fr\/wp-json\/wp\/v2\/product_cat?post=239096"},{"taxonomy":"product_tag","embeddable":true,"href":"https:\/\/aromasentia.com\/fr\/wp-json\/wp\/v2\/product_tag?post=239096"}],"curies":[{"name":"wp","href":"https:\/\/api.w.org\/{rel}","templated":true}]}}