{"id":239092,"date":"2025-03-20T17:25:57","date_gmt":"2025-03-20T17:25:57","guid":{"rendered":"https:\/\/aromasentia.com\/product\/hanmade-soap-loaf-1-25kg-smiling-orange\/"},"modified":"2025-06-23T19:08:51","modified_gmt":"2025-06-23T19:08:51","slug":"savon-artisanal-1-25kg-orange","status":"publish","type":"product","link":"https:\/\/aromasentia.com\/fr\/savon-artisanal-1-25kg-orange\/","title":{"rendered":"Savon Artisanal 1.25kg &#8211; Orange"},"content":{"rendered":"<p>Cette gamme de savons artisanaux en gros vous rafra\u00eechira et am\u00e9liorera votre bien-\u00eatre \u00e0 chaque utilisation.&nbsp;<\/p>\n<p>Le secret de la vente r\u00e9side dans la pr\u00e9sentation. Alors, soyez cr\u00e9atifs &#8230;<\/p>\n<p>Chaque Savon est unique et fait \u00e0 la main en Lettonie. Les parfums sont enivrants et ces pains de savon ajouteront couleurs et senteurs \u00e0 votre magasin.<\/p>\n<p>Attention: Apr\u00e8s avoir retir\u00e9 l&#8217;emballage d&rsquo;origine de ce produit, vous \u00eates tenu par la r\u00e9glementation des cosm\u00e9tiques de fournir les informations inscrites \u00e0 vos clients. En cas de doute, veuillez consulter votre C.C.I.&nbsp;<\/p>\n<p>La couleur ou le design peut l\u00e9g\u00e8rement varier d&rsquo;un pain \u00e0 un autre.<\/p>\n","protected":false},"excerpt":{"rendered":"<p>Cette gamme de savons artisanaux en gros vous rafra\u00eechira et am\u00e9liorera votre bien-\u00eatre \u00e0 chaque utilisation.&nbsp; Le secret de la vente r\u00e9side dans la pr\u00e9sentation. Alors, soyez cr\u00e9atifs &#8230; Chaque Savon est unique et fait \u00e0 la main en Lettonie. Les parfums sont enivrants et ces pains de savon ajouteront couleurs et senteurs \u00e0 votre [&hellip;]<\/p>\n","protected":false},"featured_media":289915,"comment_status":"closed","ping_status":"open","template":"","meta":{"_angie_page":false},"product_brand":[],"product_cat":[19443,26818,26307,20586,25842],"product_tag":[],"class_list":{"0":"post-239092","1":"product","2":"type-product","3":"status-publish","4":"has-post-thumbnail","6":"product_cat-bain-et-corps","7":"product_cat-hesperide-agrumes","8":"product_cat-orange","9":"product_cat-savons-bio-naturels","10":"product_cat-senteurs-aromes","11":"pa_made-in-lettonie","13":"first","14":"outofstock","15":"purchasable","16":"product-type-simple"},"supplier_id":null,"supplier_sku":"HSL-02","barcode":null,"atum_controlled":true,"out_stock_date":"2025-09-05 00:10:22","out_stock_threshold":null,"inheritable":false,"inbound_stock":null,"stock_on_hold":0,"sold_today":0,"sales_last_days":0,"reserved_stock":null,"customer_returns":null,"warehouse_damage":null,"lost_in_post":null,"other_logs":null,"out_stock_days":0,"lost_sales":0,"has_location":null,"update_date":"2026-04-27T07:08:12","atum_locations":[],"atum_stock_status":"outofstock","restock_status":false,"low_stock_amount":"","sales_update_date":"2025-09-02T00:09:33","calc_backorders":null,"_links":{"self":[{"href":"https:\/\/aromasentia.com\/fr\/wp-json\/wp\/v2\/product\/239092","targetHints":{"allow":["GET"]}}],"collection":[{"href":"https:\/\/aromasentia.com\/fr\/wp-json\/wp\/v2\/product"}],"about":[{"href":"https:\/\/aromasentia.com\/fr\/wp-json\/wp\/v2\/types\/product"}],"replies":[{"embeddable":true,"href":"https:\/\/aromasentia.com\/fr\/wp-json\/wp\/v2\/comments?post=239092"}],"version-history":[{"count":0,"href":"https:\/\/aromasentia.com\/fr\/wp-json\/wp\/v2\/product\/239092\/revisions"}],"wp:featuredmedia":[{"embeddable":true,"href":"https:\/\/aromasentia.com\/fr\/wp-json\/wp\/v2\/media\/289915"}],"wp:attachment":[{"href":"https:\/\/aromasentia.com\/fr\/wp-json\/wp\/v2\/media?parent=239092"}],"wp:term":[{"taxonomy":"product_brand","embeddable":true,"href":"https:\/\/aromasentia.com\/fr\/wp-json\/wp\/v2\/product_brand?post=239092"},{"taxonomy":"product_cat","embeddable":true,"href":"https:\/\/aromasentia.com\/fr\/wp-json\/wp\/v2\/product_cat?post=239092"},{"taxonomy":"product_tag","embeddable":true,"href":"https:\/\/aromasentia.com\/fr\/wp-json\/wp\/v2\/product_tag?post=239092"}],"curies":[{"name":"wp","href":"https:\/\/api.w.org\/{rel}","templated":true}]}}