{"id":239060,"date":"2025-03-20T17:26:11","date_gmt":"2025-03-20T17:26:11","guid":{"rendered":"https:\/\/aromasentia.com\/product\/happy-scrub-soap-purple-grape\/"},"modified":"2025-06-23T19:08:47","modified_gmt":"2025-06-23T19:08:47","slug":"savon-gommant-happy-raisin-violet","status":"publish","type":"product","link":"https:\/\/aromasentia.com\/fr\/savon-gommant-happy-raisin-violet\/","title":{"rendered":"Savon Gommant Happy &#8211; Raisin Violet"},"content":{"rendered":"<p>R\u00e9v\u00e9lez une peau radieuse avec notre savon exfoliant Happy Scrub &#8211; Purple Grape. Ce savon exfoliant vibrant pr\u00e9sente l&rsquo;ar\u00f4me sucr\u00e9 et juteux de raisins violets m\u00fbrs, associ\u00e9 \u00e0 des agents exfoliants naturels pour polir d\u00e9licatement votre peau. Il aide \u00e0 \u00e9liminer l&rsquo;aspect terne et les impuret\u00e9s, laissant votre peau exceptionnellement douce, lisse et revitalis\u00e9e. Le succulent parfum de raisin fait de votre routine de nettoyage une exp\u00e9rience d\u00e9licieuse et revigorante, favorisant un \u00e9clat joyeux et sain.<\/p>\n","protected":false},"excerpt":{"rendered":"<p>R\u00e9v\u00e9lez une peau radieuse avec notre savon exfoliant Happy Scrub &#8211; Purple Grape. Ce savon exfoliant vibrant pr\u00e9sente l&rsquo;ar\u00f4me sucr\u00e9 et juteux de raisins violets m\u00fbrs, associ\u00e9 \u00e0 des agents exfoliants naturels pour polir d\u00e9licatement votre peau. Il aide \u00e0 \u00e9liminer l&rsquo;aspect terne et les impuret\u00e9s, laissant votre peau exceptionnellement douce, lisse et revitalis\u00e9e. Le [&hellip;]<\/p>\n","protected":false},"featured_media":290031,"comment_status":"closed","ping_status":"open","template":"","meta":{"_angie_page":false},"product_brand":[],"product_cat":[19443,20586],"product_tag":[],"class_list":{"0":"post-239060","1":"product","2":"type-product","3":"status-publish","4":"has-post-thumbnail","6":"product_cat-bain-et-corps","7":"product_cat-savons-bio-naturels","8":"pa_collection-happy-scrub-soap-fr","9":"pa_made-in-royaume-uni","11":"first","12":"instock","13":"purchasable","14":"product-type-simple"},"supplier_id":null,"supplier_sku":"HSS-07","barcode":null,"atum_controlled":true,"out_stock_date":null,"out_stock_threshold":null,"inheritable":false,"inbound_stock":null,"stock_on_hold":0,"sold_today":0,"sales_last_days":0,"reserved_stock":null,"customer_returns":null,"warehouse_damage":null,"lost_in_post":null,"other_logs":null,"out_stock_days":0,"lost_sales":0,"has_location":null,"update_date":"2026-05-04T00:03:56","atum_locations":[],"atum_stock_status":"instock","restock_status":false,"low_stock_amount":"","sales_update_date":"2026-02-06T00:02:51","calc_backorders":null,"_links":{"self":[{"href":"https:\/\/aromasentia.com\/fr\/wp-json\/wp\/v2\/product\/239060","targetHints":{"allow":["GET"]}}],"collection":[{"href":"https:\/\/aromasentia.com\/fr\/wp-json\/wp\/v2\/product"}],"about":[{"href":"https:\/\/aromasentia.com\/fr\/wp-json\/wp\/v2\/types\/product"}],"replies":[{"embeddable":true,"href":"https:\/\/aromasentia.com\/fr\/wp-json\/wp\/v2\/comments?post=239060"}],"version-history":[{"count":0,"href":"https:\/\/aromasentia.com\/fr\/wp-json\/wp\/v2\/product\/239060\/revisions"}],"wp:featuredmedia":[{"embeddable":true,"href":"https:\/\/aromasentia.com\/fr\/wp-json\/wp\/v2\/media\/290031"}],"wp:attachment":[{"href":"https:\/\/aromasentia.com\/fr\/wp-json\/wp\/v2\/media?parent=239060"}],"wp:term":[{"taxonomy":"product_brand","embeddable":true,"href":"https:\/\/aromasentia.com\/fr\/wp-json\/wp\/v2\/product_brand?post=239060"},{"taxonomy":"product_cat","embeddable":true,"href":"https:\/\/aromasentia.com\/fr\/wp-json\/wp\/v2\/product_cat?post=239060"},{"taxonomy":"product_tag","embeddable":true,"href":"https:\/\/aromasentia.com\/fr\/wp-json\/wp\/v2\/product_tag?post=239060"}],"curies":[{"name":"wp","href":"https:\/\/api.w.org\/{rel}","templated":true}]}}