{"id":239056,"date":"2025-03-20T17:26:11","date_gmt":"2025-03-20T17:26:11","guid":{"rendered":"https:\/\/aromasentia.com\/product\/happy-scrub-soap-coconut\/"},"modified":"2025-06-23T19:08:47","modified_gmt":"2025-06-23T19:08:47","slug":"savon-gommant-happy-noix-de-coco","status":"publish","type":"product","link":"https:\/\/aromasentia.com\/fr\/savon-gommant-happy-noix-de-coco\/","title":{"rendered":"Savon Gommant Happy &#8211; Noix de Coco"},"content":{"rendered":"<p>Obtenez une peau douce gr\u00e2ce \u00e0 notre savon exfoliant Happy Scrub &#8211; noix de coco. Ce pain de savon exfoliant associe des particules exfoliantes naturelles efficaces \u00e0 l&rsquo;ar\u00f4me cr\u00e9meux et exotique de la noix de coco fra\u00eeche. Il \u00e9limine en douceur les cellules mortes et les impuret\u00e9s, r\u00e9v\u00e9lant une peau plus douce, plus lisse et plus \u00e9clatante. Le parfum tropical de la noix de coco transforme votre douche en une \u00e9chapp\u00e9e belle, laissant votre peau polie, hydrat\u00e9e et merveilleusement parfum\u00e9e.<\/p>\n","protected":false},"excerpt":{"rendered":"<p>Obtenez une peau douce gr\u00e2ce \u00e0 notre savon exfoliant Happy Scrub &#8211; noix de coco. Ce pain de savon exfoliant associe des particules exfoliantes naturelles efficaces \u00e0 l&rsquo;ar\u00f4me cr\u00e9meux et exotique de la noix de coco fra\u00eeche. Il \u00e9limine en douceur les cellules mortes et les impuret\u00e9s, r\u00e9v\u00e9lant une peau plus douce, plus lisse et [&hellip;]<\/p>\n","protected":false},"featured_media":290014,"comment_status":"closed","ping_status":"open","template":"","meta":{"_angie_page":false},"product_brand":[],"product_cat":[19443,20586],"product_tag":[],"class_list":{"0":"post-239056","1":"product","2":"type-product","3":"status-publish","4":"has-post-thumbnail","6":"product_cat-bain-et-corps","7":"product_cat-savons-bio-naturels","8":"pa_collection-happy-scrub-soap-fr","9":"pa_made-in-royaume-uni","11":"first","12":"instock","13":"purchasable","14":"product-type-simple"},"supplier_id":null,"supplier_sku":"HSS-08","barcode":null,"atum_controlled":true,"out_stock_date":null,"out_stock_threshold":null,"inheritable":false,"inbound_stock":null,"stock_on_hold":0,"sold_today":0,"sales_last_days":0,"reserved_stock":null,"customer_returns":null,"warehouse_damage":null,"lost_in_post":null,"other_logs":null,"out_stock_days":0,"lost_sales":0,"has_location":null,"update_date":"2026-05-04T00:03:56","atum_locations":[],"atum_stock_status":"instock","restock_status":false,"low_stock_amount":"","sales_update_date":"2026-01-30T01:24:32","calc_backorders":null,"_links":{"self":[{"href":"https:\/\/aromasentia.com\/fr\/wp-json\/wp\/v2\/product\/239056","targetHints":{"allow":["GET"]}}],"collection":[{"href":"https:\/\/aromasentia.com\/fr\/wp-json\/wp\/v2\/product"}],"about":[{"href":"https:\/\/aromasentia.com\/fr\/wp-json\/wp\/v2\/types\/product"}],"replies":[{"embeddable":true,"href":"https:\/\/aromasentia.com\/fr\/wp-json\/wp\/v2\/comments?post=239056"}],"version-history":[{"count":0,"href":"https:\/\/aromasentia.com\/fr\/wp-json\/wp\/v2\/product\/239056\/revisions"}],"wp:featuredmedia":[{"embeddable":true,"href":"https:\/\/aromasentia.com\/fr\/wp-json\/wp\/v2\/media\/290014"}],"wp:attachment":[{"href":"https:\/\/aromasentia.com\/fr\/wp-json\/wp\/v2\/media?parent=239056"}],"wp:term":[{"taxonomy":"product_brand","embeddable":true,"href":"https:\/\/aromasentia.com\/fr\/wp-json\/wp\/v2\/product_brand?post=239056"},{"taxonomy":"product_cat","embeddable":true,"href":"https:\/\/aromasentia.com\/fr\/wp-json\/wp\/v2\/product_cat?post=239056"},{"taxonomy":"product_tag","embeddable":true,"href":"https:\/\/aromasentia.com\/fr\/wp-json\/wp\/v2\/product_tag?post=239056"}],"curies":[{"name":"wp","href":"https:\/\/api.w.org\/{rel}","templated":true}]}}