{"id":239036,"date":"2025-03-20T17:26:19","date_gmt":"2025-03-20T17:26:19","guid":{"rendered":"https:\/\/aromasentia.com\/product\/happy-scrub-soap-bubblegum\/"},"modified":"2025-06-23T19:08:42","modified_gmt":"2025-06-23T19:08:42","slug":"savon-gommant-happy-bubblegum","status":"publish","type":"product","link":"https:\/\/aromasentia.com\/fr\/savon-gommant-happy-bubblegum\/","title":{"rendered":"Savon Gommant Happy &#8211; Bubblegum"},"content":{"rendered":"<p>Ajoutez un peu de fun \u00e0 votre exfoliation avec notre savon Happy Scrub &#8211; Bubblegum. Cette barre exfoliante ludique rappelle de doux souvenirs d&rsquo;enfance gr\u00e2ce \u00e0 son parfum classique de bubblegum, associ\u00e9 \u00e0 des agents exfoliants naturels efficaces. Il polit d\u00e9licatement votre peau, en \u00e9liminant l&rsquo;aspect terne et en la laissant douce, lisse et merveilleusement rafra\u00eechie. Le parfum joyeux et sucr\u00e9 fait de votre douche une aventure d\u00e9licieuse et stimulante, ajoutant une touche de fantaisie \u00e0 votre journ\u00e9e.<\/p>\n","protected":false},"excerpt":{"rendered":"<p>Ajoutez un peu de fun \u00e0 votre exfoliation avec notre savon Happy Scrub &#8211; Bubblegum. Cette barre exfoliante ludique rappelle de doux souvenirs d&rsquo;enfance gr\u00e2ce \u00e0 son parfum classique de bubblegum, associ\u00e9 \u00e0 des agents exfoliants naturels efficaces. Il polit d\u00e9licatement votre peau, en \u00e9liminant l&rsquo;aspect terne et en la laissant douce, lisse et merveilleusement [&hellip;]<\/p>\n","protected":false},"featured_media":290099,"comment_status":"closed","ping_status":"open","template":"","meta":{"_angie_page":false},"product_brand":[],"product_cat":[19443,20586],"product_tag":[],"class_list":{"0":"post-239036","1":"product","2":"type-product","3":"status-publish","4":"has-post-thumbnail","6":"product_cat-bain-et-corps","7":"product_cat-savons-bio-naturels","8":"pa_collection-happy-scrub-soap-fr","9":"pa_made-in-royaume-uni","11":"first","12":"instock","13":"purchasable","14":"product-type-simple"},"supplier_id":null,"supplier_sku":"HSS-03","barcode":null,"atum_controlled":true,"out_stock_date":null,"out_stock_threshold":null,"inheritable":false,"inbound_stock":null,"stock_on_hold":0,"sold_today":0,"sales_last_days":0,"reserved_stock":null,"customer_returns":null,"warehouse_damage":null,"lost_in_post":null,"other_logs":null,"out_stock_days":0,"lost_sales":0,"has_location":null,"update_date":"2026-04-27T07:08:12","atum_locations":[],"atum_stock_status":"instock","restock_status":false,"low_stock_amount":"","sales_update_date":"2025-09-05T00:19:40","calc_backorders":null,"_links":{"self":[{"href":"https:\/\/aromasentia.com\/fr\/wp-json\/wp\/v2\/product\/239036","targetHints":{"allow":["GET"]}}],"collection":[{"href":"https:\/\/aromasentia.com\/fr\/wp-json\/wp\/v2\/product"}],"about":[{"href":"https:\/\/aromasentia.com\/fr\/wp-json\/wp\/v2\/types\/product"}],"replies":[{"embeddable":true,"href":"https:\/\/aromasentia.com\/fr\/wp-json\/wp\/v2\/comments?post=239036"}],"version-history":[{"count":0,"href":"https:\/\/aromasentia.com\/fr\/wp-json\/wp\/v2\/product\/239036\/revisions"}],"wp:featuredmedia":[{"embeddable":true,"href":"https:\/\/aromasentia.com\/fr\/wp-json\/wp\/v2\/media\/290099"}],"wp:attachment":[{"href":"https:\/\/aromasentia.com\/fr\/wp-json\/wp\/v2\/media?parent=239036"}],"wp:term":[{"taxonomy":"product_brand","embeddable":true,"href":"https:\/\/aromasentia.com\/fr\/wp-json\/wp\/v2\/product_brand?post=239036"},{"taxonomy":"product_cat","embeddable":true,"href":"https:\/\/aromasentia.com\/fr\/wp-json\/wp\/v2\/product_cat?post=239036"},{"taxonomy":"product_tag","embeddable":true,"href":"https:\/\/aromasentia.com\/fr\/wp-json\/wp\/v2\/product_tag?post=239036"}],"curies":[{"name":"wp","href":"https:\/\/api.w.org\/{rel}","templated":true}]}}