{"id":239032,"date":"2025-03-20T17:26:19","date_gmt":"2025-03-20T17:26:19","guid":{"rendered":"https:\/\/aromasentia.com\/product\/happy-scrub-soap-strawberry-guava\/"},"modified":"2025-06-23T19:08:41","modified_gmt":"2025-06-23T19:08:41","slug":"savon-gommant-happy-fraise-goyave","status":"publish","type":"product","link":"https:\/\/aromasentia.com\/fr\/savon-gommant-happy-fraise-goyave\/","title":{"rendered":"Savon Gommant Happy &#8211; Fraise &#038; Goyave"},"content":{"rendered":"<p>Profitez d&rsquo;une explosion de fra\u00eecheur fruit\u00e9e avec notre savon exfoliant Happy Scrub &#8211; Fraise et goyave. Cette barre de savon exfoliante associe le doux parfum des fraises juteuses au zeste exotique de la goyave tropicale, ainsi qu&rsquo;\u00e0 des particules exfoliantes douces et naturelles. Il \u00e9limine efficacement les impuret\u00e9s et les cellules mortes, laissant votre peau incroyablement douce, lisse et revitalis\u00e9e. Le parfum d\u00e9licieux et vibrant fait de votre routine de nettoyage une exp\u00e9rience vraiment heureuse et revigorante.<\/p>\n","protected":false},"excerpt":{"rendered":"<p>Profitez d&rsquo;une explosion de fra\u00eecheur fruit\u00e9e avec notre savon exfoliant Happy Scrub &#8211; Fraise et goyave. Cette barre de savon exfoliante associe le doux parfum des fraises juteuses au zeste exotique de la goyave tropicale, ainsi qu&rsquo;\u00e0 des particules exfoliantes douces et naturelles. Il \u00e9limine efficacement les impuret\u00e9s et les cellules mortes, laissant votre peau [&hellip;]<\/p>\n","protected":false},"featured_media":290082,"comment_status":"closed","ping_status":"open","template":"","meta":{"_angie_page":false},"product_brand":[],"product_cat":[19443,26534,26846,26564,20586,25842],"product_tag":[],"class_list":{"0":"post-239032","1":"product","2":"type-product","3":"status-publish","4":"has-post-thumbnail","6":"product_cat-bain-et-corps","7":"product_cat-fraise","8":"product_cat-fruite","9":"product_cat-goyave","10":"product_cat-savons-bio-naturels","11":"product_cat-senteurs-aromes","12":"pa_collection-happy-scrub-soap-fr","13":"pa_made-in-royaume-uni","15":"first","16":"instock","17":"purchasable","18":"product-type-simple"},"supplier_id":null,"supplier_sku":"HSS-04","barcode":null,"atum_controlled":true,"out_stock_date":null,"out_stock_threshold":null,"inheritable":false,"inbound_stock":null,"stock_on_hold":0,"sold_today":0,"sales_last_days":0,"reserved_stock":null,"customer_returns":null,"warehouse_damage":null,"lost_in_post":null,"other_logs":null,"out_stock_days":0,"lost_sales":0,"has_location":null,"update_date":"2026-04-27T07:08:12","atum_locations":[],"atum_stock_status":"instock","restock_status":false,"low_stock_amount":"","sales_update_date":"2025-09-05T00:19:39","calc_backorders":null,"_links":{"self":[{"href":"https:\/\/aromasentia.com\/fr\/wp-json\/wp\/v2\/product\/239032","targetHints":{"allow":["GET"]}}],"collection":[{"href":"https:\/\/aromasentia.com\/fr\/wp-json\/wp\/v2\/product"}],"about":[{"href":"https:\/\/aromasentia.com\/fr\/wp-json\/wp\/v2\/types\/product"}],"replies":[{"embeddable":true,"href":"https:\/\/aromasentia.com\/fr\/wp-json\/wp\/v2\/comments?post=239032"}],"version-history":[{"count":0,"href":"https:\/\/aromasentia.com\/fr\/wp-json\/wp\/v2\/product\/239032\/revisions"}],"wp:featuredmedia":[{"embeddable":true,"href":"https:\/\/aromasentia.com\/fr\/wp-json\/wp\/v2\/media\/290082"}],"wp:attachment":[{"href":"https:\/\/aromasentia.com\/fr\/wp-json\/wp\/v2\/media?parent=239032"}],"wp:term":[{"taxonomy":"product_brand","embeddable":true,"href":"https:\/\/aromasentia.com\/fr\/wp-json\/wp\/v2\/product_brand?post=239032"},{"taxonomy":"product_cat","embeddable":true,"href":"https:\/\/aromasentia.com\/fr\/wp-json\/wp\/v2\/product_cat?post=239032"},{"taxonomy":"product_tag","embeddable":true,"href":"https:\/\/aromasentia.com\/fr\/wp-json\/wp\/v2\/product_tag?post=239032"}],"curies":[{"name":"wp","href":"https:\/\/api.w.org\/{rel}","templated":true}]}}