{"id":239028,"date":"2025-03-20T17:26:19","date_gmt":"2025-03-20T17:26:19","guid":{"rendered":"https:\/\/aromasentia.com\/product\/happy-scrub-soap-mango\/"},"modified":"2025-06-23T19:08:41","modified_gmt":"2025-06-23T19:08:41","slug":"savon-gommant-happy-mangue","status":"publish","type":"product","link":"https:\/\/aromasentia.com\/fr\/savon-gommant-happy-mangue\/","title":{"rendered":"Savon Gommant Happy &#8211; Mangue"},"content":{"rendered":"<p>Transportez vos sens avec notre savon exfoliant Happy Scrub &#8211; Mango. Ce savon exfoliant d&rsquo;inspiration tropicale regorge de l&rsquo;ar\u00f4me sucr\u00e9 et succulent de la mangue m\u00fbre et d&rsquo;agents exfoliants naturels. Il polit en douceur la peau terne et s\u00e8che, r\u00e9v\u00e9lant une peau plus douce, plus lisse et plus \u00e9clatante. Le parfum vivifiant de la mangue transforme votre douche quotidienne en une escapade revigorante, laissant votre peau rafra\u00eechie, merveilleusement soign\u00e9e et \u00e0 l&rsquo;odeur absolument d\u00e9licieuse.<\/p>\n","protected":false},"excerpt":{"rendered":"<p>Transportez vos sens avec notre savon exfoliant Happy Scrub &#8211; Mango. Ce savon exfoliant d&rsquo;inspiration tropicale regorge de l&rsquo;ar\u00f4me sucr\u00e9 et succulent de la mangue m\u00fbre et d&rsquo;agents exfoliants naturels. Il polit en douceur la peau terne et s\u00e8che, r\u00e9v\u00e9lant une peau plus douce, plus lisse et plus \u00e9clatante. Le parfum vivifiant de la mangue [&hellip;]<\/p>\n","protected":false},"featured_media":290065,"comment_status":"closed","ping_status":"open","template":"","meta":{"_angie_page":false},"product_brand":[],"product_cat":[19443,20586],"product_tag":[],"class_list":{"0":"post-239028","1":"product","2":"type-product","3":"status-publish","4":"has-post-thumbnail","6":"product_cat-bain-et-corps","7":"product_cat-savons-bio-naturels","8":"pa_collection-happy-scrub-soap-fr","9":"pa_made-in-royaume-uni","11":"first","12":"instock","13":"purchasable","14":"product-type-simple"},"supplier_id":null,"supplier_sku":"HSS-05","barcode":null,"atum_controlled":true,"out_stock_date":null,"out_stock_threshold":null,"inheritable":false,"inbound_stock":null,"stock_on_hold":0,"sold_today":0,"sales_last_days":0,"reserved_stock":null,"customer_returns":null,"warehouse_damage":null,"lost_in_post":null,"other_logs":null,"out_stock_days":0,"lost_sales":0,"has_location":null,"update_date":"2026-04-27T07:08:12","atum_locations":[],"atum_stock_status":"instock","restock_status":false,"low_stock_amount":"","sales_update_date":"2025-09-05T00:19:39","calc_backorders":null,"_links":{"self":[{"href":"https:\/\/aromasentia.com\/fr\/wp-json\/wp\/v2\/product\/239028","targetHints":{"allow":["GET"]}}],"collection":[{"href":"https:\/\/aromasentia.com\/fr\/wp-json\/wp\/v2\/product"}],"about":[{"href":"https:\/\/aromasentia.com\/fr\/wp-json\/wp\/v2\/types\/product"}],"replies":[{"embeddable":true,"href":"https:\/\/aromasentia.com\/fr\/wp-json\/wp\/v2\/comments?post=239028"}],"version-history":[{"count":0,"href":"https:\/\/aromasentia.com\/fr\/wp-json\/wp\/v2\/product\/239028\/revisions"}],"wp:featuredmedia":[{"embeddable":true,"href":"https:\/\/aromasentia.com\/fr\/wp-json\/wp\/v2\/media\/290065"}],"wp:attachment":[{"href":"https:\/\/aromasentia.com\/fr\/wp-json\/wp\/v2\/media?parent=239028"}],"wp:term":[{"taxonomy":"product_brand","embeddable":true,"href":"https:\/\/aromasentia.com\/fr\/wp-json\/wp\/v2\/product_brand?post=239028"},{"taxonomy":"product_cat","embeddable":true,"href":"https:\/\/aromasentia.com\/fr\/wp-json\/wp\/v2\/product_cat?post=239028"},{"taxonomy":"product_tag","embeddable":true,"href":"https:\/\/aromasentia.com\/fr\/wp-json\/wp\/v2\/product_tag?post=239028"}],"curies":[{"name":"wp","href":"https:\/\/api.w.org\/{rel}","templated":true}]}}