{"id":239004,"date":"2025-03-20T17:26:27","date_gmt":"2025-03-20T17:26:27","guid":{"rendered":"https:\/\/aromasentia.com\/product\/happy-scrub-soap-pinacolada\/"},"modified":"2025-06-23T19:08:38","modified_gmt":"2025-06-23T19:08:38","slug":"savon-gommant-happy-pinacolada","status":"publish","type":"product","link":"https:\/\/aromasentia.com\/fr\/savon-gommant-happy-pinacolada\/","title":{"rendered":"Savon Gommant Happy &#8211; Pinacolada"},"content":{"rendered":"<p>\u00c9vadez-vous dans un paradis tropical avec notre savon exfoliant Happy Scrub &#8211; Pinacolada. Cette barre de savon exfoliante capture le parfum irr\u00e9sistible de la noix de coco cr\u00e9meuse et de l&rsquo;ananas juteux, m\u00e9lang\u00e9s \u00e0 des agents exfoliants naturels. Il polit d\u00e9licatement votre peau, \u00e9liminant les taches et r\u00e9v\u00e9lant une texture plus douce et plus lisse. Le parfum classique inspir\u00e9 des cocktails transforme votre douche en mini-vacances, laissant votre peau rafra\u00eechie, merveilleusement soign\u00e9e et d\u00e9licieusement parfum\u00e9e.<\/p>\n","protected":false},"excerpt":{"rendered":"<p>\u00c9vadez-vous dans un paradis tropical avec notre savon exfoliant Happy Scrub &#8211; Pinacolada. Cette barre de savon exfoliante capture le parfum irr\u00e9sistible de la noix de coco cr\u00e9meuse et de l&rsquo;ananas juteux, m\u00e9lang\u00e9s \u00e0 des agents exfoliants naturels. Il polit d\u00e9licatement votre peau, \u00e9liminant les taches et r\u00e9v\u00e9lant une texture plus douce et plus lisse. [&hellip;]<\/p>\n","protected":false},"featured_media":290133,"comment_status":"closed","ping_status":"open","template":"","meta":{"_angie_page":false},"product_brand":[],"product_cat":[19443,20586],"product_tag":[],"class_list":{"0":"post-239004","1":"product","2":"type-product","3":"status-publish","4":"has-post-thumbnail","6":"product_cat-bain-et-corps","7":"product_cat-savons-bio-naturels","8":"pa_collection-happy-scrub-soap-fr","9":"pa_made-in-royaume-uni","11":"first","12":"instock","13":"purchasable","14":"product-type-simple"},"supplier_id":null,"supplier_sku":"HSS-01","barcode":null,"atum_controlled":true,"out_stock_date":null,"out_stock_threshold":null,"inheritable":false,"inbound_stock":null,"stock_on_hold":0,"sold_today":0,"sales_last_days":0,"reserved_stock":null,"customer_returns":null,"warehouse_damage":null,"lost_in_post":null,"other_logs":null,"out_stock_days":0,"lost_sales":0,"has_location":null,"update_date":"2026-04-27T07:08:12","atum_locations":[],"atum_stock_status":"instock","restock_status":false,"low_stock_amount":"","sales_update_date":"2026-02-06T00:02:17","calc_backorders":null,"_links":{"self":[{"href":"https:\/\/aromasentia.com\/fr\/wp-json\/wp\/v2\/product\/239004","targetHints":{"allow":["GET"]}}],"collection":[{"href":"https:\/\/aromasentia.com\/fr\/wp-json\/wp\/v2\/product"}],"about":[{"href":"https:\/\/aromasentia.com\/fr\/wp-json\/wp\/v2\/types\/product"}],"replies":[{"embeddable":true,"href":"https:\/\/aromasentia.com\/fr\/wp-json\/wp\/v2\/comments?post=239004"}],"version-history":[{"count":0,"href":"https:\/\/aromasentia.com\/fr\/wp-json\/wp\/v2\/product\/239004\/revisions"}],"wp:featuredmedia":[{"embeddable":true,"href":"https:\/\/aromasentia.com\/fr\/wp-json\/wp\/v2\/media\/290133"}],"wp:attachment":[{"href":"https:\/\/aromasentia.com\/fr\/wp-json\/wp\/v2\/media?parent=239004"}],"wp:term":[{"taxonomy":"product_brand","embeddable":true,"href":"https:\/\/aromasentia.com\/fr\/wp-json\/wp\/v2\/product_brand?post=239004"},{"taxonomy":"product_cat","embeddable":true,"href":"https:\/\/aromasentia.com\/fr\/wp-json\/wp\/v2\/product_cat?post=239004"},{"taxonomy":"product_tag","embeddable":true,"href":"https:\/\/aromasentia.com\/fr\/wp-json\/wp\/v2\/product_tag?post=239004"}],"curies":[{"name":"wp","href":"https:\/\/api.w.org\/{rel}","templated":true}]}}