{"id":238948,"date":"2025-03-20T17:27:18","date_gmt":"2025-03-20T17:27:18","guid":{"rendered":"https:\/\/aromasentia.com\/product\/sweet-fennel-jojoba-bath-bomb\/"},"modified":"2025-06-23T19:08:30","modified_gmt":"2025-06-23T19:08:30","slug":"boules-de-bain-jumbo-180g-fenouil-de-provence-et-jojoba","status":"publish","type":"product","link":"https:\/\/aromasentia.com\/fr\/boules-de-bain-jumbo-180g-fenouil-de-provence-et-jojoba\/","title":{"rendered":"Boules de Bain Jumbo &#8211; 180g Fenouil de Provence et Jojoba"},"content":{"rendered":"<p>Chaud !! Vous aimez les vacances d&rsquo;\u00e9t\u00e9 ?&nbsp;<\/p>\n<p>Ces bombes de bain vous emm\u00e8neront certainement dans ces journ\u00e9es ensoleill\u00e9es sensuelles et chaudes.&nbsp;<\/p>\n<p>Les <strong><span style=\"color: rgb(147, 101, 184);\">Bombes de Bain au Fenouil doux et au Jojoba<\/span><\/strong> ont une grande qualit\u00e9 et valeur. Chaque bombe p\u00e8se 180 grammes, fournit beaucoup de p\u00e9tillement, de couleur et de parfum. Gr\u00e2ce \u00e0 l&rsquo;ajout de beurre de karit\u00e9, ils nourrissent la peau et la laissent lisse.<\/p>\n<p>Combinez nos bombes avec d&rsquo;autres produits de bain et cr\u00e9ez de fantastiques coffrets cadeaux.&nbsp;<\/p>\n<p>Vos clients ne pourront pas r\u00e9sister ! Emball\u00e9 par 16.<\/p>\n","protected":false},"excerpt":{"rendered":"<p>Chaud !! Vous aimez les vacances d&rsquo;\u00e9t\u00e9 ?&nbsp; Ces bombes de bain vous emm\u00e8neront certainement dans ces journ\u00e9es ensoleill\u00e9es sensuelles et chaudes.&nbsp; Les Bombes de Bain au Fenouil doux et au Jojoba ont une grande qualit\u00e9 et valeur. Chaque bombe p\u00e8se 180 grammes, fournit beaucoup de p\u00e9tillement, de couleur et de parfum. Gr\u00e2ce \u00e0 l&rsquo;ajout [&hellip;]<\/p>\n","protected":false},"featured_media":290405,"comment_status":"closed","ping_status":"open","template":"","meta":[],"product_brand":[],"product_cat":[19443,20507,26185,26860,25842],"product_tag":[],"class_list":{"0":"post-238948","1":"product","2":"type-product","3":"status-publish","4":"has-post-thumbnail","6":"product_cat-bain-et-corps","7":"product_cat-boules-bombes-de-bain","8":"product_cat-fenouil","9":"product_cat-herbes-aromatiques","10":"product_cat-senteurs-aromes","11":"pa_made-in-royaume-uni","13":"first","14":"outofstock","15":"purchasable","16":"product-type-simple"},"supplier_id":null,"supplier_sku":"JBB-17","barcode":null,"atum_controlled":true,"out_stock_date":"2025-09-05 00:38:05","out_stock_threshold":null,"inheritable":false,"inbound_stock":0,"stock_on_hold":0,"sold_today":0,"sales_last_days":0,"reserved_stock":0,"customer_returns":0,"warehouse_damage":0,"lost_in_post":0,"other_logs":0,"out_stock_days":0,"lost_sales":0,"has_location":false,"update_date":"2026-02-11T09:34:53","atum_locations":[],"atum_stock_status":"outofstock","restock_status":false,"low_stock_amount":"","sales_update_date":"2025-09-05T00:19:43","calc_backorders":null,"_links":{"self":[{"href":"https:\/\/aromasentia.com\/fr\/wp-json\/wp\/v2\/product\/238948","targetHints":{"allow":["GET"]}}],"collection":[{"href":"https:\/\/aromasentia.com\/fr\/wp-json\/wp\/v2\/product"}],"about":[{"href":"https:\/\/aromasentia.com\/fr\/wp-json\/wp\/v2\/types\/product"}],"replies":[{"embeddable":true,"href":"https:\/\/aromasentia.com\/fr\/wp-json\/wp\/v2\/comments?post=238948"}],"version-history":[{"count":0,"href":"https:\/\/aromasentia.com\/fr\/wp-json\/wp\/v2\/product\/238948\/revisions"}],"wp:featuredmedia":[{"embeddable":true,"href":"https:\/\/aromasentia.com\/fr\/wp-json\/wp\/v2\/media\/290405"}],"wp:attachment":[{"href":"https:\/\/aromasentia.com\/fr\/wp-json\/wp\/v2\/media?parent=238948"}],"wp:term":[{"taxonomy":"product_brand","embeddable":true,"href":"https:\/\/aromasentia.com\/fr\/wp-json\/wp\/v2\/product_brand?post=238948"},{"taxonomy":"product_cat","embeddable":true,"href":"https:\/\/aromasentia.com\/fr\/wp-json\/wp\/v2\/product_cat?post=238948"},{"taxonomy":"product_tag","embeddable":true,"href":"https:\/\/aromasentia.com\/fr\/wp-json\/wp\/v2\/product_tag?post=238948"}],"curies":[{"name":"wp","href":"https:\/\/api.w.org\/{rel}","templated":true}]}}