{"id":238916,"date":"2025-03-20T17:27:41","date_gmt":"2025-03-20T17:27:41","guid":{"rendered":"https:\/\/aromasentia.com\/product\/strawberry-pavlova-red-white\/"},"modified":"2025-06-23T19:08:26","modified_gmt":"2025-06-23T19:08:26","slug":"boules-de-bain-gourmandes-pavlova-aux-fraises-rouge-et-blanc","status":"publish","type":"product","link":"https:\/\/aromasentia.com\/fr\/boules-de-bain-gourmandes-pavlova-aux-fraises-rouge-et-blanc\/","title":{"rendered":"Boules de Bain gourmandes Pavlova aux fraises &#8211; Rouge et blanc"},"content":{"rendered":"<p><strong><span style=\"color: rgb(184, 49, 47);\">Vente en gros Bombe de bain Pavlova aux fraises <\/span><\/strong><\/p>\n<p>Si vous recherchez un produit p\u00e9tillant pour le bain en gros de haute qualit\u00e9, qui a l&rsquo;air et sent bon, alors notre bombe de bain Pavlova aux fraises est parfaite pour vous.&nbsp;<\/p>\n<p>Avec un d\u00e9licieux parfum de fraises m\u00fbres et une texture moelleuse rappelant une pavlova fra\u00eechement sortie du four, ces bombes de bain raviront \u00e0 coup s\u00fbr les sens.&nbsp;<\/p>\n<p>Chaque bombe de bain est con&ccedil;ue de mani\u00e8re experte pour cr\u00e9er une atmosph\u00e8re relaxante et apaisante, avec des ingr\u00e9dients naturels tels que le sel d&rsquo;Epsom et l&rsquo;huile de noix de coco qui laisseront la peau douce et nourrie.&nbsp;<\/p>\n<p>Les couleurs vives rouge et blanc des bombes de bain ajoutent une touche amusante et ludique \u00e0 tout d\u00e9cor de salle de bain.&nbsp;<\/p>\n<p>Commandez maintenant et am\u00e9liorez l&rsquo;exp\u00e9rience de bain de vos clients avec notre ensemble de bombes de bain Pavlova aux fraises. Contactez-nous pour passer votre commande et faire passer votre entreprise au niveau sup\u00e9rieur.&nbsp;<\/p>\n<p><strong><span style=\"color: rgb(141, 186, 216);\">Nos bombes de bain en gros \u00e0 prix de revente permettent de fournir facilement \u00e0 vos clients des produits de bain de la plus haute qualit\u00e9 \u00e0 un prix abordable.<\/span><\/strong><\/p>\n","protected":false},"excerpt":{"rendered":"<p>Vente en gros Bombe de bain Pavlova aux fraises Si vous recherchez un produit p\u00e9tillant pour le bain en gros de haute qualit\u00e9, qui a l&rsquo;air et sent bon, alors notre bombe de bain Pavlova aux fraises est parfaite pour vous.&nbsp; Avec un d\u00e9licieux parfum de fraises m\u00fbres et une texture moelleuse rappelant une pavlova [&hellip;]<\/p>\n","protected":false},"featured_media":290861,"comment_status":"closed","ping_status":"open","template":"","meta":{"_angie_page":false},"product_brand":[],"product_cat":[19443,26534,26846,25842],"product_tag":[],"class_list":{"0":"post-238916","1":"product","2":"type-product","3":"status-publish","4":"has-post-thumbnail","6":"product_cat-bain-et-corps","7":"product_cat-fraise","8":"product_cat-fruite","9":"product_cat-senteurs-aromes","10":"pa_collection-just-desserts-bath-bombs-200g-fr","11":"pa_made-in-royaume-uni","13":"first","14":"instock","15":"purchasable","16":"product-type-simple"},"supplier_id":null,"supplier_sku":"JDBB-02","barcode":null,"atum_controlled":true,"out_stock_date":null,"out_stock_threshold":null,"inheritable":false,"inbound_stock":null,"stock_on_hold":0,"sold_today":0,"sales_last_days":0,"reserved_stock":null,"customer_returns":null,"warehouse_damage":null,"lost_in_post":null,"other_logs":null,"out_stock_days":0,"lost_sales":0,"has_location":null,"update_date":"2026-04-27T07:10:05","atum_locations":[],"atum_stock_status":"instock","restock_status":false,"low_stock_amount":"","sales_update_date":"2026-01-30T01:26:34","calc_backorders":null,"_links":{"self":[{"href":"https:\/\/aromasentia.com\/fr\/wp-json\/wp\/v2\/product\/238916","targetHints":{"allow":["GET"]}}],"collection":[{"href":"https:\/\/aromasentia.com\/fr\/wp-json\/wp\/v2\/product"}],"about":[{"href":"https:\/\/aromasentia.com\/fr\/wp-json\/wp\/v2\/types\/product"}],"replies":[{"embeddable":true,"href":"https:\/\/aromasentia.com\/fr\/wp-json\/wp\/v2\/comments?post=238916"}],"version-history":[{"count":0,"href":"https:\/\/aromasentia.com\/fr\/wp-json\/wp\/v2\/product\/238916\/revisions"}],"wp:featuredmedia":[{"embeddable":true,"href":"https:\/\/aromasentia.com\/fr\/wp-json\/wp\/v2\/media\/290861"}],"wp:attachment":[{"href":"https:\/\/aromasentia.com\/fr\/wp-json\/wp\/v2\/media?parent=238916"}],"wp:term":[{"taxonomy":"product_brand","embeddable":true,"href":"https:\/\/aromasentia.com\/fr\/wp-json\/wp\/v2\/product_brand?post=238916"},{"taxonomy":"product_cat","embeddable":true,"href":"https:\/\/aromasentia.com\/fr\/wp-json\/wp\/v2\/product_cat?post=238916"},{"taxonomy":"product_tag","embeddable":true,"href":"https:\/\/aromasentia.com\/fr\/wp-json\/wp\/v2\/product_tag?post=238916"}],"curies":[{"name":"wp","href":"https:\/\/api.w.org\/{rel}","templated":true}]}}