{"id":238912,"date":"2025-03-20T17:27:41","date_gmt":"2025-03-20T17:27:41","guid":{"rendered":"https:\/\/aromasentia.com\/product\/angel-delight-blue-white\/"},"modified":"2025-06-23T19:08:25","modified_gmt":"2025-06-23T19:08:25","slug":"boules-de-bain-gourmandes-anges-bleu-et-blanc","status":"publish","type":"product","link":"https:\/\/aromasentia.com\/fr\/boules-de-bain-gourmandes-anges-bleu-et-blanc\/","title":{"rendered":"Boules de Bain gourmandes Anges &#8211; Bleu et blanc"},"content":{"rendered":"<p><strong><span style=\"color: rgb(84, 172, 210);\">Vente en gros Bombe De Bain Anges&nbsp;<\/span><\/strong><\/p>\n<p>Si vous recherchez un produit p\u00e9tillant pour le bain en gros de haute qualit\u00e9, qui a une belle apparence et une bonne odeur, notre bombe de bain Anges est parfaite pour vous.&nbsp;<\/p>\n<p>Ces bombes de bain sont infus\u00e9es d&rsquo;huiles essentielles et d&rsquo;ingr\u00e9dients doux pour la peau pour apaiser et nourrir la peau, la laissant douce et souple.&nbsp;<\/p>\n<p>Les bombes de bain Bleu &amp; Blanc poss\u00e8dent un m\u00e9lange unique de parfums qui transporteront vos clients dans une oasis de paix. Le doux parfum de myrtille se combine \u00e0 l\u2019ar\u00f4me rafra\u00eechissant de menthe poivr\u00e9e pour cr\u00e9er une exp\u00e9rience de bain vraiment indulgente. La combinaison paradisiaque de couleurs et de parfums permettra \u00e0 vos clients de se sentir choy\u00e9s et d\u00e9tendus.&nbsp;<\/p>\n<p>Notre ensemble de 16 bombes de bain Anges est parfait pour les boutiques de cadeaux, les spas et les boutiques. Elles sont pr\u00e9sent\u00e9es dans un emballage magnifiquement con&ccedil;u, ce qui en fait un excellent cadeau que vos clients pourront partager avec leurs proches. Commandez d\u00e8s aujourd\u2019hui notre coffret de bombes de bain Anges et offrez \u00e0 vos clients le cadeau de la d\u00e9tente.&nbsp;<\/p>\n<p><strong><span style=\"color: rgb(141, 186, 216);\">Contactez-nous maintenant pour passer votre commande et faire passer votre entreprise au niveau sup\u00e9rieur avec notre bombe de bain en gros pour produits de revente.<\/span><\/strong><\/p>\n","protected":false},"excerpt":{"rendered":"<p>Vente en gros Bombe De Bain Anges&nbsp; Si vous recherchez un produit p\u00e9tillant pour le bain en gros de haute qualit\u00e9, qui a une belle apparence et une bonne odeur, notre bombe de bain Anges est parfaite pour vous.&nbsp; Ces bombes de bain sont infus\u00e9es d&rsquo;huiles essentielles et d&rsquo;ingr\u00e9dients doux pour la peau pour apaiser [&hellip;]<\/p>\n","protected":false},"featured_media":290837,"comment_status":"closed","ping_status":"open","template":"","meta":[],"product_brand":[],"product_cat":[19443],"product_tag":[],"class_list":{"0":"post-238912","1":"product","2":"type-product","3":"status-publish","4":"has-post-thumbnail","6":"product_cat-bain-et-corps","7":"pa_collection-just-desserts-bath-bombs-200g-fr","8":"pa_made-in-royaume-uni","10":"first","11":"instock","12":"purchasable","13":"product-type-simple"},"supplier_id":null,"supplier_sku":"JDBB-01","barcode":null,"atum_controlled":true,"out_stock_date":null,"out_stock_threshold":null,"inheritable":false,"inbound_stock":null,"stock_on_hold":0,"sold_today":0,"sales_last_days":0,"reserved_stock":null,"customer_returns":null,"warehouse_damage":null,"lost_in_post":null,"other_logs":null,"out_stock_days":0,"lost_sales":0,"has_location":null,"update_date":"2026-02-11T03:22:16","atum_locations":[],"atum_stock_status":"instock","restock_status":false,"low_stock_amount":"","sales_update_date":"2026-01-30T01:24:55","calc_backorders":null,"_links":{"self":[{"href":"https:\/\/aromasentia.com\/fr\/wp-json\/wp\/v2\/product\/238912","targetHints":{"allow":["GET"]}}],"collection":[{"href":"https:\/\/aromasentia.com\/fr\/wp-json\/wp\/v2\/product"}],"about":[{"href":"https:\/\/aromasentia.com\/fr\/wp-json\/wp\/v2\/types\/product"}],"replies":[{"embeddable":true,"href":"https:\/\/aromasentia.com\/fr\/wp-json\/wp\/v2\/comments?post=238912"}],"version-history":[{"count":0,"href":"https:\/\/aromasentia.com\/fr\/wp-json\/wp\/v2\/product\/238912\/revisions"}],"wp:featuredmedia":[{"embeddable":true,"href":"https:\/\/aromasentia.com\/fr\/wp-json\/wp\/v2\/media\/290837"}],"wp:attachment":[{"href":"https:\/\/aromasentia.com\/fr\/wp-json\/wp\/v2\/media?parent=238912"}],"wp:term":[{"taxonomy":"product_brand","embeddable":true,"href":"https:\/\/aromasentia.com\/fr\/wp-json\/wp\/v2\/product_brand?post=238912"},{"taxonomy":"product_cat","embeddable":true,"href":"https:\/\/aromasentia.com\/fr\/wp-json\/wp\/v2\/product_cat?post=238912"},{"taxonomy":"product_tag","embeddable":true,"href":"https:\/\/aromasentia.com\/fr\/wp-json\/wp\/v2\/product_tag?post=238912"}],"curies":[{"name":"wp","href":"https:\/\/api.w.org\/{rel}","templated":true}]}}